{"id":44267,"date":"2021-08-31T16:12:57","date_gmt":"2021-08-31T14:12:57","guid":{"rendered":"https:\/\/lamaktaba.fr\/index.php\/produit\/les-affinites-de-lamour-le-collier-de-la-colombe-%d8%b7%d9%88%d9%82-%d8%a7%d9%84%d8%ad%d9%85%d8%a7%d9%85%d8%a9-ibn-hazm\/"},"modified":"2025-04-01T12:46:16","modified_gmt":"2025-04-01T10:46:16","slug":"les-affinites-de-amour-le-collier-de-la-colombe-ibn-hazm","status":"publish","type":"product","link":"https:\/\/lamaktaba.fr\/index.php\/produit\/les-affinites-de-amour-le-collier-de-la-colombe-ibn-hazm","title":{"rendered":"Les affinit\u00e9s de l&rsquo;Amour &#8211; Le collier de la Colombe &#8211; \u0637\u0648\u0642 \u0627\u0644\u062d\u0645\u0627\u0645\u0629 &#8211; Ibn Hazm"},"content":{"rendered":"<p>Il s&rsquo;agit d&rsquo;un v\u00e9ritable trait\u00e9 de l&rsquo;amour d\u00e9crivant ses causes<br \/>probl\u00e9matiques son apparence et son essence. Trente chapitres y sont consacr\u00e9s<br \/>d\u00e9peignant la nature de l&rsquo;amour, des personnes qui tombent amoureuses en r\u00eave<br \/>celles qui s&rsquo;\u00e9prennent sur simple description, celles qu&rsquo;enflamme un seul<br \/>regard, celles qui n&rsquo;aiment qu&rsquo;\u00e0 la longue&#8230;, les allusions par la parole, le<br \/>langage des yeux, l&rsquo;\u00e9change de correspondances, le messager, la garde du<br \/>secret, sa divulgation, la soumission, l&rsquo;insoumission, le censeur, l&rsquo;ami<br \/>secourable, le guetteur, le d\u00e9lateur, l&rsquo;union, l&rsquo;\u00e9vitement, la consommation<br \/>l&rsquo;oubli, la mort pour terminer sur la laideur du p\u00e9ch\u00e9 et les m\u00e9rites de la<br \/>continence.<\/p>\n","protected":false},"excerpt":{"rendered":"<p>Il s&rsquo;agit d&rsquo;un v\u00e9ritable trait\u00e9 de l&rsquo;amour d\u00e9crivant ses causesprobl\u00e9matiques son apparence et son essence. Trente chapitres y sont consacr\u00e9sd\u00e9peignant la nature de l&rsquo;amour, des personnes qui tombent amoureuses en r\u00eavecelles qui s&rsquo;\u00e9prennent sur simple description, celles qu&rsquo;enflamme un seulregard, celles qui n&rsquo;aiment qu&rsquo;\u00e0 la longue&#8230;, les allusions par la parole, lelangage des yeux, l&rsquo;\u00e9change [&hellip;]<\/p>\n","protected":false},"featured_media":44268,"comment_status":"closed","ping_status":"closed","template":"","meta":[],"product_brand":[],"product_cat":[1920,1916],"product_tag":[],"class_list":{"0":"post-44267","1":"product","2":"type-product","3":"status-publish","4":"has-post-thumbnail","6":"product_cat-mariage-et-famille","7":"product_cat-spiritualite","9":"first","10":"outofstock","11":"shipping-taxable","12":"purchasable","13":"product-type-simple"},"_links":{"self":[{"href":"https:\/\/lamaktaba.fr\/index.php\/wp-json\/wp\/v2\/product\/44267","targetHints":{"allow":["GET"]}}],"collection":[{"href":"https:\/\/lamaktaba.fr\/index.php\/wp-json\/wp\/v2\/product"}],"about":[{"href":"https:\/\/lamaktaba.fr\/index.php\/wp-json\/wp\/v2\/types\/product"}],"replies":[{"embeddable":true,"href":"https:\/\/lamaktaba.fr\/index.php\/wp-json\/wp\/v2\/comments?post=44267"}],"wp:featuredmedia":[{"embeddable":true,"href":"https:\/\/lamaktaba.fr\/index.php\/wp-json\/wp\/v2\/media\/44268"}],"wp:attachment":[{"href":"https:\/\/lamaktaba.fr\/index.php\/wp-json\/wp\/v2\/media?parent=44267"}],"wp:term":[{"taxonomy":"product_brand","embeddable":true,"href":"https:\/\/lamaktaba.fr\/index.php\/wp-json\/wp\/v2\/product_brand?post=44267"},{"taxonomy":"product_cat","embeddable":true,"href":"https:\/\/lamaktaba.fr\/index.php\/wp-json\/wp\/v2\/product_cat?post=44267"},{"taxonomy":"product_tag","embeddable":true,"href":"https:\/\/lamaktaba.fr\/index.php\/wp-json\/wp\/v2\/product_tag?post=44267"}],"curies":[{"name":"wp","href":"https:\/\/api.w.org\/{rel}","templated":true}]}}