{"id":44253,"date":"2021-08-31T16:12:19","date_gmt":"2021-08-31T14:12:19","guid":{"rendered":"https:\/\/lamaktaba.fr\/index.php\/produit\/un-hommage-au-prophete-mohammed\/"},"modified":"2025-04-01T12:45:11","modified_gmt":"2025-04-01T10:45:11","slug":"un-hommage-au-prophete-mohammed","status":"publish","type":"product","link":"https:\/\/lamaktaba.fr\/index.php\/produit\/un-hommage-au-prophete-mohammed","title":{"rendered":"Un hommage au Prophete Mohammed"},"content":{"rendered":"<p>Un \u00ab hommage \u00bb est ce qui est le plus n\u00e9cessaire aujourd&rsquo;hui. Outre d&rsquo;autres soucis et craintes, la tristement c\u00e9l\u00e8bre \u00ab crise des caricatures \u00bb a fourni un exemple dramatique de l&rsquo;ampleur avec laquelle une image peut \u00eatre d\u00e9truite, corrompue et diffus\u00e9e de par le monde. S&rsquo;il est inconcevable d&rsquo;\u00eatre en faveur des manifestations violentes et des destructions de biens. il est tout aussi inconcevable d&rsquo;\u00eatre en faveur de l&rsquo;indiff\u00e9rence arrogante de certains cercles \u00e0 l&rsquo;\u00e9gard des sensibilit\u00e9s des musulmans et de ce qu&rsquo;ils tiennent pour sacr\u00e9s. La tension entre les attitudes irrespectueuses et les r\u00e9actions incontr\u00f4l\u00e9es d\u00e9nigre clans une plus grande mesure les concepts et les personnalit\u00e9s que les soci\u00e9t\u00e9s respectent. Cet ouvrage est d\u00e9di\u00e9 \u00e0 la m\u00e9moire b\u00e9nie du Proph\u00e8te Mohammed. Des articles \u00e9crits par des savants des quatre coins de la plan\u00e8te discutent de diff\u00e9rents aspects du Proph\u00e8te et essaient de nous pr\u00e9senter une image vraie, une image qui n&rsquo;est pas appr\u00e9ci\u00e9e comme elle se doit dans le monde actuel. Nous esp\u00e9rons qu&rsquo;ils contribueront \u00e0 une meilleure compr\u00e9hension mutuelle et \u00e0 un \u00e9clairement intellectuel.<br \/>Th\u00e8mes trait\u00e9s dans ce livre<br \/>Le Proph\u00e8te Mohammed: Une courte Biographie<br \/>La Naissance B\u00e9nie<br \/>De la Perfection du Proph\u00e8te<br \/>La Perle Incomparable<br \/>La Gestion du Temps dans la Vie du Proph\u00e8te<br \/>L\u2019Ascension du Saint Proph\u00e8te<br \/>Mohammed et J\u00e9sus &#8211; Deux Grands Proph\u00e8tes de Dieu<br \/>Comment Comprendre Aujourd&rsquo;hui le Message du Proph\u00e8te<br \/>Une Mis\u00e9ricorde pour l&rsquo;Humanit\u00e9: Le Proph\u00e8te Mohammed<br \/>Le Po\u00e8me le plus Couramment R\u00e9cit\u00e9 au Monde: Le MevUdiCherif<br \/>L\u2019Amour du Proph\u00e8te Mohammed pour les enfants<br \/>Le Message Universel du Proph\u00e8te<br \/>Le Sermon d&rsquo;Adieu du Proph\u00e8te Mohammed<br \/>Louanges au Proph\u00e8te<br \/>\u00ab La Fiert\u00e9 de l&rsquo;Humanit\u00e9 \u00bb \u00e0 la Lumi\u00e8re du Saint Coran et des Hadiths<br \/>La Ros\u00e9 de M\u00e9dine<br \/>Perles de Sagesse<br \/>Marque -DU NIL Editions R\u00e9f\u00e9rence 9789752782587<br \/>Fiche technique AUTEUR: &#8211; Hakan Kosova ANNEE: &#8211; 2011 SUPPORT: &#8211; Livre THEME: &#8211; La Vie du Prophete (sbdl) &#038; Histoire de L&rsquo;Islam \u00c9DITIONS: &#8211; Editions du Nil Nombre de Pages: &#8211; 128 EAN13: &#8211; 9789752782587<br \/>Nombre de Volume: &#8211; 1<br \/>R\u00e9f\u00e9rences sp\u00e9cifiques<br \/>Donnez votre avis<br \/>Aucun commentaire pour le moment<\/p>\n","protected":false},"excerpt":{"rendered":"<p>Un \u00ab hommage \u00bb est ce qui est le plus n\u00e9cessaire aujourd&rsquo;hui. Outre d&rsquo;autres soucis et craintes, la tristement c\u00e9l\u00e8bre \u00ab crise des caricatures \u00bb a fourni un exemple dramatique de l&rsquo;ampleur avec laquelle une image peut \u00eatre d\u00e9truite, corrompue et diffus\u00e9e de par le monde. S&rsquo;il est inconcevable d&rsquo;\u00eatre en faveur des manifestations violentes [&hellip;]<\/p>\n","protected":false},"featured_media":44254,"comment_status":"open","ping_status":"closed","template":"","meta":[],"product_brand":[],"product_cat":[15],"product_tag":[],"class_list":{"0":"post-44253","1":"product","2":"type-product","3":"status-publish","4":"has-post-thumbnail","6":"product_cat-non-classe","8":"first","9":"instock","10":"shipping-taxable","11":"purchasable","12":"product-type-simple"},"_links":{"self":[{"href":"https:\/\/lamaktaba.fr\/index.php\/wp-json\/wp\/v2\/product\/44253","targetHints":{"allow":["GET"]}}],"collection":[{"href":"https:\/\/lamaktaba.fr\/index.php\/wp-json\/wp\/v2\/product"}],"about":[{"href":"https:\/\/lamaktaba.fr\/index.php\/wp-json\/wp\/v2\/types\/product"}],"replies":[{"embeddable":true,"href":"https:\/\/lamaktaba.fr\/index.php\/wp-json\/wp\/v2\/comments?post=44253"}],"wp:featuredmedia":[{"embeddable":true,"href":"https:\/\/lamaktaba.fr\/index.php\/wp-json\/wp\/v2\/media\/44254"}],"wp:attachment":[{"href":"https:\/\/lamaktaba.fr\/index.php\/wp-json\/wp\/v2\/media?parent=44253"}],"wp:term":[{"taxonomy":"product_brand","embeddable":true,"href":"https:\/\/lamaktaba.fr\/index.php\/wp-json\/wp\/v2\/product_brand?post=44253"},{"taxonomy":"product_cat","embeddable":true,"href":"https:\/\/lamaktaba.fr\/index.php\/wp-json\/wp\/v2\/product_cat?post=44253"},{"taxonomy":"product_tag","embeddable":true,"href":"https:\/\/lamaktaba.fr\/index.php\/wp-json\/wp\/v2\/product_tag?post=44253"}],"curies":[{"name":"wp","href":"https:\/\/api.w.org\/{rel}","templated":true}]}}