{"id":44251,"date":"2021-08-31T16:12:17","date_gmt":"2021-08-31T14:12:17","guid":{"rendered":"https:\/\/lamaktaba.fr\/index.php\/produit\/laube-de-lislam-dapres-dr-abd-esh-shafi\/"},"modified":"2025-04-01T12:46:19","modified_gmt":"2025-04-01T10:46:19","slug":"laube-de-lislam-dapres-dr-abd-esh-shafi","status":"publish","type":"product","link":"https:\/\/lamaktaba.fr\/index.php\/produit\/laube-de-lislam-dapres-dr-abd-esh-shafi","title":{"rendered":"L&rsquo;aube de l&rsquo;islam d&rsquo;apr\u00e8s Dr Abd Esh-Sh\u00e2fi"},"content":{"rendered":"<p>L&rsquo;aube de l&rsquo;islam<br \/>Ce livre traite des premiers temps de l&rsquo;histoire islamique, apr\u00e8s l&rsquo;av\u00e8nement de l&rsquo;islam au septi\u00e8me si\u00e8cle de l&rsquo;\u00e8re chr\u00e9tienne. Cet ouvrage nous fournit une indispensable information concernant le proph\u00e8te muhammad (saws), qui a transmis \u00e0 l&rsquo;unanimit\u00e9 le noble Message Divin descendu des Cieux. Il nous fournit une indispensable information concernant le Proph\u00e8te (SWS) qui a transmis \u00e0 l&rsquo;humanit\u00e9 le noble Message Divin descendu des Cieux.<br \/>La p\u00e9riode correspondant aux quatre premiers Califats est \u00e9galement abord\u00e9e, de fa\u00e7on exhaustive.<br \/>C&rsquo;est cette p\u00e9riode qui constitua r\u00e9ellement le pilier sur lequel repos\u00e8rent les brillants d\u00e9veloppements des si\u00e8cles suivants, et qui permirent \u00e0 la civilisation Islamique d&rsquo;influer de fa\u00e7on d\u00e9cisive sur la marche du monde connu de l&rsquo;\u00e9poque pendant plusieurs centaines d&rsquo;ann\u00e9es.<\/p>\n","protected":false},"excerpt":{"rendered":"<p>L&rsquo;aube de l&rsquo;islamCe livre traite des premiers temps de l&rsquo;histoire islamique, apr\u00e8s l&rsquo;av\u00e8nement de l&rsquo;islam au septi\u00e8me si\u00e8cle de l&rsquo;\u00e8re chr\u00e9tienne. Cet ouvrage nous fournit une indispensable information concernant le proph\u00e8te muhammad (saws), qui a transmis \u00e0 l&rsquo;unanimit\u00e9 le noble Message Divin descendu des Cieux. Il nous fournit une indispensable information concernant le Proph\u00e8te (SWS) [&hellip;]<\/p>\n","protected":false},"featured_media":44252,"comment_status":"open","ping_status":"closed","template":"","meta":[],"product_brand":[],"product_cat":[1894,1895,1896,1897],"product_tag":[],"class_list":{"0":"post-44251","1":"product","2":"type-product","3":"status-publish","4":"has-post-thumbnail","6":"product_cat-histoires","7":"product_cat-les-prophetes","8":"product_cat-sounna-du-prophete","9":"product_cat-vie-du-prophete-saw","11":"first","12":"outofstock","13":"shipping-taxable","14":"purchasable","15":"product-type-simple"},"_links":{"self":[{"href":"https:\/\/lamaktaba.fr\/index.php\/wp-json\/wp\/v2\/product\/44251","targetHints":{"allow":["GET"]}}],"collection":[{"href":"https:\/\/lamaktaba.fr\/index.php\/wp-json\/wp\/v2\/product"}],"about":[{"href":"https:\/\/lamaktaba.fr\/index.php\/wp-json\/wp\/v2\/types\/product"}],"replies":[{"embeddable":true,"href":"https:\/\/lamaktaba.fr\/index.php\/wp-json\/wp\/v2\/comments?post=44251"}],"wp:featuredmedia":[{"embeddable":true,"href":"https:\/\/lamaktaba.fr\/index.php\/wp-json\/wp\/v2\/media\/44252"}],"wp:attachment":[{"href":"https:\/\/lamaktaba.fr\/index.php\/wp-json\/wp\/v2\/media?parent=44251"}],"wp:term":[{"taxonomy":"product_brand","embeddable":true,"href":"https:\/\/lamaktaba.fr\/index.php\/wp-json\/wp\/v2\/product_brand?post=44251"},{"taxonomy":"product_cat","embeddable":true,"href":"https:\/\/lamaktaba.fr\/index.php\/wp-json\/wp\/v2\/product_cat?post=44251"},{"taxonomy":"product_tag","embeddable":true,"href":"https:\/\/lamaktaba.fr\/index.php\/wp-json\/wp\/v2\/product_tag?post=44251"}],"curies":[{"name":"wp","href":"https:\/\/api.w.org\/{rel}","templated":true}]}}