{"id":44249,"date":"2021-08-31T16:12:15","date_gmt":"2021-08-31T14:12:15","guid":{"rendered":"https:\/\/lamaktaba.fr\/index.php\/produit\/questions-reponses-sur-la-biographie-du-prophete-mohammed-testez-vos-connaissances-khalil-temmar\/"},"modified":"2025-04-01T12:44:37","modified_gmt":"2025-04-01T10:44:37","slug":"questions-reponses-sur-la-biographie-du-prophete-mohammed-testez-vos-connaissances-khalil-temmar","status":"publish","type":"product","link":"https:\/\/lamaktaba.fr\/index.php\/produit\/questions-reponses-sur-la-biographie-du-prophete-mohammed-testez-vos-connaissances-khalil-temmar","title":{"rendered":"Questions &#038; R\u00e9ponses sur la Biographie du Proph\u00e8te Mohammed &#8211; Testez vos connaissances &#8211; Khalil Temmar"},"content":{"rendered":"<p>Questions &#038; R\u00e9ponses sur la biographie du Proph\u00e8te Mohammad (pbsl) &#8211; Testez vos connaissances !<br \/>Ce livre est d\u00e9di\u00e9 \u00e0 l&rsquo;\u00e9tude de la biographie du Proph\u00e8te Mohammed (pbsl) par la m\u00e9thode des Questions\/R\u00e9ponses.Ce moyen ludique et efficace d&rsquo;apprentissage permet d&rsquo;acqu\u00e9rir les connaissances sans d\u00e9ployer les efforts inh\u00e9rents \u00e0 la recherche et \u00e0 la documentation.<br \/>La vie du Proph\u00e8te (pbsl) \u00e9tant dense et riche, l&rsquo;auteur s&rsquo;est volontairement limit\u00e9 aux faits marquants et \u00e9v\u00e9nements importants qui permettent n\u00e9anmoins de donner une vision claire de la vie et de la personnalit\u00e9 du Messager de Dieu.<br \/>Destin\u00e9 \u00e0 un usage aussi bien individuel que collectif, ce livre est un outil pratique et divertissant pour tester et enrichir ses connaissances, son caract\u00e8re ludique en fait un parfait compl\u00e9ment aux biographies classiques du Proph\u00e8te (pbsl).<\/p>\n","protected":false},"excerpt":{"rendered":"<p>Questions &#038; R\u00e9ponses sur la biographie du Proph\u00e8te Mohammad (pbsl) &#8211; Testez vos connaissances !Ce livre est d\u00e9di\u00e9 \u00e0 l&rsquo;\u00e9tude de la biographie du Proph\u00e8te Mohammed (pbsl) par la m\u00e9thode des Questions\/R\u00e9ponses.Ce moyen ludique et efficace d&rsquo;apprentissage permet d&rsquo;acqu\u00e9rir les connaissances sans d\u00e9ployer les efforts inh\u00e9rents \u00e0 la recherche et \u00e0 la documentation.La vie du [&hellip;]<\/p>\n","protected":false},"featured_media":44250,"comment_status":"open","ping_status":"closed","template":"","meta":[],"product_brand":[],"product_cat":[1939,1896,1897],"product_tag":[],"class_list":{"0":"post-44249","1":"product","2":"type-product","3":"status-publish","4":"has-post-thumbnail","6":"product_cat-revues-et-guides","7":"product_cat-sounna-du-prophete","8":"product_cat-vie-du-prophete-saw","10":"first","11":"outofstock","12":"shipping-taxable","13":"purchasable","14":"product-type-simple"},"_links":{"self":[{"href":"https:\/\/lamaktaba.fr\/index.php\/wp-json\/wp\/v2\/product\/44249","targetHints":{"allow":["GET"]}}],"collection":[{"href":"https:\/\/lamaktaba.fr\/index.php\/wp-json\/wp\/v2\/product"}],"about":[{"href":"https:\/\/lamaktaba.fr\/index.php\/wp-json\/wp\/v2\/types\/product"}],"replies":[{"embeddable":true,"href":"https:\/\/lamaktaba.fr\/index.php\/wp-json\/wp\/v2\/comments?post=44249"}],"wp:featuredmedia":[{"embeddable":true,"href":"https:\/\/lamaktaba.fr\/index.php\/wp-json\/wp\/v2\/media\/44250"}],"wp:attachment":[{"href":"https:\/\/lamaktaba.fr\/index.php\/wp-json\/wp\/v2\/media?parent=44249"}],"wp:term":[{"taxonomy":"product_brand","embeddable":true,"href":"https:\/\/lamaktaba.fr\/index.php\/wp-json\/wp\/v2\/product_brand?post=44249"},{"taxonomy":"product_cat","embeddable":true,"href":"https:\/\/lamaktaba.fr\/index.php\/wp-json\/wp\/v2\/product_cat?post=44249"},{"taxonomy":"product_tag","embeddable":true,"href":"https:\/\/lamaktaba.fr\/index.php\/wp-json\/wp\/v2\/product_tag?post=44249"}],"curies":[{"name":"wp","href":"https:\/\/api.w.org\/{rel}","templated":true}]}}