{"id":44236,"date":"2021-08-31T16:11:52","date_gmt":"2021-08-31T14:11:52","guid":{"rendered":"https:\/\/lamaktaba.fr\/index.php\/produit\/grammaire-elementaire-de-larabe-al-ajurrumiya-ibn-ajurrum\/"},"modified":"2025-04-01T12:45:06","modified_gmt":"2025-04-01T10:45:06","slug":"grammaire-elementaire-de-larabe-al-ajurrumiya-ibn-ajurrum","status":"publish","type":"product","link":"https:\/\/lamaktaba.fr\/index.php\/produit\/grammaire-elementaire-de-larabe-al-ajurrumiya-ibn-ajurrum","title":{"rendered":"Grammaire El\u00e9mentaire de l&rsquo;Arabe, Al-Ajurr\u00fbmiya &#8211; Ibn Ajurr\u00fcm"},"content":{"rendered":"<p>La Ajurr\u00fbmiya est un livre de grammaire arabe qui traite essentiellement de la syntaxe, autrement dit, des rapports qui existent entre les diff\u00e9rentes fonctions syntaxiques. Bien que cet opuscule soit destin\u00e9 aux \u00e9l\u00e8ves de cours \u00e9l\u00e9mentaires, il n\u00e9cessite n\u00e9anmoins quelques explications. C&rsquo;est pourquoi, apr\u00e8s l&rsquo;avoir traduit vers le fran\u00e7ais, nous l&rsquo;avons enrichi de notes explicatives et d&rsquo;exemples d&rsquo;illustration afin d&rsquo;en rendre l&rsquo;approche plus ais\u00e9e.<\/p>\n","protected":false},"excerpt":{"rendered":"<p>La Ajurr\u00fbmiya est un livre de grammaire arabe qui traite essentiellement de la syntaxe, autrement dit, des rapports qui existent entre les diff\u00e9rentes fonctions syntaxiques. Bien que cet opuscule soit destin\u00e9 aux \u00e9l\u00e8ves de cours \u00e9l\u00e9mentaires, il n\u00e9cessite n\u00e9anmoins quelques explications. C&rsquo;est pourquoi, apr\u00e8s l&rsquo;avoir traduit vers le fran\u00e7ais, nous l&rsquo;avons enrichi de notes explicatives [&hellip;]<\/p>\n","protected":false},"featured_media":44237,"comment_status":"open","ping_status":"closed","template":"","meta":[],"product_brand":[],"product_cat":[1914],"product_tag":[],"class_list":{"0":"post-44236","1":"product","2":"type-product","3":"status-publish","4":"has-post-thumbnail","6":"product_cat-apprentissage-arabe","8":"first","9":"instock","10":"shipping-taxable","11":"purchasable","12":"product-type-simple"},"_links":{"self":[{"href":"https:\/\/lamaktaba.fr\/index.php\/wp-json\/wp\/v2\/product\/44236","targetHints":{"allow":["GET"]}}],"collection":[{"href":"https:\/\/lamaktaba.fr\/index.php\/wp-json\/wp\/v2\/product"}],"about":[{"href":"https:\/\/lamaktaba.fr\/index.php\/wp-json\/wp\/v2\/types\/product"}],"replies":[{"embeddable":true,"href":"https:\/\/lamaktaba.fr\/index.php\/wp-json\/wp\/v2\/comments?post=44236"}],"wp:featuredmedia":[{"embeddable":true,"href":"https:\/\/lamaktaba.fr\/index.php\/wp-json\/wp\/v2\/media\/44237"}],"wp:attachment":[{"href":"https:\/\/lamaktaba.fr\/index.php\/wp-json\/wp\/v2\/media?parent=44236"}],"wp:term":[{"taxonomy":"product_brand","embeddable":true,"href":"https:\/\/lamaktaba.fr\/index.php\/wp-json\/wp\/v2\/product_brand?post=44236"},{"taxonomy":"product_cat","embeddable":true,"href":"https:\/\/lamaktaba.fr\/index.php\/wp-json\/wp\/v2\/product_cat?post=44236"},{"taxonomy":"product_tag","embeddable":true,"href":"https:\/\/lamaktaba.fr\/index.php\/wp-json\/wp\/v2\/product_tag?post=44236"}],"curies":[{"name":"wp","href":"https:\/\/api.w.org\/{rel}","templated":true}]}}