{"id":44230,"date":"2021-08-31T16:11:25","date_gmt":"2021-08-31T14:11:25","guid":{"rendered":"https:\/\/lamaktaba.fr\/index.php\/produit\/faire-aimer-la-priere-a-nos-enfants-mohamed-karimi-abo-omar-lkhaldi\/"},"modified":"2025-04-01T12:44:32","modified_gmt":"2025-04-01T10:44:32","slug":"faire-aimer-la-priere-a-nos-enfants-mohamed-karimi-abo-omar-lkhaldi","status":"publish","type":"product","link":"https:\/\/lamaktaba.fr\/index.php\/produit\/faire-aimer-la-priere-a-nos-enfants-mohamed-karimi-abo-omar-lkhaldi","title":{"rendered":"Faire aimer la pri\u00e8re \u00e0 nos enfants &#8211; Mohamed Karimi &#8211; Abo Omar Lkhaldi"},"content":{"rendered":"<p>Cet opuscule d&rsquo;adresse aux p\u00e8res, aux m\u00e8res et \u00e0 ceux qui se chargent de l&rsquo;\u00e9ducation des enfants. Nous y avons r\u00e9uni un floril\u00e8ge de recherches, d&rsquo;articles et d\u2019exp\u00e9riences qui les aideront -par la volont\u00e9 d&rsquo;Allah- \u00e0 initier leurs enfants \u00e0 aimer la pri\u00e8re et \u00e0 l&rsquo;accomplir assid\u00fbment. En effet, nos enfant sont nos c\u0153urs qui cheminent sur terre et la pri\u00e8re est le squelette de la religion. Sans la pri\u00e8re, toue la structure de le religion s\u2019\u00e9croule. Il est tr\u00e8s important d\u2019insister \u00e9galement sur le c\u0153ur dans leur \u00e9ducation culturelle. C&rsquo;est d&rsquo;ailleurs pour cette raison que nous avons consacr\u00e9 un chapitre entier au recueillement dans la pri\u00e8re.<br \/>Chaque parent remarquera qu&rsquo;un enfant est unique, malgr\u00e9 une \u00e9ducation parentale identique et un m\u00eame environnement, et il a donc besoin de situation pratiques adaptables au caract\u00e8re, aux aspiration et \u00e0 la volont\u00e9 de son enfant. C&rsquo;est pourquoi nous avons r\u00e9serv\u00e9 une deuxi\u00e8me partie aux exp\u00e9riences de parents dans l&rsquo;\u00e9ducation de leurs enfant \u00e0 la pri\u00e8re.<br \/>Chacun pourra ainsi y trouver les cl\u00e9s qui l&rsquo;aideront \u00e0 partager cette p\u00e9riode de la vie de son enfant avec qui\u00e9tude, amour d&rsquo;Allah et de la pri\u00e8re.<br \/>Pour \u00e9viter toute prolixit\u00e9 et transformer l&rsquo;initiation de l&rsquo;enfant \u00e0 la pri\u00e8re en un entra\u00eenement amusant aussi bien pour celui-ci que pour ses parents, au lieu d&rsquo;\u00eatre une charge lourde et une op\u00e9ration p\u00e9nible, voire une querelle permanente, nous avons \u00e9maill\u00e9 notre livre de questions accompagn\u00e9es de r\u00e9ponses pratiques. Le but de celui-ci est de faire aimer la pri\u00e8re aux enfants, de sorte qu&rsquo;ils ne puissent plus s&rsquo;en passer et que lorsqu&rsquo;ils seront adolescents, ils ne l&rsquo;abandonnent pas, contrairement \u00e0 ce qui se passe souvent malheureusement. En d&rsquo;autre termes, le but de ce livre est de r\u00e9aliser sur le terrain la parole suivante d&rsquo;Allah: [ La pri\u00e8re pr\u00e9serve des turpitudes et des actes bl\u00e2mables].<\/p>\n","protected":false},"excerpt":{"rendered":"<p>Cet opuscule d&rsquo;adresse aux p\u00e8res, aux m\u00e8res et \u00e0 ceux qui se chargent de l&rsquo;\u00e9ducation des enfants. Nous y avons r\u00e9uni un floril\u00e8ge de recherches, d&rsquo;articles et d\u2019exp\u00e9riences qui les aideront -par la volont\u00e9 d&rsquo;Allah- \u00e0 initier leurs enfants \u00e0 aimer la pri\u00e8re et \u00e0 l&rsquo;accomplir assid\u00fbment. En effet, nos enfant sont nos c\u0153urs qui [&hellip;]<\/p>\n","protected":false},"featured_media":44231,"comment_status":"open","ping_status":"closed","template":"","meta":[],"product_brand":[],"product_cat":[1910,1925],"product_tag":[],"class_list":{"0":"post-44230","1":"product","2":"type-product","3":"status-publish","4":"has-post-thumbnail","6":"product_cat-education","7":"product_cat-education-des-enfants","9":"first","10":"instock","11":"shipping-taxable","12":"purchasable","13":"product-type-simple"},"_links":{"self":[{"href":"https:\/\/lamaktaba.fr\/index.php\/wp-json\/wp\/v2\/product\/44230","targetHints":{"allow":["GET"]}}],"collection":[{"href":"https:\/\/lamaktaba.fr\/index.php\/wp-json\/wp\/v2\/product"}],"about":[{"href":"https:\/\/lamaktaba.fr\/index.php\/wp-json\/wp\/v2\/types\/product"}],"replies":[{"embeddable":true,"href":"https:\/\/lamaktaba.fr\/index.php\/wp-json\/wp\/v2\/comments?post=44230"}],"wp:featuredmedia":[{"embeddable":true,"href":"https:\/\/lamaktaba.fr\/index.php\/wp-json\/wp\/v2\/media\/44231"}],"wp:attachment":[{"href":"https:\/\/lamaktaba.fr\/index.php\/wp-json\/wp\/v2\/media?parent=44230"}],"wp:term":[{"taxonomy":"product_brand","embeddable":true,"href":"https:\/\/lamaktaba.fr\/index.php\/wp-json\/wp\/v2\/product_brand?post=44230"},{"taxonomy":"product_cat","embeddable":true,"href":"https:\/\/lamaktaba.fr\/index.php\/wp-json\/wp\/v2\/product_cat?post=44230"},{"taxonomy":"product_tag","embeddable":true,"href":"https:\/\/lamaktaba.fr\/index.php\/wp-json\/wp\/v2\/product_tag?post=44230"}],"curies":[{"name":"wp","href":"https:\/\/api.w.org\/{rel}","templated":true}]}}