{"id":44227,"date":"2021-08-31T16:11:12","date_gmt":"2021-08-31T14:11:12","guid":{"rendered":"https:\/\/lamaktaba.fr\/index.php\/produit\/les-invocations-formulees-apres-la-priere-%d8%a7%d9%84%d8%a3%d8%af%d8%b9%d9%8a%d8%a9-%d8%a8%d8%b9%d8%af-%d8%a7%d9%84%d8%b5%d9%84%d8%a7%d8%a9-abderrazak-mahri\/"},"modified":"2025-04-01T12:44:32","modified_gmt":"2025-04-01T10:44:32","slug":"les-invocations-formulees-apres-la-priere-abderrazak-mahri","status":"publish","type":"product","link":"https:\/\/lamaktaba.fr\/index.php\/produit\/les-invocations-formulees-apres-la-priere-abderrazak-mahri","title":{"rendered":"Les invocations formul\u00e9es apr\u00e8s la pri\u00e8re &#8211; \u0627\u0644\u0623\u062f\u0639\u064a\u0629 \u0628\u0639\u062f \u0627\u0644\u0635\u0644\u0627\u0629 &#8211; Abderrazak Mahri"},"content":{"rendered":"<p>Le dhikr est un feu. S&rsquo;il entre dans une demeure, il dit: C&rsquo;est moi, non un autre ! S&rsquo;il y trouve du bois, il le br\u00fble, s&rsquo;il y trouve des t\u00e9n\u00e8bres, il les change en lumi\u00e8re, s&rsquo;il y trouve de la lumi\u00e8re, il y met lumi\u00e8re sur lumi\u00e8re<\/p>\n","protected":false},"excerpt":{"rendered":"<p>Le dhikr est un feu. S&rsquo;il entre dans une demeure, il dit: C&rsquo;est moi, non un autre ! S&rsquo;il y trouve du bois, il le br\u00fble, s&rsquo;il y trouve des t\u00e9n\u00e8bres, il les change en lumi\u00e8re, s&rsquo;il y trouve de la lumi\u00e8re, il y met lumi\u00e8re sur lumi\u00e8re<\/p>\n","protected":false},"featured_media":44228,"comment_status":"open","ping_status":"closed","template":"","meta":[],"product_brand":[],"product_cat":[1901],"product_tag":[],"class_list":{"0":"post-44227","1":"product","2":"type-product","3":"status-publish","4":"has-post-thumbnail","6":"product_cat-invocations-douaa","8":"first","9":"instock","10":"shipping-taxable","11":"purchasable","12":"product-type-simple"},"_links":{"self":[{"href":"https:\/\/lamaktaba.fr\/index.php\/wp-json\/wp\/v2\/product\/44227","targetHints":{"allow":["GET"]}}],"collection":[{"href":"https:\/\/lamaktaba.fr\/index.php\/wp-json\/wp\/v2\/product"}],"about":[{"href":"https:\/\/lamaktaba.fr\/index.php\/wp-json\/wp\/v2\/types\/product"}],"replies":[{"embeddable":true,"href":"https:\/\/lamaktaba.fr\/index.php\/wp-json\/wp\/v2\/comments?post=44227"}],"wp:featuredmedia":[{"embeddable":true,"href":"https:\/\/lamaktaba.fr\/index.php\/wp-json\/wp\/v2\/media\/44228"}],"wp:attachment":[{"href":"https:\/\/lamaktaba.fr\/index.php\/wp-json\/wp\/v2\/media?parent=44227"}],"wp:term":[{"taxonomy":"product_brand","embeddable":true,"href":"https:\/\/lamaktaba.fr\/index.php\/wp-json\/wp\/v2\/product_brand?post=44227"},{"taxonomy":"product_cat","embeddable":true,"href":"https:\/\/lamaktaba.fr\/index.php\/wp-json\/wp\/v2\/product_cat?post=44227"},{"taxonomy":"product_tag","embeddable":true,"href":"https:\/\/lamaktaba.fr\/index.php\/wp-json\/wp\/v2\/product_tag?post=44227"}],"curies":[{"name":"wp","href":"https:\/\/api.w.org\/{rel}","templated":true}]}}