{"id":44222,"date":"2021-08-31T16:11:05","date_gmt":"2021-08-31T14:11:05","guid":{"rendered":"https:\/\/lamaktaba.fr\/index.php\/produit\/le-saint-coran-chapitre-amma-jouz-amma-francais-arabe-phonetique-couverture-blanche-doree-2\/"},"modified":"2025-04-01T12:43:08","modified_gmt":"2025-04-01T10:43:08","slug":"le-saint-coran-chapitre-amma-jouz-amma-francais-arabe-phonetique-couverture-blanche-doree-2","status":"publish","type":"product","link":"https:\/\/lamaktaba.fr\/index.php\/produit\/le-saint-coran-chapitre-amma-jouz-amma-francais-arabe-phonetique-couverture-blanche-doree-2","title":{"rendered":"Le Saint Coran &#8211; Chapitre Amma (Jouz&rsquo; &lsquo;Amm\u00e2) fran\u00e7ais-arabe-phon\u00e9tique &#8211; Couverture blanche dor\u00e9e"},"content":{"rendered":"<p>Le Coran, Al-Qur\u2019\u00e2n, signifiant \u00ab la r\u00e9citation \u00bb, constitue le texte sacr\u00e9 de l\u2019islam qui correspond \u00e0 la Parole divine r\u00e9v\u00e9l\u00e9e au Proph\u00e8te Muhammad (PBDSL), le meilleur des hommes. Il est \u00e9galement le pilier sur lequel reposent la pri\u00e8re du musulman, son comportement et toute sa vie.<br \/>\nLe Coran est divis\u00e9 en trente Juz\u2019 (Ajz\u00e2\u2019 au pluriel), pour sa r\u00e9citation en un mois.<br \/>\nJuz\u2019 \u2018Amma est la trenti\u00e8me partie du Coran et la plus courante. Il commence \u00e0 la 78\u00e8me Sourate (An-Naba\u2019) et prend fin \u00e0 la 114\u00e8me (An-N\u00e2s), il regroupe donc les Sourates les plus courtes du Coran.<br \/>\nSon appellation \u00ab \u2018Amma \u00bb revient au 1er mot de la Sourate 78 (An-Naba\u2019) qui d\u00e9bute par: \u2018Amma (\u0639\u064e\u0645\u0651\u064e). Toutes ces sourates ont \u00e9t\u00e9 r\u00e9v\u00e9l\u00e9es durant la p\u00e9riode mecquoise. Ces sourates sont donc dites \u00ab\u00a0mecquoises\u00a0\u00bb contrairement aux sourates m\u00e9dinoises qui ont \u00e9t\u00e9 r\u00e9v\u00e9l\u00e9es apr\u00e8s l&rsquo;\u00e9migration du proph\u00e8te \u00e0 M\u00e9dine.<br \/>\nAt-Tajw\u00eed signifie litt\u00e9ralement \u00ab l\u2019embellissement \u00bb. Techniquement, c\u2019est la science qui vise \u00e0 faire une lecture psalmodi\u00e9e du Coran, conform\u00e9ment \u00e0 la r\u00e9citation des premiers musulmans, en respectant la bonne prononciation de chaque lettre en observant scrupuleusement son point de sortie (Makhraj), ses attributs (Sif\u00e2t), et sa voyelle.<br \/>\nCe livre que nous vous proposons regroupe ces pr\u00e9cieuses Sourates ainsi que celle d\u2019Al-F\u00e2tiha et le verset du Tr\u00f4ne (\u00c2yat Al-Kurs\u00ee). Aussi, on retrouve leurs traductions et leurs transcriptions phon\u00e9tiques suivant les r\u00e8gles de Tajw\u00eed afin d\u2019aider le lecteur \u00e0 parfaire sa prononciation des versets coraniques. Enfin, quelques-unes des principales r\u00e8gles li\u00e9es \u00e0 la r\u00e9citation et \u00e0 la prononciation correctes du Coran son cit\u00e9es \u00e0 la fin de l&rsquo;ouvrage.<\/p>\n","protected":false},"excerpt":{"rendered":"<p>Le Coran, Al-Qur\u2019\u00e2n, signifiant \u00ab la r\u00e9citation \u00bb, constitue le texte sacr\u00e9 de l\u2019islam qui correspond \u00e0 la Parole divine r\u00e9v\u00e9l\u00e9e au Proph\u00e8te Muhammad (PBDSL), le meilleur des hommes. Il est \u00e9galement le pilier sur lequel reposent la pri\u00e8re du musulman, son comportement et toute sa vie. Le Coran est divis\u00e9 en trente Juz\u2019 (Ajz\u00e2\u2019 [&hellip;]<\/p>\n","protected":false},"featured_media":44223,"comment_status":"open","ping_status":"closed","template":"","meta":[],"product_brand":[],"product_cat":[1904],"product_tag":[],"class_list":{"0":"post-44222","1":"product","2":"type-product","3":"status-publish","4":"has-post-thumbnail","6":"product_cat-saint-coran","8":"first","9":"outofstock","10":"shipping-taxable","11":"purchasable","12":"product-type-simple"},"_links":{"self":[{"href":"https:\/\/lamaktaba.fr\/index.php\/wp-json\/wp\/v2\/product\/44222","targetHints":{"allow":["GET"]}}],"collection":[{"href":"https:\/\/lamaktaba.fr\/index.php\/wp-json\/wp\/v2\/product"}],"about":[{"href":"https:\/\/lamaktaba.fr\/index.php\/wp-json\/wp\/v2\/types\/product"}],"replies":[{"embeddable":true,"href":"https:\/\/lamaktaba.fr\/index.php\/wp-json\/wp\/v2\/comments?post=44222"}],"wp:featuredmedia":[{"embeddable":true,"href":"https:\/\/lamaktaba.fr\/index.php\/wp-json\/wp\/v2\/media\/44223"}],"wp:attachment":[{"href":"https:\/\/lamaktaba.fr\/index.php\/wp-json\/wp\/v2\/media?parent=44222"}],"wp:term":[{"taxonomy":"product_brand","embeddable":true,"href":"https:\/\/lamaktaba.fr\/index.php\/wp-json\/wp\/v2\/product_brand?post=44222"},{"taxonomy":"product_cat","embeddable":true,"href":"https:\/\/lamaktaba.fr\/index.php\/wp-json\/wp\/v2\/product_cat?post=44222"},{"taxonomy":"product_tag","embeddable":true,"href":"https:\/\/lamaktaba.fr\/index.php\/wp-json\/wp\/v2\/product_tag?post=44222"}],"curies":[{"name":"wp","href":"https:\/\/api.w.org\/{rel}","templated":true}]}}