{"id":43254,"date":"2021-07-01T12:51:06","date_gmt":"2021-07-01T10:51:06","guid":{"rendered":"https:\/\/lamaktaba.fr\/?post_type=product&#038;p=43254"},"modified":"2025-06-05T13:27:20","modified_gmt":"2025-06-05T11:27:20","slug":"banniere-eid-mubarak-ramadan","status":"publish","type":"product","link":"https:\/\/lamaktaba.fr\/index.php\/produit\/banniere-eid-mubarak-ramadan","title":{"rendered":"Banni\u00e8re Eid Mubarak \/ Ramadan"},"content":{"rendered":"<p>F\u00eater l&rsquo;Eid avec cette jolie guirlande !<br \/>\nCette guirlande en carton mesure environ 1 m de long et 18 cm de hauteur.<\/p>\n<p>Elle est form\u00e9e de lettres dor\u00e9es qui composent le message \u00ab\u00a0Eid Mubarak\u00a0\u00bb.<\/p>\n<p>Cette guirlande Eid Mubarak sera parfaite pour c\u00e9l\u00e9brer la f\u00eate musulmane en famille !<\/p>\n","protected":false},"excerpt":{"rendered":"<p>F\u00eater l&rsquo;Eid avec cette jolie guirlande ! Cette guirlande en carton mesure environ 1 m de long et 18 cm de hauteur. Elle est form\u00e9e de lettres dor\u00e9es qui composent le message \u00ab\u00a0Eid Mubarak\u00a0\u00bb. Cette guirlande Eid Mubarak sera parfaite pour c\u00e9l\u00e9brer la f\u00eate musulmane en famille !<\/p>\n","protected":false},"featured_media":43258,"comment_status":"open","ping_status":"closed","template":"","meta":[],"product_brand":[],"product_cat":[231],"product_tag":[],"class_list":{"0":"post-43254","1":"product","2":"type-product","3":"status-publish","4":"has-post-thumbnail","6":"product_cat-fete-et-decoration","7":"pa_couleur-dorure-argente","8":"pa_couleur-dorure-dore","9":"pa_couleur-dorure-rose-gold","11":"first","12":"instock","13":"shipping-taxable","14":"purchasable","15":"product-type-variable"},"_links":{"self":[{"href":"https:\/\/lamaktaba.fr\/index.php\/wp-json\/wp\/v2\/product\/43254","targetHints":{"allow":["GET"]}}],"collection":[{"href":"https:\/\/lamaktaba.fr\/index.php\/wp-json\/wp\/v2\/product"}],"about":[{"href":"https:\/\/lamaktaba.fr\/index.php\/wp-json\/wp\/v2\/types\/product"}],"replies":[{"embeddable":true,"href":"https:\/\/lamaktaba.fr\/index.php\/wp-json\/wp\/v2\/comments?post=43254"}],"wp:featuredmedia":[{"embeddable":true,"href":"https:\/\/lamaktaba.fr\/index.php\/wp-json\/wp\/v2\/media\/43258"}],"wp:attachment":[{"href":"https:\/\/lamaktaba.fr\/index.php\/wp-json\/wp\/v2\/media?parent=43254"}],"wp:term":[{"taxonomy":"product_brand","embeddable":true,"href":"https:\/\/lamaktaba.fr\/index.php\/wp-json\/wp\/v2\/product_brand?post=43254"},{"taxonomy":"product_cat","embeddable":true,"href":"https:\/\/lamaktaba.fr\/index.php\/wp-json\/wp\/v2\/product_cat?post=43254"},{"taxonomy":"product_tag","embeddable":true,"href":"https:\/\/lamaktaba.fr\/index.php\/wp-json\/wp\/v2\/product_tag?post=43254"}],"curies":[{"name":"wp","href":"https:\/\/api.w.org\/{rel}","templated":true}]}}