{"id":43,"date":"2020-03-02T10:00:00","date_gmt":"2020-03-02T09:00:00","guid":{"rendered":"https:\/\/lamaktaba.fr\/index.php\/produit\/o-allah-le-sublime-dali-ibn-jabir-al-fayfi\/"},"modified":"2025-04-01T12:44:30","modified_gmt":"2025-04-01T10:44:30","slug":"o-allah-le-sublime-dali-ibn-jabir-al-fayfi","status":"publish","type":"product","link":"https:\/\/lamaktaba.fr\/index.php\/produit\/o-allah-le-sublime-dali-ibn-jabir-al-fayfi","title":{"rendered":"\u00d4 Allah, Le Sublime!, d&rsquo;Ali Ibn Jabir Al-Fayfi"},"content":{"rendered":"<p>\u00d4 Allah, Le Sublime!, d&rsquo;Ali Ibn J\u00e2bir Al-Fayf\u00ee;Voyage dans l&rsquo;univers des Plus Beaux Noms d&rsquo;Allah;Contempler les noms et les attributs d&rsquo;Allah dans leurs dimensions spirituelle, \u00e9motionnelle et esth\u00e9tique. Percevoir leurs effets dans les signes universels, les signes qui r\u00e9sident en nous-m\u00eames et dans notre quotidien. Nous impr\u00e9gner de leurs r\u00e9alit\u00e9s pour pouvoir agir selon elles et cheminer ainsi comme il se doit sur la voie d&rsquo;Allah, afin de vivre heureux dans ce monde et dans l&rsquo;Au-del\u00e0.;Voil\u00e0 la vision th\u00e9ologique des premi\u00e8res g\u00e9n\u00e9rations de l&rsquo;Islam que l&rsquo;auteur cherche \u00e0 ressusciter et \u00e0 nous transmettre dans le pr\u00e9sent livre. Il nous emporte avec lui au-del\u00e0 du c\u00f4t\u00e9 th\u00e9orique du dogme de l&rsquo;unicit\u00e9 divine qui pr\u00e9domine, aujourd&rsquo;hui, dans les livres et le discours des pr\u00e9dicateurs et qui ne fait qu&rsquo;assouvir la curiosit\u00e9 intellectuelle de la raison, si ce n&rsquo;est le d\u00e9sir d&rsquo;un esprit port\u00e9 \u00e0 la controverse.;A travers son expos\u00e9 de certains noms d&rsquo;Allah (As-Samad, Al-Hafiz, Ash-Sh\u00e2f\u00ee, Al-Wakil) avec un style simple et \u00e9loquent, \u00e9maill\u00e9 d&rsquo;histoires \u00e9mouvantes, il fait sentir au lecteur la pr\u00e9sence, le soutien et la mis\u00e9ricorde de notre Cr\u00e9ateur, Le Tout Puissant, dans tout instant de la vie de son serviteur Il fait sentir au lecteur, le soutien, la bienveillance et la mis\u00e9ricorde d&rsquo;Allah \u00e0 tout instant de sa vie et que tout nom ou attribut d&rsquo;Allah, Le Tout Sage, Le Tout Beau, est une lumi\u00e8re qui le prot\u00e8ge, qui lui illumine le chemin de la droiture et lui facilite la voie d&rsquo;acc\u00e8s \u00e0 Lui et \u00e0 Son Paradis;Marque ALMADINA Editions R\u00e9f\u00e9rence 9789954718124;Fiche technique AUTEUR: &#8211; Ali Ibn J\u00e2bir Al-Fayf\u00ee LANGUE: -.Fran\u00e7ais ANNEE: &#8211; 2019 SUPPORT: &#8211; Livre THEME: &#8211; Piliers de la Foi \u00c9DITIONS: &#8211; Edition Al Madina Condition: &#8211; Neuf Nombre de Pages: &#8211; 120 FORMAT (CM): 14.5 x 21.5 cm EAN13: &#8211; 9789954718124 RELIURE: &#8211; Souple.Traduction: &#8211; Mohammad Karimi;R\u00e9f\u00e9rences sp\u00e9cifiques;Donnez votre avis;Aucun commentaire pour le moment<\/p>\n","protected":false},"excerpt":{"rendered":"<p>\u00d4 Allah, Le Sublime!, d&rsquo;Ali Ibn J\u00e2bir Al-Fayf\u00ee;Voyage dans l&rsquo;univers des Plus Beaux Noms d&rsquo;Allah;Contempler les noms et les attributs d&rsquo;Allah dans leurs dimensions spirituelle, \u00e9motionnelle et esth\u00e9tique. Percevoir leurs effets dans les signes universels, les signes qui r\u00e9sident en nous-m\u00eames et dans notre quotidien. Nous impr\u00e9gner de leurs r\u00e9alit\u00e9s pour pouvoir agir selon elles et cheminer ainsi comme il se doit sur la voie d&rsquo;Allah, afin de vivre heureux dans ce monde et dans l&rsquo;Au-del\u00e0.;Voil\u00e0 la vision th\u00e9ologique des premi\u00e8res g\u00e9n\u00e9rations de l&rsquo;Islam que l&rsquo;auteur cherche \u00e0 ressusciter et \u00e0 nous transmettre dans le pr\u00e9sent livre. Il nous emporte avec lui au-del\u00e0 du c\u00f4t\u00e9 th\u00e9orique du dogme de l&rsquo;unicit\u00e9 divine qui pr\u00e9domine, aujourd&rsquo;hui, dans les livres et le discours des pr\u00e9dicateurs et qui ne fait qu&rsquo;assouvir la curiosit\u00e9 intellectuelle de la raison, si ce n&rsquo;est le d\u00e9sir d&rsquo;un esprit port\u00e9 \u00e0 la controverse.;A travers son expos\u00e9 de certains noms d&rsquo;Allah (As-Samad, Al-Hafiz, Ash-Sh\u00e2f\u00ee, Al-Wakil) avec un style simple et \u00e9loquent, \u00e9maill\u00e9 d&rsquo;histoires \u00e9mouvantes, il fait sentir au lecteur la pr\u00e9sence, le soutien et la mis\u00e9ricorde de notre Cr\u00e9ateur, Le Tout Puissant, dans tout instant de la vie de son serviteur Il fait sentir au lecteur, le soutien, la bienveillance et la mis\u00e9ricorde d&rsquo;Allah \u00e0 tout instant de sa vie et que tout nom ou attribut d&rsquo;Allah, Le Tout Sage, Le Tout Beau, est une lumi\u00e8re qui le prot\u00e8ge, qui lui illumine le chemin de la droiture et lui facilite la voie d&rsquo;acc\u00e8s \u00e0 Lui et \u00e0 Son Paradis;Marque ALMADINA Editions R\u00e9f\u00e9rence 9789954718124;Fiche technique AUTEUR: &#8211; Ali Ibn J\u00e2bir Al-Fayf\u00ee LANGUE: -.Fran\u00e7ais ANNEE: &#8211; 2019 SUPPORT: &#8211; Livre THEME: &#8211; Piliers de la Foi \u00c9DITIONS: &#8211; Edition Al Madina Condition: &#8211; Neuf Nombre de Pages: &#8211; 120 FORMAT (CM): 14.5 x 21.5 cm EAN13: &#8211; 9789954718124 RELIURE: &#8211; Souple.Traduction: &#8211; Mohammad Karimi;R\u00e9f\u00e9rences sp\u00e9cifiques;Donnez votre avis;Aucun commentaire pour le moment<\/p>\n","protected":false},"featured_media":4477,"comment_status":"open","ping_status":"closed","template":"","meta":[],"product_brand":[],"product_cat":[1900,1921,1916,1931],"product_tag":[],"class_list":{"0":"post-43","1":"product","2":"type-product","3":"status-publish","4":"has-post-thumbnail","6":"product_cat-dogme-aqida","7":"product_cat-exhortation","8":"product_cat-spiritualite","9":"product_cat-tawhid-unicite","10":"pa_annee-481","11":"pa_auteur-ali-ibn-jabir-al-fayfi","12":"pa_editeur-almadina-editions","13":"pa_format-14-5-x-21-5-cm","14":"pa_langue-francais","15":"pa_nombre-de-pages-384","16":"pa_reliure-souple","18":"first","19":"outofstock","20":"shipping-taxable","21":"purchasable","22":"product-type-simple"},"_links":{"self":[{"href":"https:\/\/lamaktaba.fr\/index.php\/wp-json\/wp\/v2\/product\/43","targetHints":{"allow":["GET"]}}],"collection":[{"href":"https:\/\/lamaktaba.fr\/index.php\/wp-json\/wp\/v2\/product"}],"about":[{"href":"https:\/\/lamaktaba.fr\/index.php\/wp-json\/wp\/v2\/types\/product"}],"replies":[{"embeddable":true,"href":"https:\/\/lamaktaba.fr\/index.php\/wp-json\/wp\/v2\/comments?post=43"}],"wp:featuredmedia":[{"embeddable":true,"href":"https:\/\/lamaktaba.fr\/index.php\/wp-json\/wp\/v2\/media\/4477"}],"wp:attachment":[{"href":"https:\/\/lamaktaba.fr\/index.php\/wp-json\/wp\/v2\/media?parent=43"}],"wp:term":[{"taxonomy":"product_brand","embeddable":true,"href":"https:\/\/lamaktaba.fr\/index.php\/wp-json\/wp\/v2\/product_brand?post=43"},{"taxonomy":"product_cat","embeddable":true,"href":"https:\/\/lamaktaba.fr\/index.php\/wp-json\/wp\/v2\/product_cat?post=43"},{"taxonomy":"product_tag","embeddable":true,"href":"https:\/\/lamaktaba.fr\/index.php\/wp-json\/wp\/v2\/product_tag?post=43"}],"curies":[{"name":"wp","href":"https:\/\/api.w.org\/{rel}","templated":true}]}}