{"id":42323,"date":"2021-04-05T12:59:00","date_gmt":"2021-04-05T10:59:00","guid":{"rendered":"https:\/\/lamaktaba.fr\/?post_type=product&#038;p=42323"},"modified":"2025-05-24T12:43:38","modified_gmt":"2025-05-24T10:43:38","slug":"assiettes-et-verres-en-carton-eid-moubarak-en-moucharabia-colore-lot-de-18-pieces","status":"publish","type":"product","link":"https:\/\/lamaktaba.fr\/index.php\/produit\/assiettes-et-verres-en-carton-eid-moubarak-en-moucharabia-colore-lot-de-18-pieces","title":{"rendered":"Ensembles d&rsquo;Assiettes et Verres en carton \u00abEid Moubarak\u00bb en moucharabia color\u00e9"},"content":{"rendered":"<p><iframe title=\"D\u00e9co de table pour l&#039;Eid, la table est d\u00e9j\u00e0 pr\u00eate \u2764\ufe0f\" width=\"500\" height=\"281\" src=\"https:\/\/www.youtube.com\/embed\/1f2psZ1eCv0?feature=oembed\" frameborder=\"0\" allow=\"accelerometer; autoplay; clipboard-write; encrypted-media; gyroscope; picture-in-picture; web-share\" referrerpolicy=\"strict-origin-when-cross-origin\" allowfullscreen><\/iframe><\/p>\n<p>D\u00e9corez vos tables pour la f\u00eate de l&rsquo;Eid avec style gr\u00e2ce \u00e0 ce pack assiettes verres en marbre sophistiqu\u00e9es! Nos assiettes &lsquo;Eid Mubarak&rsquo; en ont une \u00e9l\u00e9gance discr\u00e8te et classe !<\/p>\n<p>Ils sont orn\u00e9s d&rsquo;un \u00e9l\u00e9gant motif \u00ab\u00a0Eid Moubarak\u00a0\u00bb, sur un fond d&rsquo;impression color\u00e9. Rendez votre journ\u00e9e de f\u00eate unique et m\u00e9morable avec ces assiettes qui rehausseront \u00e0 coup s\u00fbr votre d\u00e9coration !<\/p>\n<p>Sp\u00e9cifications du pack :<\/p>\n<p>Chaque ensemble comprend :<br \/>\n&#8211; 6 grandes assiettes (24cm)<br \/>\n&#8211; 6 petites assiettes (18cm)<br \/>\n&#8211; 6 verres assortis (25cl)<\/p>\n<p>Recyclable<\/p>\n","protected":false},"excerpt":{"rendered":"<p>Chaque ensemble comprend :<br \/>\n&#8211; 6 grandes assiettes (24cm)<br \/>\n&#8211; 6 petites assiettes (18cm)<br \/>\n&#8211; 6 verres assortis (25cl)<\/p>\n","protected":false},"featured_media":271870,"comment_status":"open","ping_status":"closed","template":"","meta":[],"product_brand":[],"product_cat":[231,1516],"product_tag":[],"class_list":{"0":"post-42323","1":"product","2":"type-product","3":"status-publish","4":"has-post-thumbnail","6":"product_cat-fete-et-decoration","7":"product_cat-special-ramadan","8":"pa_couleur-dorure-multicolore","10":"first","11":"instock","12":"sale","13":"shipping-taxable","14":"purchasable","15":"product-type-variable"},"_links":{"self":[{"href":"https:\/\/lamaktaba.fr\/index.php\/wp-json\/wp\/v2\/product\/42323","targetHints":{"allow":["GET"]}}],"collection":[{"href":"https:\/\/lamaktaba.fr\/index.php\/wp-json\/wp\/v2\/product"}],"about":[{"href":"https:\/\/lamaktaba.fr\/index.php\/wp-json\/wp\/v2\/types\/product"}],"replies":[{"embeddable":true,"href":"https:\/\/lamaktaba.fr\/index.php\/wp-json\/wp\/v2\/comments?post=42323"}],"wp:featuredmedia":[{"embeddable":true,"href":"https:\/\/lamaktaba.fr\/index.php\/wp-json\/wp\/v2\/media\/271870"}],"wp:attachment":[{"href":"https:\/\/lamaktaba.fr\/index.php\/wp-json\/wp\/v2\/media?parent=42323"}],"wp:term":[{"taxonomy":"product_brand","embeddable":true,"href":"https:\/\/lamaktaba.fr\/index.php\/wp-json\/wp\/v2\/product_brand?post=42323"},{"taxonomy":"product_cat","embeddable":true,"href":"https:\/\/lamaktaba.fr\/index.php\/wp-json\/wp\/v2\/product_cat?post=42323"},{"taxonomy":"product_tag","embeddable":true,"href":"https:\/\/lamaktaba.fr\/index.php\/wp-json\/wp\/v2\/product_tag?post=42323"}],"curies":[{"name":"wp","href":"https:\/\/api.w.org\/{rel}","templated":true}]}}