{"id":42,"date":"2020-03-02T10:00:00","date_gmt":"2020-03-02T09:00:00","guid":{"rendered":"https:\/\/lamaktaba.fr\/index.php\/produit\/connaitre-lislam-%d8%aa%d8%b9%d8%b1%d9%8a%d9%81-%d8%b9%d8%a7%d9%85-%d8%a8%d8%af%d9%8a%d9%86-%d8%a7%d9%84%d8%a5%d8%b3%d9%84%d8%a7%d9%85-ali-tantawi\/"},"modified":"2025-04-01T12:43:26","modified_gmt":"2025-04-01T10:43:26","slug":"connaitre-lislam-d8aad8b9d8b1d98ad981-d8b9d8a7d985-d8a8d8afd98ad986-d8a7d984d8a5d8b3d984d8a7d985-ali-tantawi","status":"publish","type":"product","link":"https:\/\/lamaktaba.fr\/index.php\/produit\/connaitre-lislam-d8aad8b9d8b1d98ad981-d8b9d8a7d985-d8a8d8afd98ad986-d8a7d984d8a5d8b3d984d8a7d985-ali-tantawi","title":{"rendered":"Conna\u00eetre l&rsquo;Islam &#8211; \u062a\u0639\u0631\u064a\u0641 \u0639\u0627\u0645 \u0628\u062f\u064a\u0646 \u0627\u0644\u0625\u0633\u0644\u0627\u0645 &#8211; &lsquo;Al\u00ee Tant\u00e2w\u00ee"},"content":{"rendered":"<p>Ce livre a \u00e9t\u00e9 traduit en plusieurs langue. Version fran\u00e7aise (les versets coraniques sont \u00e9galement cit\u00e9s en arabe).<br \/>Il donne l&rsquo;impression d&rsquo;un p\u00e8re doux expliquant l&rsquo;Islam \u00e0 son enfant. Il s&rsquo;adresse \u00e0 celui qui veut conna\u00eetre Dieu, Seigneur du Monde, et gagner sa cl\u00e9mence.<br \/>Il s&rsquo;adresse aussi au Musulman qui cherche des r\u00e9ponses \u00e0 des questions qu&rsquo;il se pose ou que certains amis non-musulman lui posent.<br \/>L&rsquo;auteur nous expose l&rsquo;Islam comme une foi solide et fond\u00e9e sur l&rsquo;Unicit\u00e9 de Dieu, qui d\u00e9borde de fruit n\u00e9cessaires \u00e0 l&rsquo;\u00e9panouissement de l&rsquo;homme et de la soci\u00e9t\u00e9.<\/p>\n","protected":false},"excerpt":{"rendered":"<p>Ce livre a \u00e9t\u00e9 traduit en plusieurs langue. Version fran\u00e7aise (les versets coraniques sont \u00e9galement cit\u00e9s en arabe).Il donne l&rsquo;impression d&rsquo;un p\u00e8re doux expliquant l&rsquo;Islam \u00e0 son enfant. Il s&rsquo;adresse \u00e0 celui qui veut conna\u00eetre Dieu, Seigneur du Monde, et gagner sa cl\u00e9mence.Il s&rsquo;adresse aussi au Musulman qui cherche des r\u00e9ponses \u00e0 des questions qu&rsquo;il [&hellip;]<\/p>\n","protected":false},"featured_media":4473,"comment_status":"open","ping_status":"closed","template":"","meta":[],"product_brand":[],"product_cat":[15],"product_tag":[],"class_list":{"0":"post-42","1":"product","2":"type-product","3":"status-publish","4":"has-post-thumbnail","6":"product_cat-non-classe","7":"pa_editeur-al-hadith","9":"first","10":"instock","11":"shipping-taxable","12":"purchasable","13":"product-type-simple"},"_links":{"self":[{"href":"https:\/\/lamaktaba.fr\/index.php\/wp-json\/wp\/v2\/product\/42","targetHints":{"allow":["GET"]}}],"collection":[{"href":"https:\/\/lamaktaba.fr\/index.php\/wp-json\/wp\/v2\/product"}],"about":[{"href":"https:\/\/lamaktaba.fr\/index.php\/wp-json\/wp\/v2\/types\/product"}],"replies":[{"embeddable":true,"href":"https:\/\/lamaktaba.fr\/index.php\/wp-json\/wp\/v2\/comments?post=42"}],"wp:featuredmedia":[{"embeddable":true,"href":"https:\/\/lamaktaba.fr\/index.php\/wp-json\/wp\/v2\/media\/4473"}],"wp:attachment":[{"href":"https:\/\/lamaktaba.fr\/index.php\/wp-json\/wp\/v2\/media?parent=42"}],"wp:term":[{"taxonomy":"product_brand","embeddable":true,"href":"https:\/\/lamaktaba.fr\/index.php\/wp-json\/wp\/v2\/product_brand?post=42"},{"taxonomy":"product_cat","embeddable":true,"href":"https:\/\/lamaktaba.fr\/index.php\/wp-json\/wp\/v2\/product_cat?post=42"},{"taxonomy":"product_tag","embeddable":true,"href":"https:\/\/lamaktaba.fr\/index.php\/wp-json\/wp\/v2\/product_tag?post=42"}],"curies":[{"name":"wp","href":"https:\/\/api.w.org\/{rel}","templated":true}]}}