{"id":40,"date":"2020-03-02T10:00:00","date_gmt":"2020-03-02T09:00:00","guid":{"rendered":"https:\/\/lamaktaba.fr\/index.php\/produit\/la-description-de-la-priere-du-prophete-du-takbir-au-taslim-cheikh-mohammad-ibn-saleh-al-uthaymin\/"},"modified":"2025-04-01T12:44:12","modified_gmt":"2025-04-01T10:44:12","slug":"la-description-de-la-priere-du-prophete-du-takbir-au-taslim-cheikh-mohammad-ibn-saleh-al-uthaymin","status":"publish","type":"product","link":"https:\/\/lamaktaba.fr\/index.php\/produit\/la-description-de-la-priere-du-prophete-du-takbir-au-taslim-cheikh-mohammad-ibn-saleh-al-uthaymin","title":{"rendered":"La description de la pri\u00e8re du Proph\u00e8te du Takb\u00eer au Tasl\u00eem &#8211; Cheikh Mohammad Ibn Saleh Al &lsquo;Uthaymin &#8211; Livre"},"content":{"rendered":"<p>Faut-il poser la main droite sur la main gauche ou les rel\u00e2cher apr\u00e8s rel\u00e8vement du ruku&rsquo; (inclinaison)? Faut-il poser les mains par terre avant les genoux ou l&rsquo;inverse lors de la prosternation? Faut-il bouger l&rsquo;index lors du tashahhud et si oui comment le bouger? Est-il permis de se contenter d&rsquo;un seul taslim? Autant de questions qui font l&rsquo;objet de divergence entre les savants. Ce qui fait la particularit\u00e9 de ce livre, c&rsquo;est qu&rsquo;il expose les arguments de trois \u00e9minents savants ayant une connaissance approfondie des diff\u00e9rentes \u00e9coles juridiques et des hadiths proph\u00e9tiques, \u00e0 savoir l&rsquo;\u00e9minent savant le shaykh Mohammad Ibn Saleh Al &lsquo;Uthaymin, le grand savant le shaykh Mohammad Nasir Dine Al Alban\u00ee et le shaykh Mohammad Omar Bazm\u00fbl. Il s&rsquo;agit d&rsquo;une \u00e9tude comparative qui est aussi bien instructive qu&rsquo;\u00e9ducative. Elle est instructive puisqu&rsquo;elle permet au lecteur de conna\u00eetre mieux les raisons qui ont pouss\u00e9 tel savant \u00e0 faire pr\u00e9valoir tel avis sur tel autre et son mode d&rsquo;argumentation. Elle est \u00e9ducative puisqu&rsquo;elle apprend au lecteur le respect des divergences d&rsquo;opinions entre des savants qui sont connus pour leur attachement au Coran et \u00e0 la Sunna authentique et \u00e0 la voie des pieux pr\u00e9d\u00e9cesseurs, pour leur ouverture d&rsquo;esprit leur \u00e9loignement de toute opini\u00e2tret\u00e9 et leur refus cat\u00e9gorique de l&rsquo;attachement inconditionnel \u00e0 une \u00e9cole d\u00e9termin\u00e9e.<\/p>\n","protected":false},"excerpt":{"rendered":"<p>Faut-il poser la main droite sur la main gauche ou les rel\u00e2cher apr\u00e8s rel\u00e8vement du ruku&rsquo; (inclinaison)? Faut-il poser les mains par terre avant les genoux ou l&rsquo;inverse lors de la prosternation? Faut-il bouger l&rsquo;index lors du tashahhud et si oui comment le bouger? Est-il permis de se contenter d&rsquo;un seul taslim? Autant de questions qui font l&rsquo;objet de divergence entre les savants. Ce qui fait la particularit\u00e9 de ce livre, c&rsquo;est qu&rsquo;il expose les arguments de trois \u00e9minents savants ayant une connaissance approfondie des diff\u00e9rentes \u00e9coles juridiques et des hadiths proph\u00e9tiques, \u00e0 savoir l&rsquo;\u00e9minent savant le shaykh Mohammad Ibn Saleh Al &lsquo;Uthaymin, le grand savant le shaykh Mohammad Nasir Dine Al Alban\u00ee et le shaykh Mohammad Omar Bazm\u00fbl. Il s&rsquo;agit d&rsquo;une \u00e9tude comparative qui est aussi bien instructive qu&rsquo;\u00e9ducative. Elle est instructive puisqu&rsquo;elle permet au lecteur de conna\u00eetre mieux les raisons qui ont pouss\u00e9 tel savant \u00e0 faire pr\u00e9valoir tel avis sur tel autre et son mode d&rsquo;argumentation. Elle est \u00e9ducative puisqu&rsquo;elle apprend au lecteur le respect des divergences d&rsquo;opinions entre des savants qui sont connus pour leur attachement au Coran et \u00e0 la Sunna authentique et \u00e0 la voie des pieux pr\u00e9d\u00e9cesseurs, pour leur ouverture d&rsquo;esprit leur \u00e9loignement de toute opini\u00e2tret\u00e9 et leur refus cat\u00e9gorique de l&rsquo;attachement inconditionnel \u00e0 une \u00e9cole d\u00e9termin\u00e9e.<\/p>\n","protected":false},"featured_media":4469,"comment_status":"open","ping_status":"closed","template":"","meta":[],"product_brand":[],"product_cat":[1918,1912],"product_tag":[],"class_list":{"0":"post-40","1":"product","2":"type-product","3":"status-publish","4":"has-post-thumbnail","6":"product_cat-initiation-a-lislam","7":"product_cat-priere-salate","8":"pa_auteur-cheikh-mohammad-ibn-saleh-al-uthaymin","9":"pa_code-produit-ref-13506","10":"pa_editeur-almadina","11":"pa_langue-francais","12":"pa_nombre-de-pages-374","14":"first","15":"instock","16":"shipping-taxable","17":"purchasable","18":"product-type-simple"},"_links":{"self":[{"href":"https:\/\/lamaktaba.fr\/index.php\/wp-json\/wp\/v2\/product\/40","targetHints":{"allow":["GET"]}}],"collection":[{"href":"https:\/\/lamaktaba.fr\/index.php\/wp-json\/wp\/v2\/product"}],"about":[{"href":"https:\/\/lamaktaba.fr\/index.php\/wp-json\/wp\/v2\/types\/product"}],"replies":[{"embeddable":true,"href":"https:\/\/lamaktaba.fr\/index.php\/wp-json\/wp\/v2\/comments?post=40"}],"wp:featuredmedia":[{"embeddable":true,"href":"https:\/\/lamaktaba.fr\/index.php\/wp-json\/wp\/v2\/media\/4469"}],"wp:attachment":[{"href":"https:\/\/lamaktaba.fr\/index.php\/wp-json\/wp\/v2\/media?parent=40"}],"wp:term":[{"taxonomy":"product_brand","embeddable":true,"href":"https:\/\/lamaktaba.fr\/index.php\/wp-json\/wp\/v2\/product_brand?post=40"},{"taxonomy":"product_cat","embeddable":true,"href":"https:\/\/lamaktaba.fr\/index.php\/wp-json\/wp\/v2\/product_cat?post=40"},{"taxonomy":"product_tag","embeddable":true,"href":"https:\/\/lamaktaba.fr\/index.php\/wp-json\/wp\/v2\/product_tag?post=40"}],"curies":[{"name":"wp","href":"https:\/\/api.w.org\/{rel}","templated":true}]}}