{"id":39,"date":"2020-02-03T10:00:00","date_gmt":"2020-02-03T09:00:00","guid":{"rendered":"https:\/\/lamaktaba.fr\/index.php\/produit\/la-purification\/"},"modified":"2025-04-01T12:44:39","modified_gmt":"2025-04-01T10:44:39","slug":"la-purification","status":"publish","type":"product","link":"https:\/\/lamaktaba.fr\/index.php\/produit\/la-purification","title":{"rendered":"La purification"},"content":{"rendered":"<p>La purification;Nous vous pr\u00e9sentons cette collection simplifi\u00e9e traitant du fiqh (jurisprudence) dans son aspect le plus clair qu&rsquo;il soit. Elle regroupe l&rsquo;ensemble des paroles des gens de Science et des savants du Hadith, en \u00e9vitant toute question de divergence.;Nous nous sommes efforc\u00e9s de justifier chaque question avec une preuve provenant du Coran et de la Sunna. Il arrive que nous \u00e9voquions certains points de divergence, mais nous prenons soin de mettre en avant l&rsquo;avis unanime des savants, le cas \u00e9ch\u00e9ant.;Cette collection a pour but d&rsquo;\u00e9clairer le d\u00e9butant, mais aussi de servir de rappel \u00e0 ceux qui connaissent d\u00e9j\u00e0 les bases du \u00ab\u00a0fiqh\u00a0\u00bb.;Nous demandons sinc\u00e9rement \u00e0 Dieu de nous aider dans toutes nos actions, car c&rsquo;est Lui Seul que revient le fait de guider.;Cet ouvrage s&rsquo;est inspir\u00e9 des r\u00e9f\u00e9rences ci-dessous;Nayl al-Awtar\u00a0\u00bb de l&rsquo;imam Achawkani;Umdat al-Ahkam\u00a0\u00bb de Al-Maqdisi;Receuils des Imams al-Bukhari et Muslim.;Cet ouvrage est repartie en 4 grandes parties, qui sont les suivantes;Chapitre du lavage majeur (al-ghusl);Chapitre du Tayammum;Chapitre des menstrues;Chapitre des lochies;Ouvrage r\u00e9uni et compil\u00e9 par l&rsquo;\u00e9quipe de r\u00e9daction des \u00e9ditions Pixel Graph<\/p>\n","protected":false},"excerpt":{"rendered":"<p>La purification;Nous vous pr\u00e9sentons cette collection simplifi\u00e9e traitant du fiqh (jurisprudence) dans son aspect le plus clair qu&rsquo;il soit. Elle regroupe l&rsquo;ensemble des paroles des gens de Science et des savants du Hadith, en \u00e9vitant toute question de divergence.;Nous nous sommes efforc\u00e9s de justifier chaque question avec une preuve provenant du Coran et de la Sunna. Il arrive que nous \u00e9voquions certains points de divergence, mais nous prenons soin de mettre en avant l&rsquo;avis unanime des savants, le cas \u00e9ch\u00e9ant.;Cette collection a pour but d&rsquo;\u00e9clairer le d\u00e9butant, mais aussi de servir de rappel \u00e0 ceux qui connaissent d\u00e9j\u00e0 les bases du \u00ab\u00a0fiqh\u00a0\u00bb.;Nous demandons sinc\u00e9rement \u00e0 Dieu de nous aider dans toutes nos actions, car c&rsquo;est Lui Seul que revient le fait de guider.;Cet ouvrage s&rsquo;est inspir\u00e9 des r\u00e9f\u00e9rences ci-dessous;Nayl al-Awtar\u00a0\u00bb de l&rsquo;imam Achawkani;Umdat al-Ahkam\u00a0\u00bb de Al-Maqdisi;Receuils des Imams al-Bukhari et Muslim.;Cet ouvrage est repartie en 4 grandes parties, qui sont les suivantes;Chapitre du lavage majeur (al-ghusl);Chapitre du Tayammum;Chapitre des menstrues;Chapitre des lochies;Ouvrage r\u00e9uni et compil\u00e9 par l&rsquo;\u00e9quipe de r\u00e9daction des \u00e9ditions Pixel Graph<\/p>\n","protected":false},"featured_media":4468,"comment_status":"open","ping_status":"closed","template":"","meta":[],"product_brand":[],"product_cat":[1911,1912],"product_tag":[],"class_list":{"0":"post-39","1":"product","2":"type-product","3":"status-publish","4":"has-post-thumbnail","6":"product_cat-les-cinqs-piliers-de-lislam","7":"product_cat-priere-salate","8":"pa_editeur-pixelgraf-editions-2","9":"pa_format-17-x-11-cm","10":"pa_reliure-souple","12":"first","13":"outofstock","14":"shipping-taxable","15":"purchasable","16":"product-type-simple"},"_links":{"self":[{"href":"https:\/\/lamaktaba.fr\/index.php\/wp-json\/wp\/v2\/product\/39","targetHints":{"allow":["GET"]}}],"collection":[{"href":"https:\/\/lamaktaba.fr\/index.php\/wp-json\/wp\/v2\/product"}],"about":[{"href":"https:\/\/lamaktaba.fr\/index.php\/wp-json\/wp\/v2\/types\/product"}],"replies":[{"embeddable":true,"href":"https:\/\/lamaktaba.fr\/index.php\/wp-json\/wp\/v2\/comments?post=39"}],"wp:featuredmedia":[{"embeddable":true,"href":"https:\/\/lamaktaba.fr\/index.php\/wp-json\/wp\/v2\/media\/4468"}],"wp:attachment":[{"href":"https:\/\/lamaktaba.fr\/index.php\/wp-json\/wp\/v2\/media?parent=39"}],"wp:term":[{"taxonomy":"product_brand","embeddable":true,"href":"https:\/\/lamaktaba.fr\/index.php\/wp-json\/wp\/v2\/product_brand?post=39"},{"taxonomy":"product_cat","embeddable":true,"href":"https:\/\/lamaktaba.fr\/index.php\/wp-json\/wp\/v2\/product_cat?post=39"},{"taxonomy":"product_tag","embeddable":true,"href":"https:\/\/lamaktaba.fr\/index.php\/wp-json\/wp\/v2\/product_tag?post=39"}],"curies":[{"name":"wp","href":"https:\/\/api.w.org\/{rel}","templated":true}]}}