{"id":382,"date":"2020-03-02T10:00:00","date_gmt":"2020-03-02T09:00:00","guid":{"rendered":"https:\/\/lamaktaba.fr\/index.php\/produit\/si-je-devais-parler-de-umm-zakiyyah-umm-zakiyyah\/"},"modified":"2025-04-01T12:47:14","modified_gmt":"2025-04-01T10:47:14","slug":"si-je-devais-parler-de-umm-zakiyyah-umm-zakiyyah","status":"publish","type":"product","link":"https:\/\/lamaktaba.fr\/index.php\/produit\/si-je-devais-parler-de-umm-zakiyyah-umm-zakiyyah","title":{"rendered":"Si je devais parler&#8230;\u00a0\u00bb de Umm Zakiyyah &#8211; Umm Zakiyyah"},"content":{"rendered":"<p>Ce roman \u00e9crit par une am\u00e9ricaine convertie \u00e0 l&rsquo;islam ne manquera pas de susciter des \u00e9motions. Il interpellera aussi bien les musulmans que les non musulmans quant aux rappels et informations qui sont donn\u00e9es tout au long d&rsquo;un r\u00e9cit palpitant.<br \/>Ce livre plein d&rsquo;espoir,de le\u00e7ons de questionnements et de r\u00e9ponses permettra au lecteur d&rsquo;avancer vers une nouvelle vision de la vie,cette vie sur Terre n&rsquo;est qu&rsquo;\u00e9ph\u00e9m\u00e8re donc pr\u00e9cieuse,c&rsquo;est l&rsquo;unique test qu&rsquo;ALLAH nous a accord\u00e9 pour nous pr\u00e9parer \u00e0 l&rsquo;\u00e9ternit\u00e9.<br \/>Umm Zakiyyah est n\u00e9e dans l&rsquo;\u00e9tat de New York,ses parents se convertirent \u00e0 l&rsquo;Islam peu de temps apr\u00e8s leur mariage.Ils l&rsquo;appel\u00e8rent Bayyina qui signifie \u00ab\u00a0preuve claire\u00a0\u00bb,sa naissance fut pour eux une \u00e9preuve spirituelle.<br \/>Dipl\u00f4m\u00e9e d&rsquo;une licence en science de l&rsquo;\u00e9ducation \u00e0 l&rsquo;universit\u00e9 d&rsquo;Emory,actuellement elle enseigne l&rsquo;anglais en Arabie Saoudite.<\/p>\n","protected":false},"excerpt":{"rendered":"<p>Ce roman \u00e9crit par une am\u00e9ricaine convertie \u00e0 l&rsquo;islam ne manquera pas de susciter des \u00e9motions. Il interpellera aussi bien les musulmans que les non musulmans quant aux rappels et informations qui sont donn\u00e9es tout au long d&rsquo;un r\u00e9cit palpitant.Ce livre plein d&rsquo;espoir,de le\u00e7ons de questionnements et de r\u00e9ponses permettra au lecteur d&rsquo;avancer vers une [&hellip;]<\/p>\n","protected":false},"featured_media":0,"comment_status":"open","ping_status":"closed","template":"","meta":[],"product_brand":[],"product_cat":[15],"product_tag":[],"class_list":{"0":"post-382","1":"product","2":"type-product","3":"status-publish","5":"product_cat-non-classe","6":"pa_editeur-i-i-p-h","8":"first","9":"outofstock","10":"shipping-taxable","11":"purchasable","12":"product-type-simple"},"_links":{"self":[{"href":"https:\/\/lamaktaba.fr\/index.php\/wp-json\/wp\/v2\/product\/382","targetHints":{"allow":["GET"]}}],"collection":[{"href":"https:\/\/lamaktaba.fr\/index.php\/wp-json\/wp\/v2\/product"}],"about":[{"href":"https:\/\/lamaktaba.fr\/index.php\/wp-json\/wp\/v2\/types\/product"}],"replies":[{"embeddable":true,"href":"https:\/\/lamaktaba.fr\/index.php\/wp-json\/wp\/v2\/comments?post=382"}],"wp:attachment":[{"href":"https:\/\/lamaktaba.fr\/index.php\/wp-json\/wp\/v2\/media?parent=382"}],"wp:term":[{"taxonomy":"product_brand","embeddable":true,"href":"https:\/\/lamaktaba.fr\/index.php\/wp-json\/wp\/v2\/product_brand?post=382"},{"taxonomy":"product_cat","embeddable":true,"href":"https:\/\/lamaktaba.fr\/index.php\/wp-json\/wp\/v2\/product_cat?post=382"},{"taxonomy":"product_tag","embeddable":true,"href":"https:\/\/lamaktaba.fr\/index.php\/wp-json\/wp\/v2\/product_tag?post=382"}],"curies":[{"name":"wp","href":"https:\/\/api.w.org\/{rel}","templated":true}]}}