{"id":38147,"date":"2021-02-04T14:11:00","date_gmt":"2021-02-04T13:11:00","guid":{"rendered":"https:\/\/lamaktaba.fr\/index.php\/produit\/quiz-special-ramadan-50-questions-reponses-livre\/"},"modified":"2025-04-01T12:43:09","modified_gmt":"2025-04-01T10:43:09","slug":"quiz-special-ramadan-50-questions-reponses-livre","status":"publish","type":"product","link":"https:\/\/lamaktaba.fr\/index.php\/produit\/quiz-special-ramadan-50-questions-reponses-livre","title":{"rendered":"Quiz sp\u00e9cial Ramadan &#8211; 50 Questions &#038; R\u00e9ponses &#8211; Livre"},"content":{"rendered":"<p>Voulez-vous \u00eatre incollables sur les questions du Ramadan? Alors, cet ouvrage est fait pour vous !;\u00c0 travers d&rsquo;une cinquantaine de questions, pr\u00e9parez vous \u00e0 devenir imbattable sur les questions les plus pos\u00e9es concernant le Ramadan. Avec des illustrations et des pages comment\u00e9es, en plus de corrig\u00e9s simples et clairs, vous tenez entre vos mains, un ouvrage ludique. La science profite \u00e0 tous, pourquoi sans priver? Qu&rsquo;attendez-vous?<\/p>\n","protected":false},"excerpt":{"rendered":"<p>Voulez-vous \u00eatre incollables sur les questions du Ramadan? Alors, cet ouvrage est fait pour vous !;\u00c0 travers d&rsquo;une cinquantaine de questions, pr\u00e9parez vous \u00e0 devenir imbattable sur les questions les plus pos\u00e9es concernant le Ramadan. Avec des illustrations et des pages comment\u00e9es, en plus de corrig\u00e9s simples et clairs, vous tenez entre vos mains, un ouvrage ludique. La science profite \u00e0 tous, pourquoi sans priver? Qu&rsquo;attendez-vous?<\/p>\n","protected":false},"featured_media":38148,"comment_status":"open","ping_status":"closed","template":"","meta":[],"product_brand":[],"product_cat":[1516],"product_tag":[],"class_list":{"0":"post-38147","1":"product","2":"type-product","3":"status-publish","4":"has-post-thumbnail","6":"product_cat-special-ramadan","7":"pa_code-produit-ref-31985","8":"pa_editeur-al-qamar","9":"pa_format-5x15cm","10":"pa_langue-francais","12":"first","13":"outofstock","14":"shipping-taxable","15":"purchasable","16":"product-type-simple"},"_links":{"self":[{"href":"https:\/\/lamaktaba.fr\/index.php\/wp-json\/wp\/v2\/product\/38147","targetHints":{"allow":["GET"]}}],"collection":[{"href":"https:\/\/lamaktaba.fr\/index.php\/wp-json\/wp\/v2\/product"}],"about":[{"href":"https:\/\/lamaktaba.fr\/index.php\/wp-json\/wp\/v2\/types\/product"}],"replies":[{"embeddable":true,"href":"https:\/\/lamaktaba.fr\/index.php\/wp-json\/wp\/v2\/comments?post=38147"}],"wp:featuredmedia":[{"embeddable":true,"href":"https:\/\/lamaktaba.fr\/index.php\/wp-json\/wp\/v2\/media\/38148"}],"wp:attachment":[{"href":"https:\/\/lamaktaba.fr\/index.php\/wp-json\/wp\/v2\/media?parent=38147"}],"wp:term":[{"taxonomy":"product_brand","embeddable":true,"href":"https:\/\/lamaktaba.fr\/index.php\/wp-json\/wp\/v2\/product_brand?post=38147"},{"taxonomy":"product_cat","embeddable":true,"href":"https:\/\/lamaktaba.fr\/index.php\/wp-json\/wp\/v2\/product_cat?post=38147"},{"taxonomy":"product_tag","embeddable":true,"href":"https:\/\/lamaktaba.fr\/index.php\/wp-json\/wp\/v2\/product_tag?post=38147"}],"curies":[{"name":"wp","href":"https:\/\/api.w.org\/{rel}","templated":true}]}}