{"id":38087,"date":"2021-04-01T00:20:23","date_gmt":"2021-03-31T22:20:23","guid":{"rendered":"https:\/\/lamaktaba.fr\/index.php\/produit\/les-prenoms-arabo-musulmans-nouri-s-benyahyia-livre\/"},"modified":"2025-04-01T12:47:32","modified_gmt":"2025-04-01T10:47:32","slug":"les-prenoms-arabo-musulmans-nouri-s-benyahyia-livre","status":"publish","type":"product","link":"https:\/\/lamaktaba.fr\/index.php\/produit\/les-prenoms-arabo-musulmans-nouri-s-benyahyia-livre","title":{"rendered":"Les pr\u00e9noms arabo-musulmans &#8211; Nouri S. Benyahyia &#8211; Livre"},"content":{"rendered":"<p>La naissance d&rsquo;un nouveau-n\u00e9 repr\u00e9sente l&rsquo;un des grands bienfaits qu&rsquo;Allah accorde \u00e0 qui Il veut parmi Ses serviteurs.;En islam, l&rsquo;enfant est un d\u00e9p\u00f4t (amana) entre les mains des parents, Ceux-ci ont le devoir d&rsquo;assumer son \u00e9ducation qui commence par le choix d&rsquo;un beau pr\u00e9nom.<\/p>\n","protected":false},"excerpt":{"rendered":"<p>La naissance d&rsquo;un nouveau-n\u00e9 repr\u00e9sente l&rsquo;un des grands bienfaits qu&rsquo;Allah accorde \u00e0 qui Il veut parmi Ses serviteurs.;En islam, l&rsquo;enfant est un d\u00e9p\u00f4t (amana) entre les mains des parents, Ceux-ci ont le devoir d&rsquo;assumer son \u00e9ducation qui commence par le choix d&rsquo;un beau pr\u00e9nom.<\/p>\n","protected":false},"featured_media":38088,"comment_status":"open","ping_status":"closed","template":"","meta":[],"product_brand":[],"product_cat":[15],"product_tag":[],"class_list":{"0":"post-38087","1":"product","2":"type-product","3":"status-publish","4":"has-post-thumbnail","6":"product_cat-non-classe","8":"first","9":"outofstock","10":"shipping-taxable","11":"purchasable","12":"product-type-simple"},"_links":{"self":[{"href":"https:\/\/lamaktaba.fr\/index.php\/wp-json\/wp\/v2\/product\/38087","targetHints":{"allow":["GET"]}}],"collection":[{"href":"https:\/\/lamaktaba.fr\/index.php\/wp-json\/wp\/v2\/product"}],"about":[{"href":"https:\/\/lamaktaba.fr\/index.php\/wp-json\/wp\/v2\/types\/product"}],"replies":[{"embeddable":true,"href":"https:\/\/lamaktaba.fr\/index.php\/wp-json\/wp\/v2\/comments?post=38087"}],"wp:featuredmedia":[{"embeddable":true,"href":"https:\/\/lamaktaba.fr\/index.php\/wp-json\/wp\/v2\/media\/38088"}],"wp:attachment":[{"href":"https:\/\/lamaktaba.fr\/index.php\/wp-json\/wp\/v2\/media?parent=38087"}],"wp:term":[{"taxonomy":"product_brand","embeddable":true,"href":"https:\/\/lamaktaba.fr\/index.php\/wp-json\/wp\/v2\/product_brand?post=38087"},{"taxonomy":"product_cat","embeddable":true,"href":"https:\/\/lamaktaba.fr\/index.php\/wp-json\/wp\/v2\/product_cat?post=38087"},{"taxonomy":"product_tag","embeddable":true,"href":"https:\/\/lamaktaba.fr\/index.php\/wp-json\/wp\/v2\/product_tag?post=38087"}],"curies":[{"name":"wp","href":"https:\/\/api.w.org\/{rel}","templated":true}]}}