{"id":38082,"date":"2021-04-01T00:20:21","date_gmt":"2021-03-31T22:20:21","guid":{"rendered":"https:\/\/lamaktaba.fr\/index.php\/produit\/le-soleil-se-leve-a-loccidentedition-complete-3-tomes-en-1-livre-farid-gabteni-livre\/"},"modified":"2025-04-01T12:46:47","modified_gmt":"2025-04-01T10:46:47","slug":"le-soleil-se-leve-a-loccidentedition-complete-3-tomes-en-1-livre-farid-gabteni-livre","status":"publish","type":"product","link":"https:\/\/lamaktaba.fr\/index.php\/produit\/le-soleil-se-leve-a-loccidentedition-complete-3-tomes-en-1-livre-farid-gabteni-livre","title":{"rendered":"Le soleil se l\u00e8ve \u00e0 l&rsquo;Occident;\u00e9dition compl\u00e8te (3 tomes en 1 livre) &#8211; Farid Gabteni &#8211; Livre"},"content":{"rendered":"<p>L&rsquo;isl\u00e2m a \u00e9t\u00e9 d\u00e9natur\u00e9 par certains ignorants, des fanatiques, corrupteurs de la foi, qui commettent les pires crimes contre Dieu et l&rsquo;humanit\u00e9.Ils cultivent la discorde, la haine et le sectarisme.;Les musulmans sont les premi\u00e8res victimes de leurs pratiques. \u00a0\u00bb (Farid Gabteni) Ce trait\u00e9 scientifique, \u00e9largi \u00e0 l&rsquo;ensemble des Lectures du Coran, est un chef-d&rsquo;oeuvre unique en son genre, il constitue une argumentation rigoureuse et irr\u00e9futable contre l&rsquo;obscurantisme. De m\u00eame il restitue, aux musulmans comme aux non-musulmans, le Message originel de l&rsquo;Islam.;Science, conscience, paix et acceptation, telles sont la forme et le fond du Coran et de l&rsquo;Islam que nous expose magistralement l&rsquo;auteur de ce livre, \u00e0 travers une \u00e9tude appliqu\u00e9e et d\u00e9monstrative.;Le Soleil se l\u00e8ve \u00e0 l&rsquo;Occident de Farid Gabteni est publi\u00e9 en trois tomes:\u00a0\u00bbScience pour l&rsquo;Heure\u00a0\u00bb, \u00ab\u00a0Le Hasard Programm\u00e9\u00a0\u00bb et \u00ab\u00a0Au coeur du Qor\u00e2n\u00a0\u00bb. Chacun des deux premiers tomes est pr\u00e9fac\u00e9 par un docteur en histoire et philosophie des sciences,le Docteur Isma\u00ebl Omarjee, et le deuxi\u00e8me par le Docteur Fouzia Madani.<\/p>\n","protected":false},"excerpt":{"rendered":"<p>L&rsquo;isl\u00e2m a \u00e9t\u00e9 d\u00e9natur\u00e9 par certains ignorants, des fanatiques, corrupteurs de la foi, qui commettent les pires crimes contre Dieu et l&rsquo;humanit\u00e9.Ils cultivent la discorde, la haine et le sectarisme.;Les musulmans sont les premi\u00e8res victimes de leurs pratiques. \u00a0\u00bb (Farid Gabteni) Ce trait\u00e9 scientifique, \u00e9largi \u00e0 l&rsquo;ensemble des Lectures du Coran, est un chef-d&rsquo;oeuvre unique en son genre, il constitue une argumentation rigoureuse et irr\u00e9futable contre l&rsquo;obscurantisme. De m\u00eame il restitue, aux musulmans comme aux non-musulmans, le Message originel de l&rsquo;Islam.;Science, conscience, paix et acceptation, telles sont la forme et le fond du Coran et de l&rsquo;Islam que nous expose magistralement l&rsquo;auteur de ce livre, \u00e0 travers une \u00e9tude appliqu\u00e9e et d\u00e9monstrative.;Le Soleil se l\u00e8ve \u00e0 l&rsquo;Occident de Farid Gabteni est publi\u00e9 en trois tomes:\u00a0\u00bbScience pour l&rsquo;Heure\u00a0\u00bb, \u00ab\u00a0Le Hasard Programm\u00e9\u00a0\u00bb et \u00ab\u00a0Au coeur du Qor\u00e2n\u00a0\u00bb. Chacun des deux premiers tomes est pr\u00e9fac\u00e9 par un docteur en histoire et philosophie des sciences,le Docteur Isma\u00ebl Omarjee, et le deuxi\u00e8me par le Docteur Fouzia Madani.<\/p>\n","protected":false},"featured_media":38083,"comment_status":"open","ping_status":"closed","template":"","meta":[],"product_brand":[],"product_cat":[1918],"product_tag":[],"class_list":{"0":"post-38082","1":"product","2":"type-product","3":"status-publish","4":"has-post-thumbnail","6":"product_cat-initiation-a-lislam","8":"first","9":"outofstock","10":"shipping-taxable","11":"purchasable","12":"product-type-simple"},"_links":{"self":[{"href":"https:\/\/lamaktaba.fr\/index.php\/wp-json\/wp\/v2\/product\/38082","targetHints":{"allow":["GET"]}}],"collection":[{"href":"https:\/\/lamaktaba.fr\/index.php\/wp-json\/wp\/v2\/product"}],"about":[{"href":"https:\/\/lamaktaba.fr\/index.php\/wp-json\/wp\/v2\/types\/product"}],"replies":[{"embeddable":true,"href":"https:\/\/lamaktaba.fr\/index.php\/wp-json\/wp\/v2\/comments?post=38082"}],"wp:featuredmedia":[{"embeddable":true,"href":"https:\/\/lamaktaba.fr\/index.php\/wp-json\/wp\/v2\/media\/38083"}],"wp:attachment":[{"href":"https:\/\/lamaktaba.fr\/index.php\/wp-json\/wp\/v2\/media?parent=38082"}],"wp:term":[{"taxonomy":"product_brand","embeddable":true,"href":"https:\/\/lamaktaba.fr\/index.php\/wp-json\/wp\/v2\/product_brand?post=38082"},{"taxonomy":"product_cat","embeddable":true,"href":"https:\/\/lamaktaba.fr\/index.php\/wp-json\/wp\/v2\/product_cat?post=38082"},{"taxonomy":"product_tag","embeddable":true,"href":"https:\/\/lamaktaba.fr\/index.php\/wp-json\/wp\/v2\/product_tag?post=38082"}],"curies":[{"name":"wp","href":"https:\/\/api.w.org\/{rel}","templated":true}]}}