{"id":38069,"date":"2021-04-01T00:20:20","date_gmt":"2021-03-31T22:20:20","guid":{"rendered":"https:\/\/lamaktaba.fr\/index.php\/produit\/dvd-mon-imagier-bilingue-francais-arabe-5-a-9-ans-collectif-dvd-video-2\/"},"modified":"2025-04-01T12:47:32","modified_gmt":"2025-04-01T10:47:32","slug":"dvd-mon-imagier-bilingue-francais-arabe-5-a-9-ans-collectif-dvd-video-2","status":"publish","type":"product","link":"https:\/\/lamaktaba.fr\/index.php\/produit\/dvd-mon-imagier-bilingue-francais-arabe-5-a-9-ans-collectif-dvd-video-2","title":{"rendered":"DVD Mon Imagier bilingue fran\u00e7ais-arabe (5 \u00e0 9 ans) &#8211; Collectif &#8211; DVD (vid\u00e9o)"},"content":{"rendered":"<p>Mon Imagier bilingue fran\u00e7ais-arabe est adapt\u00e9 aux enfants de 5 \u00e0 9 ans, afin de renforcer leur vocabulaire dans les deux langues. Chaque th\u00e8me de vocabulaire est accompagn\u00e9 d\u2019un quiz. Tous les mots des 10 th\u00e8mes du DVD sont \u00e9galement disponibles sous forme de 10 grands posters bilingues. Le DVD contient \u00e9galement les alphabets arabe et fran\u00e7ais.;Pour les enfants de 1 \u00e0 4 ans, il existe un DVD \u00e9quivalent Mes premiers mots<\/p>\n","protected":false},"excerpt":{"rendered":"<p>Mon Imagier bilingue fran\u00e7ais-arabe est adapt\u00e9 aux enfants de 5 \u00e0 9 ans, afin de renforcer leur vocabulaire dans les deux langues. Chaque th\u00e8me de vocabulaire est accompagn\u00e9 d\u2019un quiz. Tous les mots des 10 th\u00e8mes du DVD sont \u00e9galement disponibles sous forme de 10 grands posters bilingues. Le DVD contient \u00e9galement les alphabets arabe et fran\u00e7ais.;Pour les enfants de 1 \u00e0 4 ans, il existe un DVD \u00e9quivalent Mes premiers mots<\/p>\n","protected":false},"featured_media":38070,"comment_status":"open","ping_status":"closed","template":"","meta":[],"product_brand":[],"product_cat":[15],"product_tag":[],"class_list":{"0":"post-38069","1":"product","2":"type-product","3":"status-publish","4":"has-post-thumbnail","6":"product_cat-non-classe","8":"first","9":"outofstock","10":"shipping-taxable","11":"purchasable","12":"product-type-simple"},"_links":{"self":[{"href":"https:\/\/lamaktaba.fr\/index.php\/wp-json\/wp\/v2\/product\/38069","targetHints":{"allow":["GET"]}}],"collection":[{"href":"https:\/\/lamaktaba.fr\/index.php\/wp-json\/wp\/v2\/product"}],"about":[{"href":"https:\/\/lamaktaba.fr\/index.php\/wp-json\/wp\/v2\/types\/product"}],"replies":[{"embeddable":true,"href":"https:\/\/lamaktaba.fr\/index.php\/wp-json\/wp\/v2\/comments?post=38069"}],"wp:featuredmedia":[{"embeddable":true,"href":"https:\/\/lamaktaba.fr\/index.php\/wp-json\/wp\/v2\/media\/38070"}],"wp:attachment":[{"href":"https:\/\/lamaktaba.fr\/index.php\/wp-json\/wp\/v2\/media?parent=38069"}],"wp:term":[{"taxonomy":"product_brand","embeddable":true,"href":"https:\/\/lamaktaba.fr\/index.php\/wp-json\/wp\/v2\/product_brand?post=38069"},{"taxonomy":"product_cat","embeddable":true,"href":"https:\/\/lamaktaba.fr\/index.php\/wp-json\/wp\/v2\/product_cat?post=38069"},{"taxonomy":"product_tag","embeddable":true,"href":"https:\/\/lamaktaba.fr\/index.php\/wp-json\/wp\/v2\/product_tag?post=38069"}],"curies":[{"name":"wp","href":"https:\/\/api.w.org\/{rel}","templated":true}]}}