{"id":38059,"date":"2021-01-04T00:20:00","date_gmt":"2021-01-03T23:20:00","guid":{"rendered":"https:\/\/lamaktaba.fr\/index.php\/produit\/huile-de-sesame-30-ml-pour-cheveux-et-corps-sesame-oil-cosmetique\/"},"modified":"2025-04-01T12:47:47","modified_gmt":"2025-04-01T10:47:47","slug":"huile-de-sesame-30-ml-pour-cheveux-et-corps-sesame-oil-cosmetique","status":"publish","type":"product","link":"https:\/\/lamaktaba.fr\/index.php\/produit\/huile-de-sesame-30-ml-pour-cheveux-et-corps-sesame-oil-cosmetique","title":{"rendered":"Huile de s\u00e9same (30 ml) pour cheveux et corps &#8211; Sesame Oil &#8211; Cosm\u00e9tique"},"content":{"rendered":"<p>Cette huile, riche en acides gras essentiels importants, r\u00e9g\u00e9n\u00e8re et assouplit le tissu cutan\u00e9. Elle est restructurante et nourrit la peau sans laisser de film gras. R\u00e9put\u00e9e pour absorber les rayons UV, on l&rsquo;utilise dans les soins solaires.<\/p>\n","protected":false},"excerpt":{"rendered":"<p>Cette huile, riche en acides gras essentiels importants, r\u00e9g\u00e9n\u00e8re et assouplit le tissu cutan\u00e9. Elle est restructurante et nourrit la peau sans laisser de film gras. R\u00e9put\u00e9e pour absorber les rayons UV, on l&rsquo;utilise dans les soins solaires.<\/p>\n","protected":false},"featured_media":38060,"comment_status":"open","ping_status":"closed","template":"","meta":[],"product_brand":[],"product_cat":[131,130],"product_tag":[],"class_list":{"0":"post-38059","1":"product","2":"type-product","3":"status-publish","4":"has-post-thumbnail","6":"product_cat-beaute-soins-naturels-cosmetique","7":"product_cat-cosmetique","8":"pa_code-produit-ref-20273","9":"pa_format-30-ml","11":"first","12":"outofstock","13":"shipping-taxable","14":"purchasable","15":"product-type-simple"},"_links":{"self":[{"href":"https:\/\/lamaktaba.fr\/index.php\/wp-json\/wp\/v2\/product\/38059","targetHints":{"allow":["GET"]}}],"collection":[{"href":"https:\/\/lamaktaba.fr\/index.php\/wp-json\/wp\/v2\/product"}],"about":[{"href":"https:\/\/lamaktaba.fr\/index.php\/wp-json\/wp\/v2\/types\/product"}],"replies":[{"embeddable":true,"href":"https:\/\/lamaktaba.fr\/index.php\/wp-json\/wp\/v2\/comments?post=38059"}],"wp:featuredmedia":[{"embeddable":true,"href":"https:\/\/lamaktaba.fr\/index.php\/wp-json\/wp\/v2\/media\/38060"}],"wp:attachment":[{"href":"https:\/\/lamaktaba.fr\/index.php\/wp-json\/wp\/v2\/media?parent=38059"}],"wp:term":[{"taxonomy":"product_brand","embeddable":true,"href":"https:\/\/lamaktaba.fr\/index.php\/wp-json\/wp\/v2\/product_brand?post=38059"},{"taxonomy":"product_cat","embeddable":true,"href":"https:\/\/lamaktaba.fr\/index.php\/wp-json\/wp\/v2\/product_cat?post=38059"},{"taxonomy":"product_tag","embeddable":true,"href":"https:\/\/lamaktaba.fr\/index.php\/wp-json\/wp\/v2\/product_tag?post=38059"}],"curies":[{"name":"wp","href":"https:\/\/api.w.org\/{rel}","templated":true}]}}