{"id":38048,"date":"2021-04-01T00:20:14","date_gmt":"2021-03-31T22:20:14","guid":{"rendered":"https:\/\/lamaktaba.fr\/index.php\/produit\/le-coran-arc-en-ciel-version-arabe-lecture-hafs-couverture-couleur-bleu-clair-de-luxe-rainbow-%d8%a7%d9%84%d9%82%d8%b1%d8%a2%d9%86-%d8%a7%d9%84%d9%83%d8%b1%d9%8a%d9%85-livre\/"},"modified":"2025-04-01T12:47:32","modified_gmt":"2025-04-01T10:47:32","slug":"le-coran-arc-en-ciel-version-arabe-lecture-hafs-couverture-couleur-bleu-clair-de-luxe-rainbow-d8a7d984d982d8b1d8a2d986-d8a7d984d983d8b1d98ad985-livre","status":"publish","type":"product","link":"https:\/\/lamaktaba.fr\/index.php\/produit\/le-coran-arc-en-ciel-version-arabe-lecture-hafs-couverture-couleur-bleu-clair-de-luxe-rainbow-d8a7d984d982d8b1d8a2d986-d8a7d984d983d8b1d98ad985-livre","title":{"rendered":"Le Coran Arc-en-ciel version arabe (Lecture Hafs) &#8211; Couverture couleur bleu clair de luxe &#8211; Rainbow \u0627\u0644\u0642\u0631\u0622\u0646 \u0627\u0644\u0643\u0631\u064a\u0645 &#8211; Livre"},"content":{"rendered":"<p>Le Coran Arc-en-ciel version arabe (Lecture Hafs) &#8211; Couverture de luxe en simili cuir color\u00e9e.;Magnifique Coran avec couverture cartonn\u00e9e de type cuir (doux au toucher). Impression couleur, avec marque page int\u00e9gr\u00e9. Id\u00e9al pour offrir.;Dans ce magnifique Coran chaque partie (Jouz&rsquo;) est color\u00e9e avec une couleur diff\u00e9rente, avec un d\u00e9grad\u00e9 sous forme d&rsquo;arc-en-ciel. Ce qui aide l&rsquo;apprentissage la r\u00e9vision du Coran.;Le Coran contient 114 sourates (chapitres), il d\u00e9coup\u00e9 en 30 parties appel\u00e9es jouz&rsquo; (Chaque partie ou jouz&rsquo; contient deux Hizb, ce qui fait au total 60 hizb).;On peut ainsi s&rsquo;organiser par exemple pour lire chaque jour une partie (une couleur) et finir ainsi la lecture du Coran en un mois. On peut \u00e9galement ouvrir le Coran directement \u00e0 la partie qu&rsquo;on est entrain de r\u00e9viser gr\u00e2ce \u00e0 ce syst\u00e8me de couleurs tr\u00e8s pratique.;La mise en page a \u00e9t\u00e9 soign\u00e9e avec de grands caract\u00e8res arabes pour une lecture agr\u00e9able.;Introduction;Louange \u00e0 Allah Seigneur des mondes, s&rsquo;adressant aux hommes en ces termes: (Une lumi\u00e8re et un Livre explicite vous sont certes venus d&rsquo;Allah) (Sourate 5, verset 15). Que la paix et la b\u00e9n\u00e9diction d&rsquo;Allah soient sur le sceau des Proph\u00e8tes, Muhammad, qui a dit: (Le meilleur d&rsquo;entre vous est celui qui apprend le Coran et l&rsquo;enseigne).;Le Coran (arabe: \u0627\u0644\u0642\u0631\u0622\u0646 \u02beal qur\u02be\u0101n, lecture) est le livre sacr\u00e9 de la religion musulmane. C&rsquo;est aussi le premier livre \u00e0 avoir \u00e9t\u00e9 \u00e9crit en arabe, langue qu&rsquo;il a contribu\u00e9 \u00e0 fixer. Le Coran regroupe les paroles divines qui ont \u00e9t\u00e9 transmises au proph\u00e8te Muhammad (que la paix et la b\u00e9n\u00e9diction d&rsquo;Allah soient sur lui) fragmentairement par l&rsquo;archange Gabriel (Jibril), par voie orale durant une p\u00e9riode de vingt-trois ans. Il est parfois \u00e9galement appel\u00e9 kit\u00e2b (Livre) ou dhikr (Rappel).;C\u2019est la parole incr\u00e9\u00e9e de Dieu (Allah) adress\u00e9e \u00e0 l&rsquo;intention de toute l&rsquo;Humanit\u00e9: l&rsquo;islam, contrairement au christianisme, a une vocation universelle. Le Coran est divis\u00e9 en cent quatorze chapitres appel\u00e9s sourates, class\u00e9es plus ou moins par ordre d\u00e9croissant en fonction de leur longueur \u00e0 l&rsquo;exception de la premi\u00e8re sourate appel\u00e9e Al Fatiha (parfois traduite par \u00ab le prologue \u00bb ou encore \u00ab l&rsquo;ouverture \u00bb). Ces sourates sont elles-m\u00eames compos\u00e9es de versets nomm\u00e9s \u00e2y\u00e2t (pluriel de l&rsquo;arabe \u00e2yah, \u00ab preuve \u00bb, \u00ab signe \u00bb). Les versets sont au nombre canonique de 6219.;Le Coran est cellophan\u00e9. D&rsquo;autres couleurs sont disponibles&#8230;;Vous disposez \u00e9galement de La Citadelle du Musulman (Couleur bleu) &#8211; \u062d\u0635\u0646 \u0627\u0644\u0645\u0633\u0644\u0645 &#8211; avec toutes les invocations quotidiennes en fran\u00e7ais\/arabe\/phon\u00e9tique;et d&rsquo;un Mug assorti avec pr\u00e9nom personnalisable en calligraphie arabe style \u00ab\u00a0Naskh\u00a0\u00bb (bleu)<\/p>\n","protected":false},"excerpt":{"rendered":"<p>Le Coran Arc-en-ciel version arabe (Lecture Hafs) &#8211; Couverture de luxe en simili cuir color\u00e9e.;Magnifique Coran avec couverture cartonn\u00e9e de type cuir (doux au toucher). Impression couleur, avec marque page int\u00e9gr\u00e9. Id\u00e9al pour offrir.;Dans ce magnifique Coran chaque partie (Jouz&rsquo;) est color\u00e9e avec une couleur diff\u00e9rente, avec un d\u00e9grad\u00e9 sous forme d&rsquo;arc-en-ciel. Ce qui aide l&rsquo;apprentissage la r\u00e9vision du Coran.;Le Coran contient 114 sourates (chapitres), il d\u00e9coup\u00e9 en 30 parties appel\u00e9es jouz&rsquo; (Chaque partie ou jouz&rsquo; contient deux Hizb, ce qui fait au total 60 hizb).;On peut ainsi s&rsquo;organiser par exemple pour lire chaque jour une partie (une couleur) et finir ainsi la lecture du Coran en un mois. On peut \u00e9galement ouvrir le Coran directement \u00e0 la partie qu&rsquo;on est entrain de r\u00e9viser gr\u00e2ce \u00e0 ce syst\u00e8me de couleurs tr\u00e8s pratique.;La mise en page a \u00e9t\u00e9 soign\u00e9e avec de grands caract\u00e8res arabes pour une lecture agr\u00e9able.;Introduction;Louange \u00e0 Allah Seigneur des mondes, s&rsquo;adressant aux hommes en ces termes: (Une lumi\u00e8re et un Livre explicite vous sont certes venus d&rsquo;Allah) (Sourate 5, verset 15). Que la paix et la b\u00e9n\u00e9diction d&rsquo;Allah soient sur le sceau des Proph\u00e8tes, Muhammad, qui a dit: (Le meilleur d&rsquo;entre vous est celui qui apprend le Coran et l&rsquo;enseigne).;Le Coran (arabe: \u0627\u0644\u0642\u0631\u0622\u0646 \u02beal qur\u02be\u0101n, lecture) est le livre sacr\u00e9 de la religion musulmane. C&rsquo;est aussi le premier livre \u00e0 avoir \u00e9t\u00e9 \u00e9crit en arabe, langue qu&rsquo;il a contribu\u00e9 \u00e0 fixer. Le Coran regroupe les paroles divines qui ont \u00e9t\u00e9 transmises au proph\u00e8te Muhammad (que la paix et la b\u00e9n\u00e9diction d&rsquo;Allah soient sur lui) fragmentairement par l&rsquo;archange Gabriel (Jibril), par voie orale durant une p\u00e9riode de vingt-trois ans. Il est parfois \u00e9galement appel\u00e9 kit\u00e2b (Livre) ou dhikr (Rappel).;C\u2019est la parole incr\u00e9\u00e9e de Dieu (Allah) adress\u00e9e \u00e0 l&rsquo;intention de toute l&rsquo;Humanit\u00e9: l&rsquo;islam, contrairement au christianisme, a une vocation universelle. Le Coran est divis\u00e9 en cent quatorze chapitres appel\u00e9s sourates, class\u00e9es plus ou moins par ordre d\u00e9croissant en fonction de leur longueur \u00e0 l&rsquo;exception de la premi\u00e8re sourate appel\u00e9e Al Fatiha (parfois traduite par \u00ab le prologue \u00bb ou encore \u00ab l&rsquo;ouverture \u00bb). Ces sourates sont elles-m\u00eames compos\u00e9es de versets nomm\u00e9s \u00e2y\u00e2t (pluriel de l&rsquo;arabe \u00e2yah, \u00ab preuve \u00bb, \u00ab signe \u00bb). Les versets sont au nombre canonique de 6219.;Le Coran est cellophan\u00e9. D&rsquo;autres couleurs sont disponibles&#8230;;Vous disposez \u00e9galement de La Citadelle du Musulman (Couleur bleu) &#8211; \u062d\u0635\u0646 \u0627\u0644\u0645\u0633\u0644\u0645 &#8211; avec toutes les invocations quotidiennes en fran\u00e7ais\/arabe\/phon\u00e9tique;et d&rsquo;un Mug assorti avec pr\u00e9nom personnalisable en calligraphie arabe style \u00ab\u00a0Naskh\u00a0\u00bb (bleu)<\/p>\n","protected":false},"featured_media":38049,"comment_status":"open","ping_status":"closed","template":"","meta":[],"product_brand":[],"product_cat":[15],"product_tag":[],"class_list":{"0":"post-38048","1":"product","2":"type-product","3":"status-publish","4":"has-post-thumbnail","6":"product_cat-non-classe","8":"first","9":"outofstock","10":"shipping-taxable","11":"purchasable","12":"product-type-simple"},"_links":{"self":[{"href":"https:\/\/lamaktaba.fr\/index.php\/wp-json\/wp\/v2\/product\/38048","targetHints":{"allow":["GET"]}}],"collection":[{"href":"https:\/\/lamaktaba.fr\/index.php\/wp-json\/wp\/v2\/product"}],"about":[{"href":"https:\/\/lamaktaba.fr\/index.php\/wp-json\/wp\/v2\/types\/product"}],"replies":[{"embeddable":true,"href":"https:\/\/lamaktaba.fr\/index.php\/wp-json\/wp\/v2\/comments?post=38048"}],"wp:featuredmedia":[{"embeddable":true,"href":"https:\/\/lamaktaba.fr\/index.php\/wp-json\/wp\/v2\/media\/38049"}],"wp:attachment":[{"href":"https:\/\/lamaktaba.fr\/index.php\/wp-json\/wp\/v2\/media?parent=38048"}],"wp:term":[{"taxonomy":"product_brand","embeddable":true,"href":"https:\/\/lamaktaba.fr\/index.php\/wp-json\/wp\/v2\/product_brand?post=38048"},{"taxonomy":"product_cat","embeddable":true,"href":"https:\/\/lamaktaba.fr\/index.php\/wp-json\/wp\/v2\/product_cat?post=38048"},{"taxonomy":"product_tag","embeddable":true,"href":"https:\/\/lamaktaba.fr\/index.php\/wp-json\/wp\/v2\/product_tag?post=38048"}],"curies":[{"name":"wp","href":"https:\/\/api.w.org\/{rel}","templated":true}]}}