{"id":38032,"date":"2021-04-01T00:20:11","date_gmt":"2021-03-31T22:20:11","guid":{"rendered":"https:\/\/lamaktaba.fr\/index.php\/produit\/les-bonnes-paroles-du-petit-musulman\/"},"modified":"2025-04-01T12:45:57","modified_gmt":"2025-04-01T10:45:57","slug":"les-bonnes-paroles-du-petit-musulman","status":"publish","type":"product","link":"https:\/\/lamaktaba.fr\/index.php\/produit\/les-bonnes-paroles-du-petit-musulman","title":{"rendered":"Les bonnes paroles du petit musulman"},"content":{"rendered":"<p>Les bonnes paroles du petit musulman;L&rsquo;Histoire du petit Hicham et son ami le Perroquet L&rsquo;\u00e9quipe Sindibad est heureuse de vous proposer, \u00e0 travers les quatre volets de \u00ab\u00a0Hicham et son and le perroquet\u00a0\u00bb, un enseignement simple et adapt\u00e9 de l&rsquo;islam aux enfants. Dans la m\u00eame collection, \u00ab\u00a0la pri\u00e8re expliqu\u00e9e \u00e0 mon enfant\u00a0\u00bb, \u00ab\u00a0les proph\u00e8tes \u00e0 travers le Coran\u00a0\u00bb, \u00ab\u00a0le Coran expliqu\u00e9 \u00e0 mon enfant\u00a0\u00bb ainsi que beaucoup d&rsquo;autres ouvrages.<\/p>\n","protected":false},"excerpt":{"rendered":"<p>Les bonnes paroles du petit musulman;L&rsquo;Histoire du petit Hicham et son ami le Perroquet L&rsquo;\u00e9quipe Sindibad est heureuse de vous proposer, \u00e0 travers les quatre volets de \u00ab\u00a0Hicham et son and le perroquet\u00a0\u00bb, un enseignement simple et adapt\u00e9 de l&rsquo;islam aux enfants. Dans la m\u00eame collection, \u00ab\u00a0la pri\u00e8re expliqu\u00e9e \u00e0 mon enfant\u00a0\u00bb, \u00ab\u00a0les proph\u00e8tes \u00e0 travers le Coran\u00a0\u00bb, \u00ab\u00a0le Coran expliqu\u00e9 \u00e0 mon enfant\u00a0\u00bb ainsi que beaucoup d&rsquo;autres ouvrages.<\/p>\n","protected":false},"featured_media":38033,"comment_status":"open","ping_status":"closed","template":"","meta":[],"product_brand":[],"product_cat":[15],"product_tag":[],"class_list":{"0":"post-38032","1":"product","2":"type-product","3":"status-publish","4":"has-post-thumbnail","6":"product_cat-non-classe","8":"first","9":"outofstock","10":"shipping-taxable","11":"purchasable","12":"product-type-simple"},"_links":{"self":[{"href":"https:\/\/lamaktaba.fr\/index.php\/wp-json\/wp\/v2\/product\/38032","targetHints":{"allow":["GET"]}}],"collection":[{"href":"https:\/\/lamaktaba.fr\/index.php\/wp-json\/wp\/v2\/product"}],"about":[{"href":"https:\/\/lamaktaba.fr\/index.php\/wp-json\/wp\/v2\/types\/product"}],"replies":[{"embeddable":true,"href":"https:\/\/lamaktaba.fr\/index.php\/wp-json\/wp\/v2\/comments?post=38032"}],"wp:featuredmedia":[{"embeddable":true,"href":"https:\/\/lamaktaba.fr\/index.php\/wp-json\/wp\/v2\/media\/38033"}],"wp:attachment":[{"href":"https:\/\/lamaktaba.fr\/index.php\/wp-json\/wp\/v2\/media?parent=38032"}],"wp:term":[{"taxonomy":"product_brand","embeddable":true,"href":"https:\/\/lamaktaba.fr\/index.php\/wp-json\/wp\/v2\/product_brand?post=38032"},{"taxonomy":"product_cat","embeddable":true,"href":"https:\/\/lamaktaba.fr\/index.php\/wp-json\/wp\/v2\/product_cat?post=38032"},{"taxonomy":"product_tag","embeddable":true,"href":"https:\/\/lamaktaba.fr\/index.php\/wp-json\/wp\/v2\/product_tag?post=38032"}],"curies":[{"name":"wp","href":"https:\/\/api.w.org\/{rel}","templated":true}]}}