{"id":37964,"date":"2021-01-04T00:19:00","date_gmt":"2021-01-03T23:19:00","guid":{"rendered":"https:\/\/lamaktaba.fr\/index.php\/produit\/le-henne-la-solution-naturelle-pour-le-soin-et-la-beaute-des-cheveux-dapres-mahboubi-moussaoui\/"},"modified":"2025-04-01T12:45:26","modified_gmt":"2025-04-01T10:45:26","slug":"le-henne-la-solution-naturelle-pour-le-soin-et-la-beaute-des-cheveux-dapres-mahboubi-moussaoui","status":"publish","type":"product","link":"https:\/\/lamaktaba.fr\/index.php\/produit\/le-henne-la-solution-naturelle-pour-le-soin-et-la-beaute-des-cheveux-dapres-mahboubi-moussaoui","title":{"rendered":"Le Henn\u00e9, la solution naturelle pour le soin et la beaut\u00e9 des cheveux d&rsquo;apr\u00e8s Mahboubi Moussaoui"},"content":{"rendered":"<p>Le Henn\u00e9, la solution naturelle pour le soin et la beaut\u00e9 des cheveux d&rsquo;apr\u00e8s Mahboubi Moussaoui;Voici une nouvelle collection qui r\u00e9unit une liste de produits naturels avec lesquels il est possible de prendre soin de l\u2019ensemble du corps, de la t\u00eate aux pieds. Certains de ces produits sont moins connus que d\u2019autres par le grand public, c\u2019est l\u2019occasion de les d\u00e9couvrir et de profiter de leurs vertus bienfaitrices.;Par extension, on nomme henn\u00e9 d\u2019autres m\u00e9langes de plantes qui sont utilis\u00e9s de la m\u00eame mani\u00e8re pour teindre ou soigner les cheveux.;1. Pour les henn\u00e9s ch\u00e2tain et brun c\u2019est un m\u00e9lange de Lawsonia inermis et d\u2019indigo, c\u2019est \u00e0 dire des feuilles de l\u2019indigotier r\u00e9duites en poudre fine. C\u2019est un arbre dont il existe plusieurs esp\u00e8ces provenant le plus souvent de l\u2019Himalaya.;2. Le henn\u00e9 neutre est obtenu \u00e0 partir de la plante Cassia obovata (Crucif\u00e8res) ou d&rsquo;autres esp\u00e8ces de casse, parfois il s&rsquo;agit m\u00eame de racine de rhubarbe.;3. Le henn\u00e9 blond peut contenir du Lawsonia inermis mais est surtout compos\u00e9 de plantes diverses destin\u00e9es \u00e0 faire ressortir les reflets blonds des cheveux.Apr\u00e8s avoir pr\u00e9sent\u00e9 le v\u00e9ritable henn\u00e9 (Lawsonia inermis), l\u2019objectif est de mener le lecteur au-del\u00e0 de la simple propri\u00e9t\u00e9 colorante de ce produit naturel. Il s\u2019agit de montrer l\u2019aspect moins connu du public, celui des vertus m\u00e9dicinales du henn\u00e9.;L&rsquo;auteur nous expose les bienfaits du henn\u00e9 \u00e0 travers diff\u00e9rents th\u00e8mes;Sommaire;Introduction;Histoire universelle de la m\u00e9decine par les plantes.;Le Henn\u00e9;Nom du henn\u00e9.;Caract\u00e9ristiques g\u00e9n\u00e9rales du Henn\u00e9;- Le tronc du henn\u00e9;- Les feuilles de henn\u00e9;- Les fleurs du henn\u00e9;- Les fruits du henn\u00e9;Habitat du henn\u00e9;Histoire du henn\u00e9;Comment obtenir un henn\u00e9?;Composition du Henn\u00e9;Les propri\u00e9t\u00e9s m\u00e9dicinales du Henn\u00e9;Pr\u00e9paration et application du henn\u00e9;Structure du cheveu;L\u2019action du henn\u00e9 sur le cheveu;Produits associ\u00e9s au henn\u00e9;1. S\u00e9n\u00e9;2. Harkous;3. Katam;Le henn\u00e9 sur la peau;Avertissement et mise en garde;\u00c0 savoir sur la plante m\u00e9dicinale;Modes de pr\u00e9paration;R\u00e9f\u00e9rence 9782356330314;Fiche technique AUTEUR: &#8211; Mahboub Moussaoui LANGUE: -.Fran\u00e7ais ANNEE: &#8211; 2013 SUPPORT: &#8211; Livre THEME: &#8211; Th\u00e9rapie Ancestrale \u00c9DITIONS: &#8211; -SANA Condition: &#8211; Neuf FORMAT (CM): 14 x 20.5 cm Poids (kg): &#8211; 0.119 EAN13: &#8211; 9782356330314 RELIURE: &#8211; Souple;R\u00e9f\u00e9rences sp\u00e9cifiques;Donnez votre avis;Aucun commentaire pour le moment<\/p>\n","protected":false},"excerpt":{"rendered":"<p>Le Henn\u00e9, la solution naturelle pour le soin et la beaut\u00e9 des cheveux d&rsquo;apr\u00e8s Mahboubi Moussaoui;Voici une nouvelle collection qui r\u00e9unit une liste de produits naturels avec lesquels il est possible de prendre soin de l\u2019ensemble du corps, de la t\u00eate aux pieds. Certains de ces produits sont moins connus que d\u2019autres par le grand public, c\u2019est l\u2019occasion de les d\u00e9couvrir et de profiter de leurs vertus bienfaitrices.;Par extension, on nomme henn\u00e9 d\u2019autres m\u00e9langes de plantes qui sont utilis\u00e9s de la m\u00eame mani\u00e8re pour teindre ou soigner les cheveux.;1. Pour les henn\u00e9s ch\u00e2tain et brun c\u2019est un m\u00e9lange de Lawsonia inermis et d\u2019indigo, c\u2019est \u00e0 dire des feuilles de l\u2019indigotier r\u00e9duites en poudre fine. C\u2019est un arbre dont il existe plusieurs esp\u00e8ces provenant le plus souvent de l\u2019Himalaya.;2. Le henn\u00e9 neutre est obtenu \u00e0 partir de la plante Cassia obovata (Crucif\u00e8res) ou d&rsquo;autres esp\u00e8ces de casse, parfois il s&rsquo;agit m\u00eame de racine de rhubarbe.;3. Le henn\u00e9 blond peut contenir du Lawsonia inermis mais est surtout compos\u00e9 de plantes diverses destin\u00e9es \u00e0 faire ressortir les reflets blonds des cheveux.Apr\u00e8s avoir pr\u00e9sent\u00e9 le v\u00e9ritable henn\u00e9 (Lawsonia inermis), l\u2019objectif est de mener le lecteur au-del\u00e0 de la simple propri\u00e9t\u00e9 colorante de ce produit naturel. Il s\u2019agit de montrer l\u2019aspect moins connu du public, celui des vertus m\u00e9dicinales du henn\u00e9.;L&rsquo;auteur nous expose les bienfaits du henn\u00e9 \u00e0 travers diff\u00e9rents th\u00e8mes;Sommaire;Introduction;Histoire universelle de la m\u00e9decine par les plantes.;Le Henn\u00e9;Nom du henn\u00e9.;Caract\u00e9ristiques g\u00e9n\u00e9rales du Henn\u00e9;- Le tronc du henn\u00e9;- Les feuilles de henn\u00e9;- Les fleurs du henn\u00e9;- Les fruits du henn\u00e9;Habitat du henn\u00e9;Histoire du henn\u00e9;Comment obtenir un henn\u00e9?;Composition du Henn\u00e9;Les propri\u00e9t\u00e9s m\u00e9dicinales du Henn\u00e9;Pr\u00e9paration et application du henn\u00e9;Structure du cheveu;L\u2019action du henn\u00e9 sur le cheveu;Produits associ\u00e9s au henn\u00e9;1. S\u00e9n\u00e9;2. Harkous;3. Katam;Le henn\u00e9 sur la peau;Avertissement et mise en garde;\u00c0 savoir sur la plante m\u00e9dicinale;Modes de pr\u00e9paration;R\u00e9f\u00e9rence 9782356330314;Fiche technique AUTEUR: &#8211; Mahboub Moussaoui LANGUE: -.Fran\u00e7ais ANNEE: &#8211; 2013 SUPPORT: &#8211; Livre THEME: &#8211; Th\u00e9rapie Ancestrale \u00c9DITIONS: &#8211; -SANA Condition: &#8211; Neuf FORMAT (CM): 14 x 20.5 cm Poids (kg): &#8211; 0.119 EAN13: &#8211; 9782356330314 RELIURE: &#8211; Souple;R\u00e9f\u00e9rences sp\u00e9cifiques;Donnez votre avis;Aucun commentaire pour le moment<\/p>\n","protected":false},"featured_media":37965,"comment_status":"open","ping_status":"closed","template":"","meta":[],"product_brand":[],"product_cat":[15],"product_tag":[],"class_list":{"0":"post-37964","1":"product","2":"type-product","3":"status-publish","4":"has-post-thumbnail","6":"product_cat-non-classe","7":"pa_annee-451","8":"pa_auteur-mahboub-moussaoui","9":"pa_format-14-x-20-5-cm","10":"pa_langue-francais","11":"pa_reliure-souple","13":"first","14":"instock","15":"shipping-taxable","16":"purchasable","17":"product-type-simple"},"_links":{"self":[{"href":"https:\/\/lamaktaba.fr\/index.php\/wp-json\/wp\/v2\/product\/37964","targetHints":{"allow":["GET"]}}],"collection":[{"href":"https:\/\/lamaktaba.fr\/index.php\/wp-json\/wp\/v2\/product"}],"about":[{"href":"https:\/\/lamaktaba.fr\/index.php\/wp-json\/wp\/v2\/types\/product"}],"replies":[{"embeddable":true,"href":"https:\/\/lamaktaba.fr\/index.php\/wp-json\/wp\/v2\/comments?post=37964"}],"wp:featuredmedia":[{"embeddable":true,"href":"https:\/\/lamaktaba.fr\/index.php\/wp-json\/wp\/v2\/media\/37965"}],"wp:attachment":[{"href":"https:\/\/lamaktaba.fr\/index.php\/wp-json\/wp\/v2\/media?parent=37964"}],"wp:term":[{"taxonomy":"product_brand","embeddable":true,"href":"https:\/\/lamaktaba.fr\/index.php\/wp-json\/wp\/v2\/product_brand?post=37964"},{"taxonomy":"product_cat","embeddable":true,"href":"https:\/\/lamaktaba.fr\/index.php\/wp-json\/wp\/v2\/product_cat?post=37964"},{"taxonomy":"product_tag","embeddable":true,"href":"https:\/\/lamaktaba.fr\/index.php\/wp-json\/wp\/v2\/product_tag?post=37964"}],"curies":[{"name":"wp","href":"https:\/\/api.w.org\/{rel}","templated":true}]}}