{"id":37933,"date":"2021-01-04T00:19:00","date_gmt":"2021-01-03T23:19:00","guid":{"rendered":"https:\/\/lamaktaba.fr\/index.php\/produit\/les-animaux-dans-le-coran-tome-2-edition-tawhid\/"},"modified":"2025-04-01T12:45:56","modified_gmt":"2025-04-01T10:45:56","slug":"les-animaux-dans-le-coran-tome-2-edition-tawhid","status":"publish","type":"product","link":"https:\/\/lamaktaba.fr\/index.php\/produit\/les-animaux-dans-le-coran-tome-2-edition-tawhid","title":{"rendered":"Les animaux dans le coran tome 2, Edition Tawhid"},"content":{"rendered":"<p>Les animaux dans le Coran 2: Un ouvrage captivant pour votre enfant;Livre illustr\u00e9 qui retrace les histoires passionnantes qu&rsquo;Allah a \u00e9voqu\u00e9es dans Son Noble Livre. Au fil des pages, votre enfant pourra d\u00e9couvrir comment Allah a mis en lien la nature avec la proph\u00e9tie, \u00e0 diff\u00e9rents moments de l&rsquo;histoire.;Parmi les histoires cont\u00e9es;La huppe et le proph\u00e8te Soulayman;La baleine et le proph\u00e8te Younous;L&rsquo;oiseau et le proph\u00e8te Issa;Le chien et les jeunes de la Caverne;L&rsquo;\u00e9l\u00e9phant et le grand-p\u00e8re du Proph\u00e8te Mohammad<\/p>\n","protected":false},"excerpt":{"rendered":"<p>Les animaux dans le Coran 2: Un ouvrage captivant pour votre enfant;Livre illustr\u00e9 qui retrace les histoires passionnantes qu&rsquo;Allah a \u00e9voqu\u00e9es dans Son Noble Livre. Au fil des pages, votre enfant pourra d\u00e9couvrir comment Allah a mis en lien la nature avec la proph\u00e9tie, \u00e0 diff\u00e9rents moments de l&rsquo;histoire.;Parmi les histoires cont\u00e9es;La huppe et le proph\u00e8te Soulayman;La baleine et le proph\u00e8te Younous;L&rsquo;oiseau et le proph\u00e8te Issa;Le chien et les jeunes de la Caverne;L&rsquo;\u00e9l\u00e9phant et le grand-p\u00e8re du Proph\u00e8te Mohammad<\/p>\n","protected":false},"featured_media":37934,"comment_status":"open","ping_status":"closed","template":"","meta":[],"product_brand":[],"product_cat":[15],"product_tag":[],"class_list":{"0":"post-37933","1":"product","2":"type-product","3":"status-publish","4":"has-post-thumbnail","6":"product_cat-non-classe","7":"pa_annee-446","8":"pa_auteur-textes-siham-andalouciillustrations-zahra-mohammad-ali","9":"pa_format-23-cm-x-24-8-cm","10":"pa_langue-francais","11":"pa_nombre-de-pages-1013","12":"pa_reliure-rigide","14":"first","15":"outofstock","16":"shipping-taxable","17":"purchasable","18":"product-type-simple"},"_links":{"self":[{"href":"https:\/\/lamaktaba.fr\/index.php\/wp-json\/wp\/v2\/product\/37933","targetHints":{"allow":["GET"]}}],"collection":[{"href":"https:\/\/lamaktaba.fr\/index.php\/wp-json\/wp\/v2\/product"}],"about":[{"href":"https:\/\/lamaktaba.fr\/index.php\/wp-json\/wp\/v2\/types\/product"}],"replies":[{"embeddable":true,"href":"https:\/\/lamaktaba.fr\/index.php\/wp-json\/wp\/v2\/comments?post=37933"}],"wp:featuredmedia":[{"embeddable":true,"href":"https:\/\/lamaktaba.fr\/index.php\/wp-json\/wp\/v2\/media\/37934"}],"wp:attachment":[{"href":"https:\/\/lamaktaba.fr\/index.php\/wp-json\/wp\/v2\/media?parent=37933"}],"wp:term":[{"taxonomy":"product_brand","embeddable":true,"href":"https:\/\/lamaktaba.fr\/index.php\/wp-json\/wp\/v2\/product_brand?post=37933"},{"taxonomy":"product_cat","embeddable":true,"href":"https:\/\/lamaktaba.fr\/index.php\/wp-json\/wp\/v2\/product_cat?post=37933"},{"taxonomy":"product_tag","embeddable":true,"href":"https:\/\/lamaktaba.fr\/index.php\/wp-json\/wp\/v2\/product_tag?post=37933"}],"curies":[{"name":"wp","href":"https:\/\/api.w.org\/{rel}","templated":true}]}}