{"id":37923,"date":"2021-01-04T00:19:00","date_gmt":"2021-01-03T23:19:00","guid":{"rendered":"https:\/\/lamaktaba.fr\/index.php\/produit\/les-perles-et-le-corail-en-2-volumes-al-loulou-wal-marjane-arabe-francais-mouhammad-fouad-abdelbaqi\/"},"modified":"2025-04-01T12:46:36","modified_gmt":"2025-04-01T10:46:36","slug":"les-perles-et-le-corail-en-2-volumes-al-loulou-wal-marjane-arabe-francais-mouhammad-fouad-abdelbaqi","status":"publish","type":"product","link":"https:\/\/lamaktaba.fr\/index.php\/produit\/les-perles-et-le-corail-en-2-volumes-al-loulou-wal-marjane-arabe-francais-mouhammad-fouad-abdelbaqi","title":{"rendered":"Les Perles et le Corail en 2 volumes (Al lou&rsquo;lou wal marjane) &#8211; Arabe &#8211; Fran\u00e7ais &#8211; Mouhammad Fou\u2019\u00e2d Abdelb\u00e2q\u00ee"},"content":{"rendered":"<p>En quoi est-il si sp\u00e9cial?;reponse de l&rsquo;auteur dans son introduction;Ce livre intitul\u00e9 \u00abLes perles et Corail Recueil des Hadiths Unanimement Authentiques Rapport\u00e9s par Al-Boukh\u00e2r\u00ee et Mouslim\u00bb est un recueil de Hadith que les deux Imams: Abou \u2018Abd-Allah Mouhammad ibn Isma\u00efl ibn Ibrahim ibn Al-Moghira ibn Bardz\u00e9ba Al-Boukh\u00e2r\u00ee Al-Go\u2019fi (n\u00e9 en 194 h. et mort en 256 h.);et Abou Al-Hassan Mouslim ibn Al-Hagag ibn Mouslim Al-Kocha\u00efr\u00ee Al-Na\u00efsabour\u00ee ont r\u00e9dig\u00e9.;Al-Sayed Mouhammad Al-Halbab, le directeur de la maison d\u2019\u00e9dition \u00abLa Renaissance des livres arabes\u00bb \u00abIhya\u2019 Al-Kotob Al-\u2018Arabeya\u00bb, a recommand\u00e9 son \u00e9dition.;J\u2019ai cit\u00e9 la version d\u2019Al-Boukh\u00e2r\u00ee la plus proche de celle de Mouslim ce qui n\u2019a pas \u00e9t\u00e9 une t\u00e2che facile puisque ceux qui ont d\u00e9j\u00e0 rapport\u00e9 les Hadiths unanimement reconnus n\u2019ont pas \u00e9t\u00e9 soumis \u00e0 cette condition. Al-Hafiz ibn Higr, le professeur de la science du Hadith, a proclam\u00e9 \u00e9galement que l\u2019accord qui a \u00e9t\u00e9 mentionn\u00e9 entre Al-Boukh\u00e2r\u00ee et Mouslim vise les rapporteurs du Hadith et non pas le style du texte.;Citons, \u00e0 titre d\u2019exemple: l\u2019Imam Al-Nawawi, qui a expliqu\u00e9 les Hadiths authentiques de Mouslim. Quand il a r\u00e9dig\u00e9 Les Quarante Hadiths de Nawaw\u00ee, il a commenc\u00e9 par le Hadith de l\u2019intention tout en mentionnant que les deux cheikhs \u00e9taient d&rsquo;accord sans citer le texte d\u2019Al-Boukh\u00e2r\u00ee le plus proche sur le niveau stylistique de celui de Mouslim. Il a plut\u00f4t mentionn\u00e9 la premi\u00e8re version d\u2019Al-Boukh\u00e2r\u00ee m\u00eame s&rsquo;il y a une certaine diff\u00e9rence stylistique avec celle de Mouslim.;Il serait donc important de citer toutes les versions du Hadith de l\u2019intention qu\u2019a rapport\u00e9 Al-Boukh\u00e2r\u00ee pour que le lecteur puisse \u00e9tablir une comparaison entre ces derni\u00e8res et celle de Mouslim;L\u2019imam Al-Boukh\u00e2r\u00ee a rapport\u00e9 le Hadith;de l\u2019intention selon sept variantes;1) \u2018Oumar Ibn Al Khatt\u00e2b (qu&rsquo;Allah soit satisfait de lui) a dit;J&rsquo;ai entendu l\u2019Envoy\u00e9 d\u2019Allah (pbAsl) dire: \u00abLes actes ne valent que par l\u2019intention. A chaque homme, il ne sera tenu compte que de ses intentions. A celui qui aura \u00e9migr\u00e9 en vue des biens terrestres, ou afin de trouver une femme \u00e0 \u00e9pouser, son \u00e9migration sera compt\u00e9e suivant le but qui aura dict\u00e9 son voyage\u00bb.;2) 2- De la foi;Chapitre XI: les actes ne valent que par l\u2019intention;D\u2019apr\u00e8s \u2018Oumar Ibn Al Khatt\u00e2b (qu&rsquo;Allah soit satisfait de lui), l\u2019Envoy\u00e9 d\u2019Allah (pbAsl) a dit: \u00abLes actes valent par l\u2019intention. A celui qui aura \u00e9migr\u00e9 en vue des biens terrestres, ou afin de trouver une femme \u00e0 \u00e9pouser, son \u00e9migration sera compt\u00e9e suivant le but qui aura dict\u00e9 son voyage\u00bb.;3) 49-De l\u2019affranchissement;Chapitre VI: L\u2019erreur et l\u2019oubli dans l\u2019affranchissement des esclaves et le divorce.;D\u2019apr\u00e8s \u2018Oumar Ibn Al Khatt\u00e2b (qu&rsquo;Allah soit satisfait de lui), l\u2019Envoy\u00e9 d\u2019Allah (pbAsl) a dit: \u00abLes actes valent par l\u2019intention. A Chaque homme, il sera tenu compte de ses intentions. Pour celui qui aura \u00e9migr\u00e9 en vue d\u2019Allah et de Son Envoy\u00e9, son \u00e9migration lui sera compt\u00e9e pour Allah et Son Envoy\u00e9. Quant \u00e0 celui qui aura \u00e9migr\u00e9 en vue des biens terrestres, ou afin de trouver une femme \u00e0 \u00e9pouser, son \u00e9migration sera compt\u00e9e suivant le but qui aura dict\u00e9 son voyage\u00bb&#8230;.\/&#8230;;Il est \u00e0 noter que l\u2019Imam Takey El-Dine ibn Al-Salah;a classifi\u00e9 les recueils des hadiths les plus;authentiques comme suit;1. Recueil des Hadiths rapport\u00e9s par Mouslim et Al-Boukh\u00e2r\u00ee.;2. Recueil des Hadiths rapport\u00e9s par Al-Boukh\u00e2r\u00ee.;3. Recueil des Hadiths rapport\u00e9s par Mouslim.;4. Crit\u00e8res de l\u2019authenticit\u00e9 exig\u00e9s par Mouslim et Al-Boukh\u00e2r\u00ee.;5. Crit\u00e8res de l\u2019authenticit\u00e9 exig\u00e9s par Al-Boukh\u00e2r\u00ee.;6. Crit\u00e8res de l\u2019authenticit\u00e9 exig\u00e9s par Mouslim.;7. Crit\u00e8res de l\u2019authenticit\u00e9 exig\u00e9s par d\u2019autres imams.;Lorsque les Ul\u00e9mas jugent un hadith unanimement authentique, cela veut dire que ce hadith a \u00e9t\u00e9 jug\u00e9 authentique par Mouslim et Al-Boukh\u00e2r\u00ee, les plus grands rapporteurs de hadith.;Qui est l&rsquo;auteur?;Muhammad Fuad Abdul Baqi;un \u00e9rudit musulman, (1882 -1968);Savant \u00e9rudit musulman, peu connu du grand public, auteur de nombreux livres et compilation thematique du Coran et de la sunna, et surtout les index qui donnent acc\u00e8s aux lecteurs du hadith du proph\u00e8te.;ces oeuvres les plus connue;\u201c\u0627\u0644\u0645\u0639\u062c\u0645 \u0627\u0644\u0645\u0641\u0647\u0631\u0633 \u0644\u0627\u0644\u0641\u0627\u0638 \u0627\u0644\u0642\u0631\u0627\u0646 \u0627\u0644\u0643\u0631\u064a\u0645\u201d (Al Mojam el Mofahras Li Alfaz el Qur&rsquo;an al Kareem), Index thematique du Saint Coran.;\u201cJameea Masaned Saheeh Al-Bukhari\u201d, (Bukhari\u2019s Classified Hadith);A translation of \u201cMeftah Konooz el Sunnah\u201d;A translation of \u201cAl Mojam el Mufahras\u201d in the vocabulary of Hadith.;et la pr\u00e9sente oeuvre dans nous vous pr\u00e9sentons la premiere traduction en Fran\u00e7ais;Al-Lu&rsquo;lu Wal-Marjaan (A collection of ahadith of Sahih Al-Bukhari and Sahih Al-Muslim);Pourquoi les Editions Sana ont choisi cette oeuvre?;Les \u00e9ditions SANA-Paris sont heureuses de pr\u00e9senter aux lecteurs francophones cet ouvrage d\u2019une grande qualit\u00e9, et d\u2019une immense valeur, dont le titre, d&rsquo;ailleurs, nous donne un avant go\u00fbt: \u00abAl-Lou\u2019lou\u2019 wa Al-Marj\u00e2ne\u00bb, qu\u2019on peut traduire par: \u00abLes perles et le corail\u00bb.;Ce livre est un recueil de had\u00eeth [paroles du Proph\u00e8te (pbAsl)], dans lequel l\u2019auteur Mouhammad Fou\u2019\u00e2d Abdelb\u00e2q\u00ee a eu l\u2019id\u00e9e ing\u00e9nieuse de compiler les had\u00eeths qui se trouvent dans les deux recueils authentiques des deux im\u00e2ms Al-Boukh\u00e2r\u00ee et Mouslim.;Ce recueil de had\u00eeth a une valeur inestimable puisqu\u2019il regroupe les paroles les plus authentiques du Proph\u00e8te (pbAsl) dans la classification que les sp\u00e9cialistes de la science du had\u00eeth, notamment Ibnou As-Sal\u00e2h, ont mis en place, \u00e0 savoir ceux unanimement authentifi\u00e9s par Al-Boukh\u00e2r\u00ee et Mouslim.;Il faut souligner, \u00e0 ce propos, que les had\u00eeths cit\u00e9s dans ce livre, ne sont pas n\u00e9cessairement les m\u00eames qu\u2019on peut trouver dans les deux Authentiques textuellement. L\u2019im\u00e2m Ibnou Hajar Al-\u2018Asqal\u00e2n\u00ee a bien pr\u00e9cis\u00e9 que la concordance de Mouslim avec Al-Boukh\u00e2r\u00ee (Mouw\u00e2faqa) est plut\u00f4t une concordance dans les conditions d\u2019admission des had\u00eeths en tant qu\u2019authentiques, bien que les termes soient parfois l\u00e9g\u00e8rement diff\u00e9rents.;R\u00e9f\u00e9rence 9782356330406;Fiche technique AUTEUR: &#8211; Muhammad Fuad Abdul Baqi LANGUE: -.Fran\u00e7ais   Arabe ANNEE: &#8211; 2014 SUPPORT: &#8211; Livre THEME: &#8211; Le Hadith \u00c9DITIONS: &#8211; -SANA Condition: &#8211; Neuf Nombre de Pages: &#8211; 1400 Poids (kg): &#8211; 2.2 RELIURE: &#8211; Rigide Nombre de Volume: &#8211; 2.Traduction: &#8211; Editions Sana;R\u00e9f\u00e9rences sp\u00e9cifiques;Donnez votre avis;Aucun commentaire pour le moment<\/p>\n","protected":false},"excerpt":{"rendered":"<p>En quoi est-il si sp\u00e9cial?;reponse de l&rsquo;auteur dans son introduction;Ce livre intitul\u00e9 \u00abLes perles et Corail Recueil des Hadiths Unanimement Authentiques Rapport\u00e9s par Al-Boukh\u00e2r\u00ee et Mouslim\u00bb est un recueil de Hadith que les deux Imams: Abou \u2018Abd-Allah Mouhammad ibn Isma\u00efl ibn Ibrahim ibn Al-Moghira ibn Bardz\u00e9ba Al-Boukh\u00e2r\u00ee Al-Go\u2019fi (n\u00e9 en 194 h. et mort en 256 h.);et Abou Al-Hassan Mouslim ibn Al-Hagag ibn Mouslim Al-Kocha\u00efr\u00ee Al-Na\u00efsabour\u00ee ont r\u00e9dig\u00e9.;Al-Sayed Mouhammad Al-Halbab, le directeur de la maison d\u2019\u00e9dition \u00abLa Renaissance des livres arabes\u00bb \u00abIhya\u2019 Al-Kotob Al-\u2018Arabeya\u00bb, a recommand\u00e9 son \u00e9dition.;J\u2019ai cit\u00e9 la version d\u2019Al-Boukh\u00e2r\u00ee la plus proche de celle de Mouslim ce qui n\u2019a pas \u00e9t\u00e9 une t\u00e2che facile puisque ceux qui ont d\u00e9j\u00e0 rapport\u00e9 les Hadiths unanimement reconnus n\u2019ont pas \u00e9t\u00e9 soumis \u00e0 cette condition. Al-Hafiz ibn Higr, le professeur de la science du Hadith, a proclam\u00e9 \u00e9galement que l\u2019accord qui a \u00e9t\u00e9 mentionn\u00e9 entre Al-Boukh\u00e2r\u00ee et Mouslim vise les rapporteurs du Hadith et non pas le style du texte.;Citons, \u00e0 titre d\u2019exemple: l\u2019Imam Al-Nawawi, qui a expliqu\u00e9 les Hadiths authentiques de Mouslim. Quand il a r\u00e9dig\u00e9 Les Quarante Hadiths de Nawaw\u00ee, il a commenc\u00e9 par le Hadith de l\u2019intention tout en mentionnant que les deux cheikhs \u00e9taient d&rsquo;accord sans citer le texte d\u2019Al-Boukh\u00e2r\u00ee le plus proche sur le niveau stylistique de celui de Mouslim. Il a plut\u00f4t mentionn\u00e9 la premi\u00e8re version d\u2019Al-Boukh\u00e2r\u00ee m\u00eame s&rsquo;il y a une certaine diff\u00e9rence stylistique avec celle de Mouslim.;Il serait donc important de citer toutes les versions du Hadith de l\u2019intention qu\u2019a rapport\u00e9 Al-Boukh\u00e2r\u00ee pour que le lecteur puisse \u00e9tablir une comparaison entre ces derni\u00e8res et celle de Mouslim;L\u2019imam Al-Boukh\u00e2r\u00ee a rapport\u00e9 le Hadith;de l\u2019intention selon sept variantes;1) \u2018Oumar Ibn Al Khatt\u00e2b (qu&rsquo;Allah soit satisfait de lui) a dit;J&rsquo;ai entendu l\u2019Envoy\u00e9 d\u2019Allah (pbAsl) dire: \u00abLes actes ne valent que par l\u2019intention. A chaque homme, il ne sera tenu compte que de ses intentions. A celui qui aura \u00e9migr\u00e9 en vue des biens terrestres, ou afin de trouver une femme \u00e0 \u00e9pouser, son \u00e9migration sera compt\u00e9e suivant le but qui aura dict\u00e9 son voyage\u00bb.;2) 2- De la foi;Chapitre XI: les actes ne valent que par l\u2019intention;D\u2019apr\u00e8s \u2018Oumar Ibn Al Khatt\u00e2b (qu&rsquo;Allah soit satisfait de lui), l\u2019Envoy\u00e9 d\u2019Allah (pbAsl) a dit: \u00abLes actes valent par l\u2019intention. A celui qui aura \u00e9migr\u00e9 en vue des biens terrestres, ou afin de trouver une femme \u00e0 \u00e9pouser, son \u00e9migration sera compt\u00e9e suivant le but qui aura dict\u00e9 son voyage\u00bb.;3) 49-De l\u2019affranchissement;Chapitre VI: L\u2019erreur et l\u2019oubli dans l\u2019affranchissement des esclaves et le divorce.;D\u2019apr\u00e8s \u2018Oumar Ibn Al Khatt\u00e2b (qu&rsquo;Allah soit satisfait de lui), l\u2019Envoy\u00e9 d\u2019Allah (pbAsl) a dit: \u00abLes actes valent par l\u2019intention. A Chaque homme, il sera tenu compte de ses intentions. Pour celui qui aura \u00e9migr\u00e9 en vue d\u2019Allah et de Son Envoy\u00e9, son \u00e9migration lui sera compt\u00e9e pour Allah et Son Envoy\u00e9. Quant \u00e0 celui qui aura \u00e9migr\u00e9 en vue des biens terrestres, ou afin de trouver une femme \u00e0 \u00e9pouser, son \u00e9migration sera compt\u00e9e suivant le but qui aura dict\u00e9 son voyage\u00bb&#8230;.\/&#8230;;Il est \u00e0 noter que l\u2019Imam Takey El-Dine ibn Al-Salah;a classifi\u00e9 les recueils des hadiths les plus;authentiques comme suit;1. Recueil des Hadiths rapport\u00e9s par Mouslim et Al-Boukh\u00e2r\u00ee.;2. Recueil des Hadiths rapport\u00e9s par Al-Boukh\u00e2r\u00ee.;3. Recueil des Hadiths rapport\u00e9s par Mouslim.;4. Crit\u00e8res de l\u2019authenticit\u00e9 exig\u00e9s par Mouslim et Al-Boukh\u00e2r\u00ee.;5. Crit\u00e8res de l\u2019authenticit\u00e9 exig\u00e9s par Al-Boukh\u00e2r\u00ee.;6. Crit\u00e8res de l\u2019authenticit\u00e9 exig\u00e9s par Mouslim.;7. Crit\u00e8res de l\u2019authenticit\u00e9 exig\u00e9s par d\u2019autres imams.;Lorsque les Ul\u00e9mas jugent un hadith unanimement authentique, cela veut dire que ce hadith a \u00e9t\u00e9 jug\u00e9 authentique par Mouslim et Al-Boukh\u00e2r\u00ee, les plus grands rapporteurs de hadith.;Qui est l&rsquo;auteur?;Muhammad Fuad Abdul Baqi;un \u00e9rudit musulman, (1882 -1968);Savant \u00e9rudit musulman, peu connu du grand public, auteur de nombreux livres et compilation thematique du Coran et de la sunna, et surtout les index qui donnent acc\u00e8s aux lecteurs du hadith du proph\u00e8te.;ces oeuvres les plus connue;\u201c\u0627\u0644\u0645\u0639\u062c\u0645 \u0627\u0644\u0645\u0641\u0647\u0631\u0633 \u0644\u0627\u0644\u0641\u0627\u0638 \u0627\u0644\u0642\u0631\u0627\u0646 \u0627\u0644\u0643\u0631\u064a\u0645\u201d (Al Mojam el Mofahras Li Alfaz el Qur&rsquo;an al Kareem), Index thematique du Saint Coran.;\u201cJameea Masaned Saheeh Al-Bukhari\u201d, (Bukhari\u2019s Classified Hadith);A translation of \u201cMeftah Konooz el Sunnah\u201d;A translation of \u201cAl Mojam el Mufahras\u201d in the vocabulary of Hadith.;et la pr\u00e9sente oeuvre dans nous vous pr\u00e9sentons la premiere traduction en Fran\u00e7ais;Al-Lu&rsquo;lu Wal-Marjaan (A collection of ahadith of Sahih Al-Bukhari and Sahih Al-Muslim);Pourquoi les Editions Sana ont choisi cette oeuvre?;Les \u00e9ditions SANA-Paris sont heureuses de pr\u00e9senter aux lecteurs francophones cet ouvrage d\u2019une grande qualit\u00e9, et d\u2019une immense valeur, dont le titre, d&rsquo;ailleurs, nous donne un avant go\u00fbt: \u00abAl-Lou\u2019lou\u2019 wa Al-Marj\u00e2ne\u00bb, qu\u2019on peut traduire par: \u00abLes perles et le corail\u00bb.;Ce livre est un recueil de had\u00eeth [paroles du Proph\u00e8te (pbAsl)], dans lequel l\u2019auteur Mouhammad Fou\u2019\u00e2d Abdelb\u00e2q\u00ee a eu l\u2019id\u00e9e ing\u00e9nieuse de compiler les had\u00eeths qui se trouvent dans les deux recueils authentiques des deux im\u00e2ms Al-Boukh\u00e2r\u00ee et Mouslim.;Ce recueil de had\u00eeth a une valeur inestimable puisqu\u2019il regroupe les paroles les plus authentiques du Proph\u00e8te (pbAsl) dans la classification que les sp\u00e9cialistes de la science du had\u00eeth, notamment Ibnou As-Sal\u00e2h, ont mis en place, \u00e0 savoir ceux unanimement authentifi\u00e9s par Al-Boukh\u00e2r\u00ee et Mouslim.;Il faut souligner, \u00e0 ce propos, que les had\u00eeths cit\u00e9s dans ce livre, ne sont pas n\u00e9cessairement les m\u00eames qu\u2019on peut trouver dans les deux Authentiques textuellement. L\u2019im\u00e2m Ibnou Hajar Al-\u2018Asqal\u00e2n\u00ee a bien pr\u00e9cis\u00e9 que la concordance de Mouslim avec Al-Boukh\u00e2r\u00ee (Mouw\u00e2faqa) est plut\u00f4t une concordance dans les conditions d\u2019admission des had\u00eeths en tant qu\u2019authentiques, bien que les termes soient parfois l\u00e9g\u00e8rement diff\u00e9rents.;R\u00e9f\u00e9rence 9782356330406;Fiche technique AUTEUR: &#8211; Muhammad Fuad Abdul Baqi LANGUE: -.Fran\u00e7ais   Arabe ANNEE: &#8211; 2014 SUPPORT: &#8211; Livre THEME: &#8211; Le Hadith \u00c9DITIONS: &#8211; -SANA Condition: &#8211; Neuf Nombre de Pages: &#8211; 1400 Poids (kg): &#8211; 2.2 RELIURE: &#8211; Rigide Nombre de Volume: &#8211; 2.Traduction: &#8211; Editions Sana;R\u00e9f\u00e9rences sp\u00e9cifiques;Donnez votre avis;Aucun commentaire pour le moment<\/p>\n","protected":false},"featured_media":37924,"comment_status":"open","ping_status":"closed","template":"","meta":[],"product_brand":[],"product_cat":[1902],"product_tag":[],"class_list":{"0":"post-37923","1":"product","2":"type-product","3":"status-publish","4":"has-post-thumbnail","6":"product_cat-hadiths","7":"pa_annee-446","8":"pa_auteur-muhammad-fuad-abdul-baqi","9":"pa_langue-francais-arabe","10":"pa_nombre-de-pages-1354","11":"pa_reliure-rigide","13":"first","14":"outofstock","15":"shipping-taxable","16":"purchasable","17":"product-type-simple"},"_links":{"self":[{"href":"https:\/\/lamaktaba.fr\/index.php\/wp-json\/wp\/v2\/product\/37923","targetHints":{"allow":["GET"]}}],"collection":[{"href":"https:\/\/lamaktaba.fr\/index.php\/wp-json\/wp\/v2\/product"}],"about":[{"href":"https:\/\/lamaktaba.fr\/index.php\/wp-json\/wp\/v2\/types\/product"}],"replies":[{"embeddable":true,"href":"https:\/\/lamaktaba.fr\/index.php\/wp-json\/wp\/v2\/comments?post=37923"}],"wp:featuredmedia":[{"embeddable":true,"href":"https:\/\/lamaktaba.fr\/index.php\/wp-json\/wp\/v2\/media\/37924"}],"wp:attachment":[{"href":"https:\/\/lamaktaba.fr\/index.php\/wp-json\/wp\/v2\/media?parent=37923"}],"wp:term":[{"taxonomy":"product_brand","embeddable":true,"href":"https:\/\/lamaktaba.fr\/index.php\/wp-json\/wp\/v2\/product_brand?post=37923"},{"taxonomy":"product_cat","embeddable":true,"href":"https:\/\/lamaktaba.fr\/index.php\/wp-json\/wp\/v2\/product_cat?post=37923"},{"taxonomy":"product_tag","embeddable":true,"href":"https:\/\/lamaktaba.fr\/index.php\/wp-json\/wp\/v2\/product_tag?post=37923"}],"curies":[{"name":"wp","href":"https:\/\/api.w.org\/{rel}","templated":true}]}}