{"id":37909,"date":"2021-04-01T00:19:34","date_gmt":"2021-03-31T22:19:34","guid":{"rendered":"https:\/\/lamaktaba.fr\/index.php\/produit\/soyez-la-femme-la-plus-heureuse-du-monde-de-aidh-el-qarni-2eme-edition-francaise-2012\/"},"modified":"2025-04-01T12:43:34","modified_gmt":"2025-04-01T10:43:34","slug":"soyez-la-femme-la-plus-heureuse-du-monde-de-aidh-el-qarni-2eme-edition-francaise-2012","status":"publish","type":"product","link":"https:\/\/lamaktaba.fr\/index.php\/produit\/soyez-la-femme-la-plus-heureuse-du-monde-de-aidh-el-qarni-2eme-edition-francaise-2012","title":{"rendered":"Soyez la femme la plus heureuse du monde, de Aidh El-Qarni, 2\u00e8me \u00e9dition fran\u00e7aise (2012)"},"content":{"rendered":"<p>Soyez la femme la plus heureuse du monde, de Aidh El-Qarni, Traduit de l&rsquo;Arabe par Ahmad ben Saghir ben Mohammed, Nouvelle \u00e9dition revue et corrig\u00e9e, 2 \u00e8me \u00e9dition fran\u00e7aise (2012);Ce livre du Dr El-Qarni offre un tr\u00e9sor de joyaux resplendissants destin\u00e9 \u00e0 toutes les femmes: Il contient en effet le Verset sans \u00e9quivoque, le hadith v\u00e9ridique, la parole tranchante, l&rsquo;histoire symbolique, le vers \u00e9mouvant, l&rsquo;id\u00e9e pertinente, l&rsquo;exp\u00e9rience instructive. Lis bien cet ouvrage afin qu&rsquo;il terrasse en toi les derniers retranchements du chagrin, les fant\u00f4mes des soucis, les cauchemars de la peur et du stress. Feuill\u00e8te ce recueil qu&rsquo;il t&rsquo;aide \u00e0 purifier ta m\u00e9moire de l&rsquo;amas des illusions et de l&rsquo;accumulation des obsessions, et qu&rsquo;il t&rsquo;indique les vergers de la qui\u00e9tude, le jardin du bonheur, les demeures de la Foi, les parcs de la joie et les paradis de la r\u00e9jouissance puisse Allah, par Sa g\u00e9n\u00e9rosit\u00e9, te rendre heureuse ici-bas et dans l&rsquo;Au-del\u00e0, car il est certes G\u00e9n\u00e9reux et Glorieux.;C&rsquo;est un livre qui appelle la femme \u00e0 vivre \u00e9panouie avec sa religion, \u00e0 \u00eatre heureuse de la Faveur d&rsquo;Allah (Haza Wajal) envers elle et \u00e0 consid\u00e9rer les bienfaits dont elle est combl\u00e9e comme \u00e9tant de bon augure. c &lsquo;est un sourire d&rsquo;espoir, une brise d&rsquo;esp\u00e9rance et l&rsquo;annonce d&rsquo;une bonne nouvelle adress\u00e9 \u00e0 toute femme qui vit difficilement, dont les soucis augmentent et la tristesse grandit: il l&rsquo;appelle \u00e0 attendre le d\u00e9nouement et \u00e0 s&rsquo;attendre \u00e0 l&rsquo;aisance apr\u00e8s l&rsquo;\u00e9preuve. Il s&rsquo;adresse \u00e0 sa raison vertueuse, son c\u0153ur limpide, son \u00e2me pure pour lui dire: \u00a0\u00bb Patiente et attends ta r\u00e9compense demain, ne d\u00e9sesp\u00e8re pas, sois optimiste: Allah (Haza Wajal) est certes avec toi, Allah te suffira, Allah subviendras \u00e0 tout ce que tu lui demandes. En effet, Allah te prot\u00e8ge et te soutient\u00a0\u00bb.;Un coffret de pr\u00e9cieux rappels, de nombreux conseils pour l&rsquo;aider \u00e0 combattre ses faiblesses et renforcer sa foi et sa pratique, puis\u00e9s dans le Coran et la Sunna du Proph\u00e8te (SWS), et le comportement admirable des premi\u00e8res musulmanes.;\u00c0 propos de l&rsquo; auteur: Aidh El-Qarni;Aidh El-Qarni est un \u00e9crivain prolifique \u00e0 la fois en po\u00e9sie et en prose arabe. Docteur en sciences du Hadith, il est bien connu dans le monde arabo-musulman pour ses conf\u00e9rences et ses discours inspirants, dont des centaines ont \u00e9t\u00e9 enregistr\u00e9s sur supports audio et vid\u00e9o. Il a \u00e9crit plus de 30 livres \u00e0 ce jour. Le Dr El-Qarni \u00e9crit sur un large \u00e9ventail de sujets islamiques, de la jurisprudence \u00e0 des ouvrages de d\u00e9veloppement personnel. Ne sois pas triste, \u00e9galement publi\u00e9 par IIPH, est un autre de ses c\u00e9l\u00e8bres livres.<\/p>\n","protected":false},"excerpt":{"rendered":"<p>Soyez la femme la plus heureuse du monde, de Aidh El-Qarni, Traduit de l&rsquo;Arabe par Ahmad ben Saghir ben Mohammed, Nouvelle \u00e9dition revue et corrig\u00e9e, 2 \u00e8me \u00e9dition fran\u00e7aise (2012);Ce livre du Dr El-Qarni offre un tr\u00e9sor de joyaux resplendissants destin\u00e9 \u00e0 toutes les femmes: Il contient en effet le Verset sans \u00e9quivoque, le hadith v\u00e9ridique, la parole tranchante, l&rsquo;histoire symbolique, le vers \u00e9mouvant, l&rsquo;id\u00e9e pertinente, l&rsquo;exp\u00e9rience instructive. Lis bien cet ouvrage afin qu&rsquo;il terrasse en toi les derniers retranchements du chagrin, les fant\u00f4mes des soucis, les cauchemars de la peur et du stress. Feuill\u00e8te ce recueil qu&rsquo;il t&rsquo;aide \u00e0 purifier ta m\u00e9moire de l&rsquo;amas des illusions et de l&rsquo;accumulation des obsessions, et qu&rsquo;il t&rsquo;indique les vergers de la qui\u00e9tude, le jardin du bonheur, les demeures de la Foi, les parcs de la joie et les paradis de la r\u00e9jouissance puisse Allah, par Sa g\u00e9n\u00e9rosit\u00e9, te rendre heureuse ici-bas et dans l&rsquo;Au-del\u00e0, car il est certes G\u00e9n\u00e9reux et Glorieux.;C&rsquo;est un livre qui appelle la femme \u00e0 vivre \u00e9panouie avec sa religion, \u00e0 \u00eatre heureuse de la Faveur d&rsquo;Allah (Haza Wajal) envers elle et \u00e0 consid\u00e9rer les bienfaits dont elle est combl\u00e9e comme \u00e9tant de bon augure. c &lsquo;est un sourire d&rsquo;espoir, une brise d&rsquo;esp\u00e9rance et l&rsquo;annonce d&rsquo;une bonne nouvelle adress\u00e9 \u00e0 toute femme qui vit difficilement, dont les soucis augmentent et la tristesse grandit: il l&rsquo;appelle \u00e0 attendre le d\u00e9nouement et \u00e0 s&rsquo;attendre \u00e0 l&rsquo;aisance apr\u00e8s l&rsquo;\u00e9preuve. Il s&rsquo;adresse \u00e0 sa raison vertueuse, son c\u0153ur limpide, son \u00e2me pure pour lui dire: \u00a0\u00bb Patiente et attends ta r\u00e9compense demain, ne d\u00e9sesp\u00e8re pas, sois optimiste: Allah (Haza Wajal) est certes avec toi, Allah te suffira, Allah subviendras \u00e0 tout ce que tu lui demandes. En effet, Allah te prot\u00e8ge et te soutient\u00a0\u00bb.;Un coffret de pr\u00e9cieux rappels, de nombreux conseils pour l&rsquo;aider \u00e0 combattre ses faiblesses et renforcer sa foi et sa pratique, puis\u00e9s dans le Coran et la Sunna du Proph\u00e8te (SWS), et le comportement admirable des premi\u00e8res musulmanes.;\u00c0 propos de l&rsquo; auteur: Aidh El-Qarni;Aidh El-Qarni est un \u00e9crivain prolifique \u00e0 la fois en po\u00e9sie et en prose arabe. Docteur en sciences du Hadith, il est bien connu dans le monde arabo-musulman pour ses conf\u00e9rences et ses discours inspirants, dont des centaines ont \u00e9t\u00e9 enregistr\u00e9s sur supports audio et vid\u00e9o. Il a \u00e9crit plus de 30 livres \u00e0 ce jour. Le Dr El-Qarni \u00e9crit sur un large \u00e9ventail de sujets islamiques, de la jurisprudence \u00e0 des ouvrages de d\u00e9veloppement personnel. Ne sois pas triste, \u00e9galement publi\u00e9 par IIPH, est un autre de ses c\u00e9l\u00e8bres livres.<\/p>\n","protected":false},"featured_media":37910,"comment_status":"open","ping_status":"closed","template":"","meta":[],"product_brand":[],"product_cat":[15],"product_tag":[],"class_list":{"0":"post-37909","1":"product","2":"type-product","3":"status-publish","4":"has-post-thumbnail","6":"product_cat-non-classe","8":"first","9":"outofstock","10":"shipping-taxable","11":"purchasable","12":"product-type-simple"},"_links":{"self":[{"href":"https:\/\/lamaktaba.fr\/index.php\/wp-json\/wp\/v2\/product\/37909","targetHints":{"allow":["GET"]}}],"collection":[{"href":"https:\/\/lamaktaba.fr\/index.php\/wp-json\/wp\/v2\/product"}],"about":[{"href":"https:\/\/lamaktaba.fr\/index.php\/wp-json\/wp\/v2\/types\/product"}],"replies":[{"embeddable":true,"href":"https:\/\/lamaktaba.fr\/index.php\/wp-json\/wp\/v2\/comments?post=37909"}],"wp:featuredmedia":[{"embeddable":true,"href":"https:\/\/lamaktaba.fr\/index.php\/wp-json\/wp\/v2\/media\/37910"}],"wp:attachment":[{"href":"https:\/\/lamaktaba.fr\/index.php\/wp-json\/wp\/v2\/media?parent=37909"}],"wp:term":[{"taxonomy":"product_brand","embeddable":true,"href":"https:\/\/lamaktaba.fr\/index.php\/wp-json\/wp\/v2\/product_brand?post=37909"},{"taxonomy":"product_cat","embeddable":true,"href":"https:\/\/lamaktaba.fr\/index.php\/wp-json\/wp\/v2\/product_cat?post=37909"},{"taxonomy":"product_tag","embeddable":true,"href":"https:\/\/lamaktaba.fr\/index.php\/wp-json\/wp\/v2\/product_tag?post=37909"}],"curies":[{"name":"wp","href":"https:\/\/api.w.org\/{rel}","templated":true}]}}