{"id":37879,"date":"2021-01-04T00:19:00","date_gmt":"2021-01-03T23:19:00","guid":{"rendered":"https:\/\/lamaktaba.fr\/index.php\/produit\/aimer-lire-en-arabe-tome-4-niveau-2-volume-2\/"},"modified":"2025-04-01T12:47:30","modified_gmt":"2025-04-01T10:47:30","slug":"aimer-lire-en-arabe-tome-4-niveau-2-volume-2","status":"publish","type":"product","link":"https:\/\/lamaktaba.fr\/index.php\/produit\/aimer-lire-en-arabe-tome-4-niveau-2-volume-2","title":{"rendered":"Aimer lire en arabe, Tome 4 (Niveau 2, Volume 2)"},"content":{"rendered":"<p>S\u00e9rie Aimer lire en arabe, Tome 3 (Niveau 2, Volume 2):Je lis et je comprends mes premi\u00e8res phrases;Ce livre de lecture et d&rsquo;apprentissage de la langue arabe propose des exercices et des activit\u00e9s d&rsquo;entra\u00eenement, des jeux et coloriages distrayant petits et grands !;S\u00e9rie Aimer lire en arabe;Niveau 1;Volume 1- Je reconnais et j&rsquo;\u00e9cris les lettres de l&rsquo;alphabet arabe;Volume 2: Je sais lire et \u00e9crire les lettres de l&rsquo;alphabet arabe.;Niveau 2;Volume 1- Je lis mes premi\u00e8res phrases et je joue avec les mots;Volume 2: Je lis et je comprends mes premi\u00e8res phrases;Niveau 3;Volume 1- Je lis et je joue avec mes premi\u00e8res phrases;Volume 2: Je lis, je comprends et j&rsquo;\u00e9cris mes premiers textes Marque &#8211; PIXELGRAF Editions R\u00e9f\u00e9rence 9782753600690;Fiche technique AUTEUR: &#8211; Con\u00e7u et r\u00e9alis\u00e9 par l&rsquo;\u00e9quipe de Pixelgraf LANGUE: &#8211; Fran\u00e7ais &#8211; Arabe ANNEE: &#8211; 2017 SUPPORT: &#8211; Livre THEME: &#8211; Langue Arabe, Apprentissage, Alphabet arabe \u00c9DITIONS: &#8211; -PIXELGRAF Condition: &#8211; Neuf Nombre de Pages: &#8211; 58 FORMAT (CM): 19.5 x 27.5 cm Poids (kg): &#8211; 0.200 kg EAN13: &#8211; 9782753600690 RELIURE: &#8211; Souple;R\u00e9f\u00e9rences sp\u00e9cifiques;Donnez votre avis;Aucun commentaire pour le moment<\/p>\n","protected":false},"excerpt":{"rendered":"<p>S\u00e9rie Aimer lire en arabe, Tome 3 (Niveau 2, Volume 2):Je lis et je comprends mes premi\u00e8res phrases;Ce livre de lecture et d&rsquo;apprentissage de la langue arabe propose des exercices et des activit\u00e9s d&rsquo;entra\u00eenement, des jeux et coloriages distrayant petits et grands !;S\u00e9rie Aimer lire en arabe;Niveau 1;Volume 1- Je reconnais et j&rsquo;\u00e9cris les lettres de l&rsquo;alphabet arabe;Volume 2: Je sais lire et \u00e9crire les lettres de l&rsquo;alphabet arabe.;Niveau 2;Volume 1- Je lis mes premi\u00e8res phrases et je joue avec les mots;Volume 2: Je lis et je comprends mes premi\u00e8res phrases;Niveau 3;Volume 1- Je lis et je joue avec mes premi\u00e8res phrases;Volume 2: Je lis, je comprends et j&rsquo;\u00e9cris mes premiers textes Marque &#8211; PIXELGRAF Editions R\u00e9f\u00e9rence 9782753600690;Fiche technique AUTEUR: &#8211; Con\u00e7u et r\u00e9alis\u00e9 par l&rsquo;\u00e9quipe de Pixelgraf LANGUE: &#8211; Fran\u00e7ais &#8211; Arabe ANNEE: &#8211; 2017 SUPPORT: &#8211; Livre THEME: &#8211; Langue Arabe, Apprentissage, Alphabet arabe \u00c9DITIONS: &#8211; -PIXELGRAF Condition: &#8211; Neuf Nombre de Pages: &#8211; 58 FORMAT (CM): 19.5 x 27.5 cm Poids (kg): &#8211; 0.200 kg EAN13: &#8211; 9782753600690 RELIURE: &#8211; Souple;R\u00e9f\u00e9rences sp\u00e9cifiques;Donnez votre avis;Aucun commentaire pour le moment<\/p>\n","protected":false},"featured_media":37880,"comment_status":"open","ping_status":"closed","template":"","meta":[],"product_brand":[],"product_cat":[15],"product_tag":[],"class_list":{"0":"post-37879","1":"product","2":"type-product","3":"status-publish","4":"has-post-thumbnail","6":"product_cat-non-classe","7":"pa_annee-440","8":"pa_auteur-concu-et-realise-par-lequipe-de-pixelgraf","9":"pa_editeur-pixelgraf-editions-2","10":"pa_format-19-5-x-27-5-cm","11":"pa_langue-francais-arabe","12":"pa_nombre-de-pages-1312","13":"pa_reliure-souple","15":"first","16":"outofstock","17":"shipping-taxable","18":"purchasable","19":"product-type-simple"},"_links":{"self":[{"href":"https:\/\/lamaktaba.fr\/index.php\/wp-json\/wp\/v2\/product\/37879","targetHints":{"allow":["GET"]}}],"collection":[{"href":"https:\/\/lamaktaba.fr\/index.php\/wp-json\/wp\/v2\/product"}],"about":[{"href":"https:\/\/lamaktaba.fr\/index.php\/wp-json\/wp\/v2\/types\/product"}],"replies":[{"embeddable":true,"href":"https:\/\/lamaktaba.fr\/index.php\/wp-json\/wp\/v2\/comments?post=37879"}],"wp:featuredmedia":[{"embeddable":true,"href":"https:\/\/lamaktaba.fr\/index.php\/wp-json\/wp\/v2\/media\/37880"}],"wp:attachment":[{"href":"https:\/\/lamaktaba.fr\/index.php\/wp-json\/wp\/v2\/media?parent=37879"}],"wp:term":[{"taxonomy":"product_brand","embeddable":true,"href":"https:\/\/lamaktaba.fr\/index.php\/wp-json\/wp\/v2\/product_brand?post=37879"},{"taxonomy":"product_cat","embeddable":true,"href":"https:\/\/lamaktaba.fr\/index.php\/wp-json\/wp\/v2\/product_cat?post=37879"},{"taxonomy":"product_tag","embeddable":true,"href":"https:\/\/lamaktaba.fr\/index.php\/wp-json\/wp\/v2\/product_tag?post=37879"}],"curies":[{"name":"wp","href":"https:\/\/api.w.org\/{rel}","templated":true}]}}