{"id":37872,"date":"2021-04-01T00:19:21","date_gmt":"2021-03-31T22:19:21","guid":{"rendered":"https:\/\/lamaktaba.fr\/index.php\/produit\/precis-de-grammaire-de-larabe-de-ibn-jinni-bilingue-francais-arabe\/"},"modified":"2025-04-01T12:47:30","modified_gmt":"2025-04-01T10:47:30","slug":"precis-de-grammaire-de-larabe-de-ibn-jinni-bilingue-francais-arabe","status":"publish","type":"product","link":"https:\/\/lamaktaba.fr\/index.php\/produit\/precis-de-grammaire-de-larabe-de-ibn-jinni-bilingue-francais-arabe","title":{"rendered":"Pr\u00e9cis de grammaire de l&rsquo;Arabe, de Ibn Jinn\u00ee, Bilingue (Fran\u00e7ais-Arabe)"},"content":{"rendered":"<p>Pr\u00e9cis de grammaire de l&rsquo;Arabe, \u0643\u062a\u0627\u0628 \u0627\u0644\u0644\u0645\u0639 \u0641\u064a \u0627\u0644\u0639\u0631\u0628\u064a\u0629 (Le livre des \u00e9clats sur la langue arabe), d&rsquo;apr\u00e9s la M\u00e9thode et la th\u00e9orie des grammairiens Arabes anciens, de Ibn Jinn\u00ee, En suppl\u00e9ment: \u00ab\u00a0Introduction \u00e0 la grammaire arabe traditionnelle\u00a0\u00bb, de Dr Moussaoui Mahboubi, Texte bilingue: Fran\u00e7ais\/Arabe;Le Livre \u00ab\u00a0Kit\u00e2b al-Luma&rsquo; fi l-arabiya\u00a0\u00bb, s&rsquo;il est peu connu du grand public aujourd&rsquo;hui, il est pourtant compt\u00e9 parmi les livres d&rsquo;apprentissage de la grammaire arabe traditionnelle les plus renomm\u00e9s dans le monde arabo-musulman et ce depuis sa parution au d\u00e9but du XIe si\u00e8cle. R\u00e9dig\u00e9 par l&rsquo;un des plus grands grammairiens arabes Ibn Junn\u00ee, ce livre a connu un immense succ\u00e8s aupr\u00e8s des grammairiens et enseignants de la langue arabe.;Il a \u00e9t\u00e9 \u00e9tudi\u00e9, enseign\u00e9 et comment\u00e9 par de nombreuses personnalit\u00e9s tel que Ibn Khallik\u00e2n, l&rsquo;imam an-Naw\u00e2w\u00ee, Ab\u00fbl-Baq\u00e2&rsquo;al-&lsquo;Ukbar\u00ee etc&#8230; Le \u00a0\u00bb Kit\u00e2b al-Luma&rsquo; fi l-arabiya\u00a0\u00bb est un livre concis destin\u00e9 \u00e0 l&rsquo;enseignement de la grammaire et de la morphologie dans les \u00e9coles traditionnelles. Quant au contenu du livre, deux tiers de celui-ci sont consacr\u00e9s \u00e0 la grammaire (nahwu) et un tiers \u00e0 la morphologie des mots (sarf).;Marque Editions Sabil R\u00e9f\u00e9rence 9791094267189;Fiche technique AUTEUR: &#8211; Ibn Jinn\u00ee LANGUE: -.Fran\u00e7ais   Arabe ANNEE: &#8211; 2019 SUPPORT: &#8211; Livre THEME: &#8211; La Langue Arabe \u00c9DITIONS: &#8211; \u00c9ditions Sabil Condition: &#8211; Neuf Nombre de Pages: &#8211; 328 FORMAT (CM): 16 x 24 cm Poids (kg): &#8211; 525 g EAN13: &#8211; 9791094267189 RELIURE: &#8211; Souple;R\u00e9f\u00e9rences sp\u00e9cifiques;Donnez votre avis;Aucun commentaire pour le moment<\/p>\n","protected":false},"excerpt":{"rendered":"<p>Pr\u00e9cis de grammaire de l&rsquo;Arabe, \u0643\u062a\u0627\u0628 \u0627\u0644\u0644\u0645\u0639 \u0641\u064a \u0627\u0644\u0639\u0631\u0628\u064a\u0629 (Le livre des \u00e9clats sur la langue arabe), d&rsquo;apr\u00e9s la M\u00e9thode et la th\u00e9orie des grammairiens Arabes anciens, de Ibn Jinn\u00ee, En suppl\u00e9ment: \u00ab\u00a0Introduction \u00e0 la grammaire arabe traditionnelle\u00a0\u00bb, de Dr Moussaoui Mahboubi, Texte bilingue: Fran\u00e7ais\/Arabe;Le Livre \u00ab\u00a0Kit\u00e2b al-Luma&rsquo; fi l-arabiya\u00a0\u00bb, s&rsquo;il est peu connu du grand public aujourd&rsquo;hui, il est pourtant compt\u00e9 parmi les livres d&rsquo;apprentissage de la grammaire arabe traditionnelle les plus renomm\u00e9s dans le monde arabo-musulman et ce depuis sa parution au d\u00e9but du XIe si\u00e8cle. R\u00e9dig\u00e9 par l&rsquo;un des plus grands grammairiens arabes Ibn Junn\u00ee, ce livre a connu un immense succ\u00e8s aupr\u00e8s des grammairiens et enseignants de la langue arabe.;Il a \u00e9t\u00e9 \u00e9tudi\u00e9, enseign\u00e9 et comment\u00e9 par de nombreuses personnalit\u00e9s tel que Ibn Khallik\u00e2n, l&rsquo;imam an-Naw\u00e2w\u00ee, Ab\u00fbl-Baq\u00e2&rsquo;al-&lsquo;Ukbar\u00ee etc&#8230; Le \u00a0\u00bb Kit\u00e2b al-Luma&rsquo; fi l-arabiya\u00a0\u00bb est un livre concis destin\u00e9 \u00e0 l&rsquo;enseignement de la grammaire et de la morphologie dans les \u00e9coles traditionnelles. Quant au contenu du livre, deux tiers de celui-ci sont consacr\u00e9s \u00e0 la grammaire (nahwu) et un tiers \u00e0 la morphologie des mots (sarf).;Marque Editions Sabil R\u00e9f\u00e9rence 9791094267189;Fiche technique AUTEUR: &#8211; Ibn Jinn\u00ee LANGUE: -.Fran\u00e7ais   Arabe ANNEE: &#8211; 2019 SUPPORT: &#8211; Livre THEME: &#8211; La Langue Arabe \u00c9DITIONS: &#8211; \u00c9ditions Sabil Condition: &#8211; Neuf Nombre de Pages: &#8211; 328 FORMAT (CM): 16 x 24 cm Poids (kg): &#8211; 525 g EAN13: &#8211; 9791094267189 RELIURE: &#8211; Souple;R\u00e9f\u00e9rences sp\u00e9cifiques;Donnez votre avis;Aucun commentaire pour le moment<\/p>\n","protected":false},"featured_media":37873,"comment_status":"open","ping_status":"closed","template":"","meta":[],"product_brand":[],"product_cat":[15],"product_tag":[],"class_list":{"0":"post-37872","1":"product","2":"type-product","3":"status-publish","4":"has-post-thumbnail","6":"product_cat-non-classe","8":"first","9":"outofstock","10":"shipping-taxable","11":"purchasable","12":"product-type-simple"},"_links":{"self":[{"href":"https:\/\/lamaktaba.fr\/index.php\/wp-json\/wp\/v2\/product\/37872","targetHints":{"allow":["GET"]}}],"collection":[{"href":"https:\/\/lamaktaba.fr\/index.php\/wp-json\/wp\/v2\/product"}],"about":[{"href":"https:\/\/lamaktaba.fr\/index.php\/wp-json\/wp\/v2\/types\/product"}],"replies":[{"embeddable":true,"href":"https:\/\/lamaktaba.fr\/index.php\/wp-json\/wp\/v2\/comments?post=37872"}],"wp:featuredmedia":[{"embeddable":true,"href":"https:\/\/lamaktaba.fr\/index.php\/wp-json\/wp\/v2\/media\/37873"}],"wp:attachment":[{"href":"https:\/\/lamaktaba.fr\/index.php\/wp-json\/wp\/v2\/media?parent=37872"}],"wp:term":[{"taxonomy":"product_brand","embeddable":true,"href":"https:\/\/lamaktaba.fr\/index.php\/wp-json\/wp\/v2\/product_brand?post=37872"},{"taxonomy":"product_cat","embeddable":true,"href":"https:\/\/lamaktaba.fr\/index.php\/wp-json\/wp\/v2\/product_cat?post=37872"},{"taxonomy":"product_tag","embeddable":true,"href":"https:\/\/lamaktaba.fr\/index.php\/wp-json\/wp\/v2\/product_tag?post=37872"}],"curies":[{"name":"wp","href":"https:\/\/api.w.org\/{rel}","templated":true}]}}