{"id":37831,"date":"2021-04-01T00:19:13","date_gmt":"2021-03-31T22:19:13","guid":{"rendered":"https:\/\/lamaktaba.fr\/index.php\/produit\/les-ados-les-comprendre-pour-mieux-les-orienter-de-dr-abd-al-karim-bakkar\/"},"modified":"2025-04-01T12:44:14","modified_gmt":"2025-04-01T10:44:14","slug":"les-ados-les-comprendre-pour-mieux-les-orienter-de-dr-abd-al-karim-bakkar","status":"publish","type":"product","link":"https:\/\/lamaktaba.fr\/index.php\/produit\/les-ados-les-comprendre-pour-mieux-les-orienter-de-dr-abd-al-karim-bakkar","title":{"rendered":"Les ados: Les comprendre pour mieux les orienter, de Dr &lsquo;Abd al-Kar\u00eem Bakk\u00e2r"},"content":{"rendered":"<p>Les Ados;Les comprendre pour mieux les orienter, de Dr &lsquo;Abd al-Kar\u00eem Bakk\u00e2r;L\u2019adolescence est une \u00e9tape importante dans la vie d\u2019un individu et dans la constitution de sa personnalit\u00e9. Le jeune gar\u00e7on et la jeune fille ne sont plus enfants mais sont des adultes en devenir. Ils sont cependant responsables, \u00e0 tout point de vue et notamment du point de vue religieux, de leurs actes et de leurs manquements. Les parents \u00e9galement ont leur part de responsabilit\u00e9 aupr\u00e8s de leurs enfants adolescents, puisqu\u2019ils sont cens\u00e9s les \u00e9duquer et en faire des adultes qui (s\u2019) assument et assurent leur r\u00f4le de musulmans responsables et int\u00e8gres. Mais pour orienter au mieux nos ados, il nous faut les comprendre, les soutenir lors de cette p\u00e9riode difficile et r\u00e9agir avec tact et sagesse face \u00e0 leurs probl\u00e8mes, leurs questionnements, leurs crises, etc.;\u00c0 propos de l&rsquo;auteur: Dr \u2018Abd al-Kar\u00eem Bakk\u00e2r;N\u00e9 \u00e0 Hums (Syrie) en 1951, \u2018Abd al-Kar\u00eem Bakk\u00e2r est un universitaire et chercheur acad\u00e9micien de renomm\u00e9e internationale. Il se rendit c\u00e9l\u00e8bre par ses nombreux \u00e9crits et interventions radiophoniques et t\u00e9l\u00e9vis\u00e9es consacr\u00e9s \u00e0 la pens\u00e9e musulmane contemporaine, \u00e0 l\u2019\u00e9ducation et au d\u00e9veloppement personnel en vue d\u2019une renaissance de la communaut\u00e9 musulmane. Il est aussi l\u2019auteur d\u2019une quarantaine d\u2019ouvrages et d\u2019une centaine d\u2019articles dans ces diff\u00e9rents domaines.<\/p>\n","protected":false},"excerpt":{"rendered":"<p>Les Ados;Les comprendre pour mieux les orienter, de Dr &lsquo;Abd al-Kar\u00eem Bakk\u00e2r;L\u2019adolescence est une \u00e9tape importante dans la vie d\u2019un individu et dans la constitution de sa personnalit\u00e9. Le jeune gar\u00e7on et la jeune fille ne sont plus enfants mais sont des adultes en devenir. Ils sont cependant responsables, \u00e0 tout point de vue et notamment du point de vue religieux, de leurs actes et de leurs manquements. Les parents \u00e9galement ont leur part de responsabilit\u00e9 aupr\u00e8s de leurs enfants adolescents, puisqu\u2019ils sont cens\u00e9s les \u00e9duquer et en faire des adultes qui (s\u2019) assument et assurent leur r\u00f4le de musulmans responsables et int\u00e8gres. Mais pour orienter au mieux nos ados, il nous faut les comprendre, les soutenir lors de cette p\u00e9riode difficile et r\u00e9agir avec tact et sagesse face \u00e0 leurs probl\u00e8mes, leurs questionnements, leurs crises, etc.;\u00c0 propos de l&rsquo;auteur: Dr \u2018Abd al-Kar\u00eem Bakk\u00e2r;N\u00e9 \u00e0 Hums (Syrie) en 1951, \u2018Abd al-Kar\u00eem Bakk\u00e2r est un universitaire et chercheur acad\u00e9micien de renomm\u00e9e internationale. Il se rendit c\u00e9l\u00e8bre par ses nombreux \u00e9crits et interventions radiophoniques et t\u00e9l\u00e9vis\u00e9es consacr\u00e9s \u00e0 la pens\u00e9e musulmane contemporaine, \u00e0 l\u2019\u00e9ducation et au d\u00e9veloppement personnel en vue d\u2019une renaissance de la communaut\u00e9 musulmane. Il est aussi l\u2019auteur d\u2019une quarantaine d\u2019ouvrages et d\u2019une centaine d\u2019articles dans ces diff\u00e9rents domaines.<\/p>\n","protected":false},"featured_media":37832,"comment_status":"open","ping_status":"closed","template":"","meta":[],"product_brand":[],"product_cat":[1910,1925],"product_tag":[],"class_list":{"0":"post-37831","1":"product","2":"type-product","3":"status-publish","4":"has-post-thumbnail","6":"product_cat-education","7":"product_cat-education-des-enfants","9":"first","10":"instock","11":"shipping-taxable","12":"purchasable","13":"product-type-simple"},"_links":{"self":[{"href":"https:\/\/lamaktaba.fr\/index.php\/wp-json\/wp\/v2\/product\/37831","targetHints":{"allow":["GET"]}}],"collection":[{"href":"https:\/\/lamaktaba.fr\/index.php\/wp-json\/wp\/v2\/product"}],"about":[{"href":"https:\/\/lamaktaba.fr\/index.php\/wp-json\/wp\/v2\/types\/product"}],"replies":[{"embeddable":true,"href":"https:\/\/lamaktaba.fr\/index.php\/wp-json\/wp\/v2\/comments?post=37831"}],"wp:featuredmedia":[{"embeddable":true,"href":"https:\/\/lamaktaba.fr\/index.php\/wp-json\/wp\/v2\/media\/37832"}],"wp:attachment":[{"href":"https:\/\/lamaktaba.fr\/index.php\/wp-json\/wp\/v2\/media?parent=37831"}],"wp:term":[{"taxonomy":"product_brand","embeddable":true,"href":"https:\/\/lamaktaba.fr\/index.php\/wp-json\/wp\/v2\/product_brand?post=37831"},{"taxonomy":"product_cat","embeddable":true,"href":"https:\/\/lamaktaba.fr\/index.php\/wp-json\/wp\/v2\/product_cat?post=37831"},{"taxonomy":"product_tag","embeddable":true,"href":"https:\/\/lamaktaba.fr\/index.php\/wp-json\/wp\/v2\/product_tag?post=37831"}],"curies":[{"name":"wp","href":"https:\/\/api.w.org\/{rel}","templated":true}]}}