{"id":37804,"date":"2021-01-04T00:19:00","date_gmt":"2021-01-03T23:19:00","guid":{"rendered":"https:\/\/lamaktaba.fr\/index.php\/produit\/les-cles-du-paradis-abderrazak-mahri-livre\/"},"modified":"2025-04-01T12:43:59","modified_gmt":"2025-04-01T10:43:59","slug":"les-cles-du-paradis-abderrazak-mahri-livre","status":"publish","type":"product","link":"https:\/\/lamaktaba.fr\/index.php\/produit\/les-cles-du-paradis-abderrazak-mahri-livre","title":{"rendered":"Les cl\u00e9s du Paradis &#8211; Abderrazak Mahri &#8211; Livre"},"content":{"rendered":"<p>Pour pouvoir compter parmi les bienheureux qui acc\u00e8deront au paradis il est primordial d\u2019avoir une foi saine et d\u2019aller \u00e0 Dieu en portant un monoth\u00e9isme pur, car venir \u00e0 Dieu avec les \u0153uvres des habitants du Paradis mais en \u00e9tant d\u00e9muni du credo authentique r\u00e9v\u00e9l\u00e9 par Dieu \u00e0 Son Envoy\u00e9 Muhammad ne suffit pas pour b\u00e9n\u00e9ficier de l\u2019agr\u00e9ment de Dieu et voir s\u2019ouvrir devant soi les portes du Jardin, de la demeure de la f\u00e9licit\u00e9 intarissable.;Et si la foi est fondamentale, elle ne suffit pas pour autant \u00e0 elle seule pour garantir l\u2019acc\u00e8s au Paradis. En effet, toutes les fois que Dieu \u00e9voque, dans le Coran, la foi Il la lie aux bonnes actions, lesquelles doivent \u00eatre enti\u00e8rement vou\u00e9es \u00e0 Dieu et embo\u00eeter le pas au Proph\u00e8te.;Le pr\u00e9sent opuscule se donne pour but d\u2019exposer les diff\u00e9rents actes et les diverses conduites que la Loi met \u00e0 la port\u00e9e du Croyant pour lui rendre accessible le Paradis.<\/p>\n","protected":false},"excerpt":{"rendered":"<p>Pour pouvoir compter parmi les bienheureux qui acc\u00e8deront au paradis il est primordial d\u2019avoir une foi saine et d\u2019aller \u00e0 Dieu en portant un monoth\u00e9isme pur, car venir \u00e0 Dieu avec les \u0153uvres des habitants du Paradis mais en \u00e9tant d\u00e9muni du credo authentique r\u00e9v\u00e9l\u00e9 par Dieu \u00e0 Son Envoy\u00e9 Muhammad ne suffit pas pour b\u00e9n\u00e9ficier de l\u2019agr\u00e9ment de Dieu et voir s\u2019ouvrir devant soi les portes du Jardin, de la demeure de la f\u00e9licit\u00e9 intarissable.;Et si la foi est fondamentale, elle ne suffit pas pour autant \u00e0 elle seule pour garantir l\u2019acc\u00e8s au Paradis. En effet, toutes les fois que Dieu \u00e9voque, dans le Coran, la foi Il la lie aux bonnes actions, lesquelles doivent \u00eatre enti\u00e8rement vou\u00e9es \u00e0 Dieu et embo\u00eeter le pas au Proph\u00e8te.;Le pr\u00e9sent opuscule se donne pour but d\u2019exposer les diff\u00e9rents actes et les diverses conduites que la Loi met \u00e0 la port\u00e9e du Croyant pour lui rendre accessible le Paradis.<\/p>\n","protected":false},"featured_media":37805,"comment_status":"open","ping_status":"closed","template":"","meta":[],"product_brand":[],"product_cat":[15],"product_tag":[],"class_list":{"0":"post-37804","1":"product","2":"type-product","3":"status-publish","4":"has-post-thumbnail","6":"product_cat-non-classe","7":"pa_annee-440","8":"pa_auteur-abderrazak-mahri","9":"pa_code-produit-ref-24264","10":"pa_editeur-ennour","11":"pa_format-8-x-10-cm","12":"pa_langue-francais","13":"pa_nombre-de-pages-790","15":"first","16":"instock","17":"shipping-taxable","18":"purchasable","19":"product-type-simple"},"_links":{"self":[{"href":"https:\/\/lamaktaba.fr\/index.php\/wp-json\/wp\/v2\/product\/37804","targetHints":{"allow":["GET"]}}],"collection":[{"href":"https:\/\/lamaktaba.fr\/index.php\/wp-json\/wp\/v2\/product"}],"about":[{"href":"https:\/\/lamaktaba.fr\/index.php\/wp-json\/wp\/v2\/types\/product"}],"replies":[{"embeddable":true,"href":"https:\/\/lamaktaba.fr\/index.php\/wp-json\/wp\/v2\/comments?post=37804"}],"wp:featuredmedia":[{"embeddable":true,"href":"https:\/\/lamaktaba.fr\/index.php\/wp-json\/wp\/v2\/media\/37805"}],"wp:attachment":[{"href":"https:\/\/lamaktaba.fr\/index.php\/wp-json\/wp\/v2\/media?parent=37804"}],"wp:term":[{"taxonomy":"product_brand","embeddable":true,"href":"https:\/\/lamaktaba.fr\/index.php\/wp-json\/wp\/v2\/product_brand?post=37804"},{"taxonomy":"product_cat","embeddable":true,"href":"https:\/\/lamaktaba.fr\/index.php\/wp-json\/wp\/v2\/product_cat?post=37804"},{"taxonomy":"product_tag","embeddable":true,"href":"https:\/\/lamaktaba.fr\/index.php\/wp-json\/wp\/v2\/product_tag?post=37804"}],"curies":[{"name":"wp","href":"https:\/\/api.w.org\/{rel}","templated":true}]}}