{"id":37768,"date":"2021-04-01T00:18:56","date_gmt":"2021-03-31T22:18:56","guid":{"rendered":"https:\/\/lamaktaba.fr\/index.php\/produit\/les-oeufs\/"},"modified":"2025-04-01T12:47:30","modified_gmt":"2025-04-01T10:47:30","slug":"les-oeufs","status":"publish","type":"product","link":"https:\/\/lamaktaba.fr\/index.php\/produit\/les-oeufs","title":{"rendered":"Les \u0153ufs"},"content":{"rendered":"<p>Titre: Les \u0153ufs;Auteur: Rachida Amhaouche;Edition: CHAARAOUI;Support: Livre;Theme: Culture et Art Islamique;Description: Dans ce livre \u00e0 la fois simple et pratique, retrouvez l&rsquo;essentiel Des oeufs avec ses saveurs et ses parfums de terroir. Conscients de la subtilit\u00e9 de la r\u00e9alisation des recettes, nous avons voulu ce livre un v\u00e9ritable guide, magnifiquement illustr\u00e9, vous accompagnant dans toutes les \u00e9tapes. Il vous substitue des moments de pr\u00e9paration en v\u00e9ritables moments de plaisir et de d\u00e9tente.<\/p>\n","protected":false},"excerpt":{"rendered":"<p>Titre: Les \u0153ufs;Auteur: Rachida Amhaouche;Edition: CHAARAOUI;Support: Livre;Theme: Culture et Art Islamique;Description: Dans ce livre \u00e0 la fois simple et pratique, retrouvez l&rsquo;essentiel Des oeufs avec ses saveurs et ses parfums de terroir. Conscients de la subtilit\u00e9 de la r\u00e9alisation des recettes, nous avons voulu ce livre un v\u00e9ritable guide, magnifiquement illustr\u00e9, vous accompagnant dans toutes les \u00e9tapes. Il vous substitue des moments de pr\u00e9paration en v\u00e9ritables moments de plaisir et de d\u00e9tente.<\/p>\n","protected":false},"featured_media":37769,"comment_status":"open","ping_status":"closed","template":"","meta":[],"product_brand":[],"product_cat":[15],"product_tag":[],"class_list":{"0":"post-37768","1":"product","2":"type-product","3":"status-publish","4":"has-post-thumbnail","6":"product_cat-non-classe","8":"first","9":"outofstock","10":"shipping-taxable","11":"purchasable","12":"product-type-simple"},"_links":{"self":[{"href":"https:\/\/lamaktaba.fr\/index.php\/wp-json\/wp\/v2\/product\/37768","targetHints":{"allow":["GET"]}}],"collection":[{"href":"https:\/\/lamaktaba.fr\/index.php\/wp-json\/wp\/v2\/product"}],"about":[{"href":"https:\/\/lamaktaba.fr\/index.php\/wp-json\/wp\/v2\/types\/product"}],"replies":[{"embeddable":true,"href":"https:\/\/lamaktaba.fr\/index.php\/wp-json\/wp\/v2\/comments?post=37768"}],"wp:featuredmedia":[{"embeddable":true,"href":"https:\/\/lamaktaba.fr\/index.php\/wp-json\/wp\/v2\/media\/37769"}],"wp:attachment":[{"href":"https:\/\/lamaktaba.fr\/index.php\/wp-json\/wp\/v2\/media?parent=37768"}],"wp:term":[{"taxonomy":"product_brand","embeddable":true,"href":"https:\/\/lamaktaba.fr\/index.php\/wp-json\/wp\/v2\/product_brand?post=37768"},{"taxonomy":"product_cat","embeddable":true,"href":"https:\/\/lamaktaba.fr\/index.php\/wp-json\/wp\/v2\/product_cat?post=37768"},{"taxonomy":"product_tag","embeddable":true,"href":"https:\/\/lamaktaba.fr\/index.php\/wp-json\/wp\/v2\/product_tag?post=37768"}],"curies":[{"name":"wp","href":"https:\/\/api.w.org\/{rel}","templated":true}]}}