{"id":37691,"date":"2021-04-01T00:18:42","date_gmt":"2021-03-31T22:18:42","guid":{"rendered":"https:\/\/lamaktaba.fr\/index.php\/produit\/le-mariage-selon-lislam\/"},"modified":"2025-04-01T12:44:08","modified_gmt":"2025-04-01T10:44:08","slug":"le-mariage-selon-lislam","status":"publish","type":"product","link":"https:\/\/lamaktaba.fr\/index.php\/produit\/le-mariage-selon-lislam","title":{"rendered":"Le mariage selon l&rsquo;Islam"},"content":{"rendered":"<p>Le mariage selon l&rsquo;Islam &#8211; Conseils pratiques pour faire face aux \u00e9preuves &#8211; SADAF FAROOQI;De nos jours, les statistiques ne cessent de montrer une fausse du taux de divorces, m\u00eame chez les Musulmans, en particulier dans les pays occidentaux.;Bien que s&rsquo;adressant en particulier aux femmes musulmanes, l&rsquo;auteur a r\u00e9ussi \u00e0 prendre assez de recul pour \u00eatre de bons conseils et rester impartiale quant \u00e0 la responsabilit\u00e9 des deux sexes. Ce livre est une v\u00e9ritable mine de conseils pratiques indispensables \u00e0 la fois pour les jeunes c\u00e9libataires et les personnes d\u00e9j\u00e0 mari\u00e9es qui souhaitent corriger quelques aspects de leur vie conjugales afin de se conformer aux principales de l&rsquo;Islam. Ce guide apprend aux hommes et aux femmes le comportement dans toutes les situations familiales au quotidien ainsi que dans l&rsquo;intimit\u00e9, selon le Coran et la Sunna, en recherchant la satisfaction d&rsquo;Allah(SAWTA). Il permettra aussi \u00e0 toutes les personnes impliqu\u00e9es dans la vie de famille \u2013 le mari, la femme, les enfants et les belles-familles \u2013 \u00e0 en tirer le plus grand b\u00e9n\u00e9fice et ainsi \u00e0 vivre en parfaite harmonie.;Dans ce livre, Sadaf Farooqi a r\u00e9uni quelques articles concernant le mariage afin que ces couples musulmans, \u00e0 qui elle en peut pas s&rsquo;adresser directement, puissent obtenir consolation et espoir pour un soulagement rapide et une facilit\u00e9 future. On y trouve \u00e9galement des conseils pour les maris musulmans concernant le bon traitement de leurs \u00e9pouses, qui est une sources de la pr\u00e9servation de l&rsquo;amour dans le couple.;A propos de l&rsquo;auteur;Sadaf Farooqi, domicili\u00e9e au Pakistan, est la maman de trois enfants, heureuse dans son mariage. Elle est \u00e9crivain ind\u00e9pendante et professeur \u00e0 temps partiel, elle donne des cours de sciences islamiques pour les femmes et les jeunes filles. Elle a \u00e9galement \u00e9crit sur sa propre exp\u00e9rience de vie, dans un blog plusieurs fois r\u00e9compens\u00e9, \u00ab Sadaf&rsquo;s space \u00bb &#8211; l&rsquo;espace de Sadaf.<\/p>\n","protected":false},"excerpt":{"rendered":"<p>Le mariage selon l&rsquo;Islam &#8211; Conseils pratiques pour faire face aux \u00e9preuves &#8211; SADAF FAROOQI;De nos jours, les statistiques ne cessent de montrer une fausse du taux de divorces, m\u00eame chez les Musulmans, en particulier dans les pays occidentaux.;Bien que s&rsquo;adressant en particulier aux femmes musulmanes, l&rsquo;auteur a r\u00e9ussi \u00e0 prendre assez de recul pour \u00eatre de bons conseils et rester impartiale quant \u00e0 la responsabilit\u00e9 des deux sexes. Ce livre est une v\u00e9ritable mine de conseils pratiques indispensables \u00e0 la fois pour les jeunes c\u00e9libataires et les personnes d\u00e9j\u00e0 mari\u00e9es qui souhaitent corriger quelques aspects de leur vie conjugales afin de se conformer aux principales de l&rsquo;Islam. Ce guide apprend aux hommes et aux femmes le comportement dans toutes les situations familiales au quotidien ainsi que dans l&rsquo;intimit\u00e9, selon le Coran et la Sunna, en recherchant la satisfaction d&rsquo;Allah(SAWTA). Il permettra aussi \u00e0 toutes les personnes impliqu\u00e9es dans la vie de famille \u2013 le mari, la femme, les enfants et les belles-familles \u2013 \u00e0 en tirer le plus grand b\u00e9n\u00e9fice et ainsi \u00e0 vivre en parfaite harmonie.;Dans ce livre, Sadaf Farooqi a r\u00e9uni quelques articles concernant le mariage afin que ces couples musulmans, \u00e0 qui elle en peut pas s&rsquo;adresser directement, puissent obtenir consolation et espoir pour un soulagement rapide et une facilit\u00e9 future. On y trouve \u00e9galement des conseils pour les maris musulmans concernant le bon traitement de leurs \u00e9pouses, qui est une sources de la pr\u00e9servation de l&rsquo;amour dans le couple.;A propos de l&rsquo;auteur;Sadaf Farooqi, domicili\u00e9e au Pakistan, est la maman de trois enfants, heureuse dans son mariage. Elle est \u00e9crivain ind\u00e9pendante et professeur \u00e0 temps partiel, elle donne des cours de sciences islamiques pour les femmes et les jeunes filles. Elle a \u00e9galement \u00e9crit sur sa propre exp\u00e9rience de vie, dans un blog plusieurs fois r\u00e9compens\u00e9, \u00ab Sadaf&rsquo;s space \u00bb &#8211; l&rsquo;espace de Sadaf.<\/p>\n","protected":false},"featured_media":37692,"comment_status":"open","ping_status":"closed","template":"","meta":[],"product_brand":[],"product_cat":[15],"product_tag":[],"class_list":{"0":"post-37691","1":"product","2":"type-product","3":"status-publish","4":"has-post-thumbnail","6":"product_cat-non-classe","8":"first","9":"outofstock","10":"shipping-taxable","11":"purchasable","12":"product-type-simple"},"_links":{"self":[{"href":"https:\/\/lamaktaba.fr\/index.php\/wp-json\/wp\/v2\/product\/37691","targetHints":{"allow":["GET"]}}],"collection":[{"href":"https:\/\/lamaktaba.fr\/index.php\/wp-json\/wp\/v2\/product"}],"about":[{"href":"https:\/\/lamaktaba.fr\/index.php\/wp-json\/wp\/v2\/types\/product"}],"replies":[{"embeddable":true,"href":"https:\/\/lamaktaba.fr\/index.php\/wp-json\/wp\/v2\/comments?post=37691"}],"wp:featuredmedia":[{"embeddable":true,"href":"https:\/\/lamaktaba.fr\/index.php\/wp-json\/wp\/v2\/media\/37692"}],"wp:attachment":[{"href":"https:\/\/lamaktaba.fr\/index.php\/wp-json\/wp\/v2\/media?parent=37691"}],"wp:term":[{"taxonomy":"product_brand","embeddable":true,"href":"https:\/\/lamaktaba.fr\/index.php\/wp-json\/wp\/v2\/product_brand?post=37691"},{"taxonomy":"product_cat","embeddable":true,"href":"https:\/\/lamaktaba.fr\/index.php\/wp-json\/wp\/v2\/product_cat?post=37691"},{"taxonomy":"product_tag","embeddable":true,"href":"https:\/\/lamaktaba.fr\/index.php\/wp-json\/wp\/v2\/product_tag?post=37691"}],"curies":[{"name":"wp","href":"https:\/\/api.w.org\/{rel}","templated":true}]}}