{"id":37678,"date":"2021-04-01T00:18:37","date_gmt":"2021-03-31T22:18:37","guid":{"rendered":"https:\/\/lamaktaba.fr\/index.php\/produit\/jaime-mon-mari-57-procedes-pour-raffermir-lamour-de-ton-mari-de-adil-fathi-abd-allah-9-eme-edition-2016\/"},"modified":"2025-04-01T12:44:59","modified_gmt":"2025-04-01T10:44:59","slug":"jaime-mon-mari-57-procedes-pour-raffermir-lamour-de-ton-mari-de-adil-fathi-abd-allah-9-eme-edition-2016","status":"publish","type":"product","link":"https:\/\/lamaktaba.fr\/index.php\/produit\/jaime-mon-mari-57-procedes-pour-raffermir-lamour-de-ton-mari-de-adil-fathi-abd-allah-9-eme-edition-2016","title":{"rendered":"J&rsquo;aime mon mari (57 Proc\u00e9d\u00e9s pour raffermir l&rsquo;amour de ton mari), de &lsquo;Adil Fath\u00ee Abd-Allah, 9 \u00e8me \u00e9dition 2016"},"content":{"rendered":"<p>J&rsquo;aime mon mari (57 Proc\u00e9d\u00e9s pour raffermir l&rsquo;amour de ton mari \u00e0 la lumi\u00e8re du Coran et de la Sunna authentique), de &lsquo;Adil Fath\u00ee Abd-Allah, 9 \u00e8me \u00e9dition 2016;L&rsquo;\u00e9pouse est telle une fleur dans sa maison et tel un vent, doux et l\u00e9ger, qui souffle sur le foyer pour le transformer en de splendides jardins. Et vue l&rsquo;importance du r\u00f4le de l&rsquo;\u00e9pouse dans la consolidation des assises sur lesquelles repose le m\u00e9nage, ainsi que dans la conservation et le renouvellement au quotidien du climat propice \u00e0 la bonne entente du couple, la plupart des chercheurs ont concentr\u00e9 leurs efforts sur sa personnalit\u00e9 particuli\u00e8re et lui ont adress\u00e9 plusieurs messages dans lesquels ils l&rsquo;incitaient \u00e0 bien traiter son \u00e9poux et \u00e0 entretenir avec bienveillance l&rsquo;\u00e9quilibre au sein de son couple.;En vertu de l&rsquo;importance de cette mission et de son grand m\u00e9rite, il appara\u00eet d\u00e9sormais obligatoire pour l&rsquo;\u00e9pouse d&rsquo;agir parfaitement \u00e0 l&rsquo;\u00e9gard de son \u00e9poux, d&rsquo;apprendre l&rsquo;art et la mani\u00e8re de gagner son c\u0153ur et de veiller \u00e0 ce que l&rsquo;amour qu&rsquo;il lui porte grandisse davantage. Non seulement, cela lui fera gagner une grande r\u00e9compense aupr\u00e8s d&rsquo;Allah, mais contribuera \u00e9norm\u00e9ment \u00e0 consolider les assises de la famille, ce qui renforcera la soci\u00e9t\u00e9 et la communaut\u00e9 musulmane.;Nous indiquerons dans ce livre les voies (selon les conseils proph\u00e9tiques) permettant \u00e0 l&rsquo;\u00e9pouse d&rsquo;\u00eatre aimable envers son mari afin de gagner son c\u0153ur et son comportement sera \u00e0 la hauteur et conforme \u00e0 sa d\u00e9claration: J &lsquo;Aime Mon Mari.;Marque ALMADINA Editions R\u00e9f\u00e9rence 9789954948552;Fiche technique AUTEUR: &#8211; &lsquo;Adil Fath\u00ee Abd-Allah LANGUE: -.Fran\u00e7ais ANNEE: &#8211; 2016 SUPPORT: &#8211; Livre THEME: &#8211; Guide conjugal, Femme, Mariage \u00c9DITIONS: &#8211; ALMADINA Condition: &#8211; Neuf Nombre de Pages: &#8211; 88 FORMAT (CM): 14.8 x 21.8 cm Poids (kg): &#8211; 0.136 kg EAN13: &#8211; 9789954948552 RELIURE: &#8211; Souple.Traduction: &#8211; Mohammed Karimi;R\u00e9f\u00e9rences sp\u00e9cifiques;Donnez votre avis;Aucun commentaire pour le moment<\/p>\n","protected":false},"excerpt":{"rendered":"<p>J&rsquo;aime mon mari (57 Proc\u00e9d\u00e9s pour raffermir l&rsquo;amour de ton mari \u00e0 la lumi\u00e8re du Coran et de la Sunna authentique), de &lsquo;Adil Fath\u00ee Abd-Allah, 9 \u00e8me \u00e9dition 2016;L&rsquo;\u00e9pouse est telle une fleur dans sa maison et tel un vent, doux et l\u00e9ger, qui souffle sur le foyer pour le transformer en de splendides jardins. Et vue l&rsquo;importance du r\u00f4le de l&rsquo;\u00e9pouse dans la consolidation des assises sur lesquelles repose le m\u00e9nage, ainsi que dans la conservation et le renouvellement au quotidien du climat propice \u00e0 la bonne entente du couple, la plupart des chercheurs ont concentr\u00e9 leurs efforts sur sa personnalit\u00e9 particuli\u00e8re et lui ont adress\u00e9 plusieurs messages dans lesquels ils l&rsquo;incitaient \u00e0 bien traiter son \u00e9poux et \u00e0 entretenir avec bienveillance l&rsquo;\u00e9quilibre au sein de son couple.;En vertu de l&rsquo;importance de cette mission et de son grand m\u00e9rite, il appara\u00eet d\u00e9sormais obligatoire pour l&rsquo;\u00e9pouse d&rsquo;agir parfaitement \u00e0 l&rsquo;\u00e9gard de son \u00e9poux, d&rsquo;apprendre l&rsquo;art et la mani\u00e8re de gagner son c\u0153ur et de veiller \u00e0 ce que l&rsquo;amour qu&rsquo;il lui porte grandisse davantage. Non seulement, cela lui fera gagner une grande r\u00e9compense aupr\u00e8s d&rsquo;Allah, mais contribuera \u00e9norm\u00e9ment \u00e0 consolider les assises de la famille, ce qui renforcera la soci\u00e9t\u00e9 et la communaut\u00e9 musulmane.;Nous indiquerons dans ce livre les voies (selon les conseils proph\u00e9tiques) permettant \u00e0 l&rsquo;\u00e9pouse d&rsquo;\u00eatre aimable envers son mari afin de gagner son c\u0153ur et son comportement sera \u00e0 la hauteur et conforme \u00e0 sa d\u00e9claration: J &lsquo;Aime Mon Mari.;Marque ALMADINA Editions R\u00e9f\u00e9rence 9789954948552;Fiche technique AUTEUR: &#8211; &lsquo;Adil Fath\u00ee Abd-Allah LANGUE: -.Fran\u00e7ais ANNEE: &#8211; 2016 SUPPORT: &#8211; Livre THEME: &#8211; Guide conjugal, Femme, Mariage \u00c9DITIONS: &#8211; ALMADINA Condition: &#8211; Neuf Nombre de Pages: &#8211; 88 FORMAT (CM): 14.8 x 21.8 cm Poids (kg): &#8211; 0.136 kg EAN13: &#8211; 9789954948552 RELIURE: &#8211; Souple.Traduction: &#8211; Mohammed Karimi;R\u00e9f\u00e9rences sp\u00e9cifiques;Donnez votre avis;Aucun commentaire pour le moment<\/p>\n","protected":false},"featured_media":37679,"comment_status":"open","ping_status":"closed","template":"","meta":[],"product_brand":[],"product_cat":[15],"product_tag":[],"class_list":{"0":"post-37678","1":"product","2":"type-product","3":"status-publish","4":"has-post-thumbnail","6":"product_cat-non-classe","8":"first","9":"outofstock","10":"shipping-taxable","11":"purchasable","12":"product-type-simple"},"_links":{"self":[{"href":"https:\/\/lamaktaba.fr\/index.php\/wp-json\/wp\/v2\/product\/37678","targetHints":{"allow":["GET"]}}],"collection":[{"href":"https:\/\/lamaktaba.fr\/index.php\/wp-json\/wp\/v2\/product"}],"about":[{"href":"https:\/\/lamaktaba.fr\/index.php\/wp-json\/wp\/v2\/types\/product"}],"replies":[{"embeddable":true,"href":"https:\/\/lamaktaba.fr\/index.php\/wp-json\/wp\/v2\/comments?post=37678"}],"wp:featuredmedia":[{"embeddable":true,"href":"https:\/\/lamaktaba.fr\/index.php\/wp-json\/wp\/v2\/media\/37679"}],"wp:attachment":[{"href":"https:\/\/lamaktaba.fr\/index.php\/wp-json\/wp\/v2\/media?parent=37678"}],"wp:term":[{"taxonomy":"product_brand","embeddable":true,"href":"https:\/\/lamaktaba.fr\/index.php\/wp-json\/wp\/v2\/product_brand?post=37678"},{"taxonomy":"product_cat","embeddable":true,"href":"https:\/\/lamaktaba.fr\/index.php\/wp-json\/wp\/v2\/product_cat?post=37678"},{"taxonomy":"product_tag","embeddable":true,"href":"https:\/\/lamaktaba.fr\/index.php\/wp-json\/wp\/v2\/product_tag?post=37678"}],"curies":[{"name":"wp","href":"https:\/\/api.w.org\/{rel}","templated":true}]}}