{"id":37656,"date":"2021-04-01T00:18:32","date_gmt":"2021-03-31T22:18:32","guid":{"rendered":"https:\/\/lamaktaba.fr\/index.php\/produit\/sayfollah-la-vie-de-khalid-ibn-al-walid-de-a-soleiman-al-kaabi-4eme-edition\/"},"modified":"2025-04-01T12:44:59","modified_gmt":"2025-04-01T10:44:59","slug":"sayfollah-la-vie-de-khalid-ibn-al-walid-de-a-soleiman-al-kaabi-4eme-edition","status":"publish","type":"product","link":"https:\/\/lamaktaba.fr\/index.php\/produit\/sayfollah-la-vie-de-khalid-ibn-al-walid-de-a-soleiman-al-kaabi-4eme-edition","title":{"rendered":"Sayfollah &#8211; La vie de Khalid ibn al-Walid, de A. Soleiman Al-Kaabi (4\u00e8me \u00e9dition)"},"content":{"rendered":"<p>Sayfollah &#8211; La vie de Khalid ibn al-Walid, de A. Soleiman Al-Kaabi (4\u00e8me \u00e9dition);Il est difficile aujourd&rsquo;hui d&rsquo;imaginer qu&rsquo;il y a 14 si\u00e8cles toute l&rsquo;Afrique du Nord et le Moyen-Orient \u00e9taient chr\u00e9tiens, et que la Perse et l&rsquo;Asie centrale \u00e9taient mazd\u00e9ens. Les historiens et les orientalistes sont incapable d&rsquo;expliquer les conqu\u00eates musulmane qui, par leur vitalit\u00e9 et leur fulgurance, ont totalement boulevers\u00e9 l&rsquo;histoire humaine. Comment quelques milliers d&rsquo;hommes tout juste convertis \u00e0 une nouvelle religion ont-ils pu vaincre des empires mill\u00e9naires en si peu de temps, abattre leurs ennemis et d\u00e9tr\u00f4ner les rois orgueilleux? Transport\u00e9s par leur foi, ils ont r\u00e9alis\u00e9 des prodiges qui d\u00e9passent l&rsquo;entendement et ont inscrit \u00e0 jamais l&rsquo;Islam sur les terres qu&rsquo;ils ont foul\u00e9es.;Parmi ces hommes figurait l&rsquo;un des plus illustres compagnons du Proph\u00e8te: Khalid ibn el Walid. Apr\u00e8s avoir combattu le Proph\u00e8te Muhammad de longues ann\u00e9es, il se convertit \u00e0 l&rsquo;Islam et fut de ceux qui participerent \u00e0 la victoire de la nouvelle religion. Le Proph\u00e8te le surnomma Sayfollah, \u00a0\u00bb Gloire de Dieu\u00a0\u00bb pour la force, le courage et le talent qu&rsquo;il manifestait.;Plus tard, il se lan\u00e7a \u00e0 la conqu\u00eate de l&rsquo;Irak et du Cham en Syrie actuelle. Il combattit les empires et construisit les arm\u00e9es de l&rsquo;Islam loin de leur terres natales pour faire triompher la nouvelle foi.;Voici son r\u00e9cit.;Marque NAWA Editions R\u00e9f\u00e9rence 9782919734320;Fiche technique AUTEUR: &#8211; A. Soleiman Al-Kaabi LANGUE: -.Fran\u00e7ais ANNEE: &#8211; 2018 SUPPORT: &#8211; Livre THEME: &#8211; Biographie, Compagnon du Proph\u00e8te (saw) \u00c9DITIONS: &#8211; Nawa Condition: &#8211; Neuf Nombre de Pages: &#8211; 588 FORMAT (CM): 14.8 x 21 cm EAN13: &#8211; 9782919734320 RELIURE: &#8211; Souple;R\u00e9f\u00e9rences sp\u00e9cifiques;Donnez votre avis;Aucun commentaire pour le moment<\/p>\n","protected":false},"excerpt":{"rendered":"<p>Sayfollah &#8211; La vie de Khalid ibn al-Walid, de A. Soleiman Al-Kaabi (4\u00e8me \u00e9dition);Il est difficile aujourd&rsquo;hui d&rsquo;imaginer qu&rsquo;il y a 14 si\u00e8cles toute l&rsquo;Afrique du Nord et le Moyen-Orient \u00e9taient chr\u00e9tiens, et que la Perse et l&rsquo;Asie centrale \u00e9taient mazd\u00e9ens. Les historiens et les orientalistes sont incapable d&rsquo;expliquer les conqu\u00eates musulmane qui, par leur vitalit\u00e9 et leur fulgurance, ont totalement boulevers\u00e9 l&rsquo;histoire humaine. Comment quelques milliers d&rsquo;hommes tout juste convertis \u00e0 une nouvelle religion ont-ils pu vaincre des empires mill\u00e9naires en si peu de temps, abattre leurs ennemis et d\u00e9tr\u00f4ner les rois orgueilleux? Transport\u00e9s par leur foi, ils ont r\u00e9alis\u00e9 des prodiges qui d\u00e9passent l&rsquo;entendement et ont inscrit \u00e0 jamais l&rsquo;Islam sur les terres qu&rsquo;ils ont foul\u00e9es.;Parmi ces hommes figurait l&rsquo;un des plus illustres compagnons du Proph\u00e8te: Khalid ibn el Walid. Apr\u00e8s avoir combattu le Proph\u00e8te Muhammad de longues ann\u00e9es, il se convertit \u00e0 l&rsquo;Islam et fut de ceux qui participerent \u00e0 la victoire de la nouvelle religion. Le Proph\u00e8te le surnomma Sayfollah, \u00a0\u00bb Gloire de Dieu\u00a0\u00bb pour la force, le courage et le talent qu&rsquo;il manifestait.;Plus tard, il se lan\u00e7a \u00e0 la conqu\u00eate de l&rsquo;Irak et du Cham en Syrie actuelle. Il combattit les empires et construisit les arm\u00e9es de l&rsquo;Islam loin de leur terres natales pour faire triompher la nouvelle foi.;Voici son r\u00e9cit.;Marque NAWA Editions R\u00e9f\u00e9rence 9782919734320;Fiche technique AUTEUR: &#8211; A. Soleiman Al-Kaabi LANGUE: -.Fran\u00e7ais ANNEE: &#8211; 2018 SUPPORT: &#8211; Livre THEME: &#8211; Biographie, Compagnon du Proph\u00e8te (saw) \u00c9DITIONS: &#8211; Nawa Condition: &#8211; Neuf Nombre de Pages: &#8211; 588 FORMAT (CM): 14.8 x 21 cm EAN13: &#8211; 9782919734320 RELIURE: &#8211; Souple;R\u00e9f\u00e9rences sp\u00e9cifiques;Donnez votre avis;Aucun commentaire pour le moment<\/p>\n","protected":false},"featured_media":37657,"comment_status":"open","ping_status":"closed","template":"","meta":[],"product_brand":[],"product_cat":[15],"product_tag":[],"class_list":{"0":"post-37656","1":"product","2":"type-product","3":"status-publish","4":"has-post-thumbnail","6":"product_cat-non-classe","8":"first","9":"outofstock","10":"shipping-taxable","11":"purchasable","12":"product-type-simple"},"_links":{"self":[{"href":"https:\/\/lamaktaba.fr\/index.php\/wp-json\/wp\/v2\/product\/37656","targetHints":{"allow":["GET"]}}],"collection":[{"href":"https:\/\/lamaktaba.fr\/index.php\/wp-json\/wp\/v2\/product"}],"about":[{"href":"https:\/\/lamaktaba.fr\/index.php\/wp-json\/wp\/v2\/types\/product"}],"replies":[{"embeddable":true,"href":"https:\/\/lamaktaba.fr\/index.php\/wp-json\/wp\/v2\/comments?post=37656"}],"wp:featuredmedia":[{"embeddable":true,"href":"https:\/\/lamaktaba.fr\/index.php\/wp-json\/wp\/v2\/media\/37657"}],"wp:attachment":[{"href":"https:\/\/lamaktaba.fr\/index.php\/wp-json\/wp\/v2\/media?parent=37656"}],"wp:term":[{"taxonomy":"product_brand","embeddable":true,"href":"https:\/\/lamaktaba.fr\/index.php\/wp-json\/wp\/v2\/product_brand?post=37656"},{"taxonomy":"product_cat","embeddable":true,"href":"https:\/\/lamaktaba.fr\/index.php\/wp-json\/wp\/v2\/product_cat?post=37656"},{"taxonomy":"product_tag","embeddable":true,"href":"https:\/\/lamaktaba.fr\/index.php\/wp-json\/wp\/v2\/product_tag?post=37656"}],"curies":[{"name":"wp","href":"https:\/\/api.w.org\/{rel}","templated":true}]}}