{"id":37654,"date":"2021-04-01T00:18:30","date_gmt":"2021-03-31T22:18:30","guid":{"rendered":"https:\/\/lamaktaba.fr\/index.php\/produit\/les-meditations-dibn-al-qayyim-3eme-edition\/"},"modified":"2025-04-01T12:47:30","modified_gmt":"2025-04-01T10:47:30","slug":"les-meditations-dibn-al-qayyim-3eme-edition","status":"publish","type":"product","link":"https:\/\/lamaktaba.fr\/index.php\/produit\/les-meditations-dibn-al-qayyim-3eme-edition","title":{"rendered":"Les M\u00e9ditations, d&rsquo;Ibn Al-Qayyim (3\u00e8me \u00e9dition)"},"content":{"rendered":"<p>Les M\u00e9ditations, d&rsquo;Ibn Al-Qayyim;Ce livre est important du point de vue des arguments avanc\u00e9s. Il est \u00e9tonnant du point de vue des th\u00e8mes abord\u00e9s, et exceptionnel du point de vue de sa compilation et des enseignements b\u00e9n\u00e9fiques que l\u2019on peut en tirer. L\u2019auteur ne l\u2019a pas organis\u00e9 selon un plan bien d\u00e9fini, ou une classification pr\u00e9\u00e9tablie. On a plut\u00f4t l\u2019impression qu\u2019il a fait de ce livre l\u2019entrep\u00f4t des diff\u00e9rents enseignements scientifiques qui lui ont travers\u00e9 l\u2019esprit et qu\u2019on ne trouve pas dans les chapitres d\u2019autres livres.;Ces Faw\u00e2&rsquo;id sont donc des informations \u00e9parpill\u00e9es et des d\u00e9ductions multiples. Partant, il convient de savoir que le terme Faw\u00e2&rsquo;id dans le jargon des auteurs d\u00e9signe un ouvrage qui regroupe beaucoup de pens\u00e9es et de r\u00e9flexions qui traversent l&rsquo;esprit d&rsquo;un savant, qu&rsquo;il d\u00e9duit des textes religieux, de la r\u00e9alit\u00e9 de la vie, ou des deux \u00e0 la fois. Ces r\u00e9flexions sont aussi le fruit d&rsquo;une longue exp\u00e9rience et d&rsquo;efforts soutenus au contact permanent de la science, des savants, des livres et des d\u00e9bats scientifiques.;R\u00e9f\u00e9rence 9782916457109;Fiche technique AUTEUR: &#8211; Ibn Al-Qayyim LANGUE: -.Fran\u00e7ais ANNEE: &#8211; 2017 SUPPORT: &#8211; Livre THEME: &#8211; M\u00e9ditation \u00c9DITIONS: &#8211; \u00c9ditions Tawbah Condition: &#8211; Neuf Nombre de Pages: &#8211; 328 FORMAT (CM): 17 x 25 cm Poids (kg): &#8211; 690 g EAN13: &#8211; 9782916457109 RELIURE: &#8211; Rigide.Traduction: &#8211; Bureau des traductions des \u00e9ditions Tawbah;R\u00e9f\u00e9rences sp\u00e9cifiques;Donnez votre avis;Aucun commentaire pour le moment<\/p>\n","protected":false},"excerpt":{"rendered":"<p>Les M\u00e9ditations, d&rsquo;Ibn Al-Qayyim;Ce livre est important du point de vue des arguments avanc\u00e9s. Il est \u00e9tonnant du point de vue des th\u00e8mes abord\u00e9s, et exceptionnel du point de vue de sa compilation et des enseignements b\u00e9n\u00e9fiques que l\u2019on peut en tirer. L\u2019auteur ne l\u2019a pas organis\u00e9 selon un plan bien d\u00e9fini, ou une classification pr\u00e9\u00e9tablie. On a plut\u00f4t l\u2019impression qu\u2019il a fait de ce livre l\u2019entrep\u00f4t des diff\u00e9rents enseignements scientifiques qui lui ont travers\u00e9 l\u2019esprit et qu\u2019on ne trouve pas dans les chapitres d\u2019autres livres.;Ces Faw\u00e2&rsquo;id sont donc des informations \u00e9parpill\u00e9es et des d\u00e9ductions multiples. Partant, il convient de savoir que le terme Faw\u00e2&rsquo;id dans le jargon des auteurs d\u00e9signe un ouvrage qui regroupe beaucoup de pens\u00e9es et de r\u00e9flexions qui traversent l&rsquo;esprit d&rsquo;un savant, qu&rsquo;il d\u00e9duit des textes religieux, de la r\u00e9alit\u00e9 de la vie, ou des deux \u00e0 la fois. Ces r\u00e9flexions sont aussi le fruit d&rsquo;une longue exp\u00e9rience et d&rsquo;efforts soutenus au contact permanent de la science, des savants, des livres et des d\u00e9bats scientifiques.;R\u00e9f\u00e9rence 9782916457109;Fiche technique AUTEUR: &#8211; Ibn Al-Qayyim LANGUE: -.Fran\u00e7ais ANNEE: &#8211; 2017 SUPPORT: &#8211; Livre THEME: &#8211; M\u00e9ditation \u00c9DITIONS: &#8211; \u00c9ditions Tawbah Condition: &#8211; Neuf Nombre de Pages: &#8211; 328 FORMAT (CM): 17 x 25 cm Poids (kg): &#8211; 690 g EAN13: &#8211; 9782916457109 RELIURE: &#8211; Rigide.Traduction: &#8211; Bureau des traductions des \u00e9ditions Tawbah;R\u00e9f\u00e9rences sp\u00e9cifiques;Donnez votre avis;Aucun commentaire pour le moment<\/p>\n","protected":false},"featured_media":37655,"comment_status":"open","ping_status":"closed","template":"","meta":[],"product_brand":[],"product_cat":[15],"product_tag":[],"class_list":{"0":"post-37654","1":"product","2":"type-product","3":"status-publish","4":"has-post-thumbnail","6":"product_cat-non-classe","8":"first","9":"outofstock","10":"shipping-taxable","11":"purchasable","12":"product-type-simple"},"_links":{"self":[{"href":"https:\/\/lamaktaba.fr\/index.php\/wp-json\/wp\/v2\/product\/37654","targetHints":{"allow":["GET"]}}],"collection":[{"href":"https:\/\/lamaktaba.fr\/index.php\/wp-json\/wp\/v2\/product"}],"about":[{"href":"https:\/\/lamaktaba.fr\/index.php\/wp-json\/wp\/v2\/types\/product"}],"replies":[{"embeddable":true,"href":"https:\/\/lamaktaba.fr\/index.php\/wp-json\/wp\/v2\/comments?post=37654"}],"wp:featuredmedia":[{"embeddable":true,"href":"https:\/\/lamaktaba.fr\/index.php\/wp-json\/wp\/v2\/media\/37655"}],"wp:attachment":[{"href":"https:\/\/lamaktaba.fr\/index.php\/wp-json\/wp\/v2\/media?parent=37654"}],"wp:term":[{"taxonomy":"product_brand","embeddable":true,"href":"https:\/\/lamaktaba.fr\/index.php\/wp-json\/wp\/v2\/product_brand?post=37654"},{"taxonomy":"product_cat","embeddable":true,"href":"https:\/\/lamaktaba.fr\/index.php\/wp-json\/wp\/v2\/product_cat?post=37654"},{"taxonomy":"product_tag","embeddable":true,"href":"https:\/\/lamaktaba.fr\/index.php\/wp-json\/wp\/v2\/product_tag?post=37654"}],"curies":[{"name":"wp","href":"https:\/\/api.w.org\/{rel}","templated":true}]}}