{"id":37623,"date":"2021-04-01T00:18:26","date_gmt":"2021-03-31T22:18:26","guid":{"rendered":"https:\/\/lamaktaba.fr\/index.php\/produit\/lislam-pour-les-jeunes-les-adolescents-1-de-jawed-ali\/"},"modified":"2025-04-01T12:43:58","modified_gmt":"2025-04-01T10:43:58","slug":"lislam-pour-les-jeunes-les-adolescents-1-de-jawed-ali","status":"publish","type":"product","link":"https:\/\/lamaktaba.fr\/index.php\/produit\/lislam-pour-les-jeunes-les-adolescents-1-de-jawed-ali","title":{"rendered":"L&rsquo;islam pour les jeunes &#038; les adolescents (1), de Jawed Ali"},"content":{"rendered":"<p>L&rsquo;islam pour les jeunes et les adolescents, de Jawed Ali, Volume 1: \u00c9veil \u00e0 la religion Musulmane (\u00c0 partir de onze ans);La bonne \u00e9ducation des jeunes et les adolescents musulmans est un souci majeur pour tout parent et enseignant croyant. De cette \u00e9ducation d\u00e9pend en grande partie la vie pr\u00e9sente et future de nos enfants. Ce petit livre est fait pour les enfants qui ont au moins onze ans, ou qui sont au moins en classe de sixi\u00e8me.;En \u00e9crivant ce livre, j&rsquo;ai pens\u00e9 que je m&rsquo;adressais \u00e0 mes propres enfants ou \u00e0 mes neveux et ni\u00e8ces. Ce livre peut bien s\u00fbr aussi convenir \u00e0 des enfants plus \u00e2g\u00e9s et m\u00eame \u00e0 des grandes personnes qui veulent d\u00e9couvrir les bases de la religion musulmane.<\/p>\n","protected":false},"excerpt":{"rendered":"<p>L&rsquo;islam pour les jeunes et les adolescents, de Jawed Ali, Volume 1: \u00c9veil \u00e0 la religion Musulmane (\u00c0 partir de onze ans);La bonne \u00e9ducation des jeunes et les adolescents musulmans est un souci majeur pour tout parent et enseignant croyant. De cette \u00e9ducation d\u00e9pend en grande partie la vie pr\u00e9sente et future de nos enfants. Ce petit livre est fait pour les enfants qui ont au moins onze ans, ou qui sont au moins en classe de sixi\u00e8me.;En \u00e9crivant ce livre, j&rsquo;ai pens\u00e9 que je m&rsquo;adressais \u00e0 mes propres enfants ou \u00e0 mes neveux et ni\u00e8ces. Ce livre peut bien s\u00fbr aussi convenir \u00e0 des enfants plus \u00e2g\u00e9s et m\u00eame \u00e0 des grandes personnes qui veulent d\u00e9couvrir les bases de la religion musulmane.<\/p>\n","protected":false},"featured_media":37624,"comment_status":"open","ping_status":"closed","template":"","meta":[],"product_brand":[],"product_cat":[1909],"product_tag":[],"class_list":{"0":"post-37623","1":"product","2":"type-product","3":"status-publish","4":"has-post-thumbnail","6":"product_cat-enfants","8":"first","9":"instock","10":"shipping-taxable","11":"purchasable","12":"product-type-simple"},"_links":{"self":[{"href":"https:\/\/lamaktaba.fr\/index.php\/wp-json\/wp\/v2\/product\/37623","targetHints":{"allow":["GET"]}}],"collection":[{"href":"https:\/\/lamaktaba.fr\/index.php\/wp-json\/wp\/v2\/product"}],"about":[{"href":"https:\/\/lamaktaba.fr\/index.php\/wp-json\/wp\/v2\/types\/product"}],"replies":[{"embeddable":true,"href":"https:\/\/lamaktaba.fr\/index.php\/wp-json\/wp\/v2\/comments?post=37623"}],"wp:featuredmedia":[{"embeddable":true,"href":"https:\/\/lamaktaba.fr\/index.php\/wp-json\/wp\/v2\/media\/37624"}],"wp:attachment":[{"href":"https:\/\/lamaktaba.fr\/index.php\/wp-json\/wp\/v2\/media?parent=37623"}],"wp:term":[{"taxonomy":"product_brand","embeddable":true,"href":"https:\/\/lamaktaba.fr\/index.php\/wp-json\/wp\/v2\/product_brand?post=37623"},{"taxonomy":"product_cat","embeddable":true,"href":"https:\/\/lamaktaba.fr\/index.php\/wp-json\/wp\/v2\/product_cat?post=37623"},{"taxonomy":"product_tag","embeddable":true,"href":"https:\/\/lamaktaba.fr\/index.php\/wp-json\/wp\/v2\/product_tag?post=37623"}],"curies":[{"name":"wp","href":"https:\/\/api.w.org\/{rel}","templated":true}]}}