{"id":37621,"date":"2021-04-01T00:18:26","date_gmt":"2021-03-31T22:18:26","guid":{"rendered":"https:\/\/lamaktaba.fr\/index.php\/produit\/mistigri-fessi-jeu-de-paires-francais-anglais\/"},"modified":"2025-04-01T12:45:11","modified_gmt":"2025-04-01T10:45:11","slug":"mistigri-fessi-jeu-de-paires-francais-anglais","status":"publish","type":"product","link":"https:\/\/lamaktaba.fr\/index.php\/produit\/mistigri-fessi-jeu-de-paires-francais-anglais","title":{"rendered":"Mistigri Fessi &#8211; Jeu de paires (Fran\u00e7ais &#8211; Anglais)"},"content":{"rendered":"<p>Mistigri Fessi &#8211; Jeu de paires &#8211; Graines de foi;Ne cherchez plus quoi faire durant votre temps libre ou chaque fois que vous vous ennuyez: faites une partie de MISTIGRI FESSI en famille ou entre amis ! Une seule r\u00e8gle\u2026 celui qui se retrouve avec le Mistigri en fin de partie a perdu.;20 paires de cartes illustrent des animaux plong\u00e9s dans le monde f\u00e9erique du Maghreb. L\u2019occasion id\u00e9ale d\u2019attiser la curiosit\u00e9 des enfants tout en jouant et de leur donner envie d\u2019en savoir plus sur leur fantastique culture\u2026;Marque Graines de foi R\u00e9f\u00e9rence 9782931070000;Fiche technique LANGUE: &#8211; (Fran\u00e7ais &#8211; Anglais) SUPPORT: &#8211; Jeu \u00e9ducatif THEME: &#8211; Jeu \u00e9ducatif, jeu de paires FABRICATION: &#8211; Graines de foi RELIURE: &#8211; Bo\u00eete en Carton;R\u00e9f\u00e9rences sp\u00e9cifiques;Donnez votre avis;Aucun commentaire pour le moment<\/p>\n","protected":false},"excerpt":{"rendered":"<p>Mistigri Fessi &#8211; Jeu de paires &#8211; Graines de foi;Ne cherchez plus quoi faire durant votre temps libre ou chaque fois que vous vous ennuyez: faites une partie de MISTIGRI FESSI en famille ou entre amis ! Une seule r\u00e8gle\u2026 celui qui se retrouve avec le Mistigri en fin de partie a perdu.;20 paires de cartes illustrent des animaux plong\u00e9s dans le monde f\u00e9erique du Maghreb. L\u2019occasion id\u00e9ale d\u2019attiser la curiosit\u00e9 des enfants tout en jouant et de leur donner envie d\u2019en savoir plus sur leur fantastique culture\u2026;Marque Graines de foi R\u00e9f\u00e9rence 9782931070000;Fiche technique LANGUE: &#8211; (Fran\u00e7ais &#8211; Anglais) SUPPORT: &#8211; Jeu \u00e9ducatif THEME: &#8211; Jeu \u00e9ducatif, jeu de paires FABRICATION: &#8211; Graines de foi RELIURE: &#8211; Bo\u00eete en Carton;R\u00e9f\u00e9rences sp\u00e9cifiques;Donnez votre avis;Aucun commentaire pour le moment<\/p>\n","protected":false},"featured_media":37622,"comment_status":"open","ping_status":"closed","template":"","meta":[],"product_brand":[],"product_cat":[1934],"product_tag":[],"class_list":{"0":"post-37621","1":"product","2":"type-product","3":"status-publish","4":"has-post-thumbnail","6":"product_cat-jeux-de-societe","8":"first","9":"instock","10":"shipping-taxable","11":"purchasable","12":"product-type-simple"},"_links":{"self":[{"href":"https:\/\/lamaktaba.fr\/index.php\/wp-json\/wp\/v2\/product\/37621","targetHints":{"allow":["GET"]}}],"collection":[{"href":"https:\/\/lamaktaba.fr\/index.php\/wp-json\/wp\/v2\/product"}],"about":[{"href":"https:\/\/lamaktaba.fr\/index.php\/wp-json\/wp\/v2\/types\/product"}],"replies":[{"embeddable":true,"href":"https:\/\/lamaktaba.fr\/index.php\/wp-json\/wp\/v2\/comments?post=37621"}],"wp:featuredmedia":[{"embeddable":true,"href":"https:\/\/lamaktaba.fr\/index.php\/wp-json\/wp\/v2\/media\/37622"}],"wp:attachment":[{"href":"https:\/\/lamaktaba.fr\/index.php\/wp-json\/wp\/v2\/media?parent=37621"}],"wp:term":[{"taxonomy":"product_brand","embeddable":true,"href":"https:\/\/lamaktaba.fr\/index.php\/wp-json\/wp\/v2\/product_brand?post=37621"},{"taxonomy":"product_cat","embeddable":true,"href":"https:\/\/lamaktaba.fr\/index.php\/wp-json\/wp\/v2\/product_cat?post=37621"},{"taxonomy":"product_tag","embeddable":true,"href":"https:\/\/lamaktaba.fr\/index.php\/wp-json\/wp\/v2\/product_tag?post=37621"}],"curies":[{"name":"wp","href":"https:\/\/api.w.org\/{rel}","templated":true}]}}