{"id":37619,"date":"2021-04-01T00:18:26","date_gmt":"2021-03-31T22:18:26","guid":{"rendered":"https:\/\/lamaktaba.fr\/index.php\/produit\/panikatak-jeu-de-strategie-et-dobservation-francais-anglais\/"},"modified":"2025-04-01T12:45:32","modified_gmt":"2025-04-01T10:45:32","slug":"panikatak-jeu-de-strategie-et-dobservation-francais-anglais","status":"publish","type":"product","link":"https:\/\/lamaktaba.fr\/index.php\/produit\/panikatak-jeu-de-strategie-et-dobservation-francais-anglais","title":{"rendered":"PanikAtak &#8211; Jeu de strat\u00e9gie et d&rsquo;observation (Fran\u00e7ais &#8211; Anglais)"},"content":{"rendered":"<p>PanikAtak &#8211; Jeu de strat\u00e9gie et d&rsquo;observation &#8211; Graines de foi;C\u2019est la panique \u00e0 l\u2019\u00e9cole arabe ! Les \u00e9l\u00e8ves sont agit\u00e9s comme des puces et ont subitement entam\u00e9 une bataille g\u00e9ante. Ils se lancent tout ce qui leur passe par les mains: fruits, l\u00e9gumes, mat\u00e9riel scolaire\u2026;Tout est bon \u00e0 balancer ! Mais heureusement, les ma\u00eetres et surveillants sont l\u00e0 pour maintenir l\u2019ordre \u00e0 l\u2019\u00e9cole arabe ! Dans ce jeu de folie, il va falloir faire preuve de strat\u00e9gie pour interrompre la bataille et remporter la partie\u2026;Marque Graines de foi R\u00e9f\u00e9rence 9782931070024;Fiche technique LANGUE: &#8211; Fran\u00e7ais &#8211; Anglais SUPPORT: &#8211; Jeu de cartes THEME: &#8211; Jeu de strat\u00e9gie et d&rsquo;observation, Divertissement FABRICATION: &#8211; Graines de foi RELIURE: &#8211; Bo\u00eete en Carton;R\u00e9f\u00e9rences sp\u00e9cifiques;Donnez votre avis;Aucun commentaire pour le moment<\/p>\n","protected":false},"excerpt":{"rendered":"<p>PanikAtak &#8211; Jeu de strat\u00e9gie et d&rsquo;observation &#8211; Graines de foi;C\u2019est la panique \u00e0 l\u2019\u00e9cole arabe ! Les \u00e9l\u00e8ves sont agit\u00e9s comme des puces et ont subitement entam\u00e9 une bataille g\u00e9ante. Ils se lancent tout ce qui leur passe par les mains: fruits, l\u00e9gumes, mat\u00e9riel scolaire\u2026;Tout est bon \u00e0 balancer ! Mais heureusement, les ma\u00eetres et surveillants sont l\u00e0 pour maintenir l\u2019ordre \u00e0 l\u2019\u00e9cole arabe ! Dans ce jeu de folie, il va falloir faire preuve de strat\u00e9gie pour interrompre la bataille et remporter la partie\u2026;Marque Graines de foi R\u00e9f\u00e9rence 9782931070024;Fiche technique LANGUE: &#8211; Fran\u00e7ais &#8211; Anglais SUPPORT: &#8211; Jeu de cartes THEME: &#8211; Jeu de strat\u00e9gie et d&rsquo;observation, Divertissement FABRICATION: &#8211; Graines de foi RELIURE: &#8211; Bo\u00eete en Carton;R\u00e9f\u00e9rences sp\u00e9cifiques;Donnez votre avis;Aucun commentaire pour le moment<\/p>\n","protected":false},"featured_media":37620,"comment_status":"open","ping_status":"closed","template":"","meta":[],"product_brand":[],"product_cat":[1934],"product_tag":[],"class_list":{"0":"post-37619","1":"product","2":"type-product","3":"status-publish","4":"has-post-thumbnail","6":"product_cat-jeux-de-societe","8":"first","9":"instock","10":"shipping-taxable","11":"purchasable","12":"product-type-simple"},"_links":{"self":[{"href":"https:\/\/lamaktaba.fr\/index.php\/wp-json\/wp\/v2\/product\/37619","targetHints":{"allow":["GET"]}}],"collection":[{"href":"https:\/\/lamaktaba.fr\/index.php\/wp-json\/wp\/v2\/product"}],"about":[{"href":"https:\/\/lamaktaba.fr\/index.php\/wp-json\/wp\/v2\/types\/product"}],"replies":[{"embeddable":true,"href":"https:\/\/lamaktaba.fr\/index.php\/wp-json\/wp\/v2\/comments?post=37619"}],"wp:featuredmedia":[{"embeddable":true,"href":"https:\/\/lamaktaba.fr\/index.php\/wp-json\/wp\/v2\/media\/37620"}],"wp:attachment":[{"href":"https:\/\/lamaktaba.fr\/index.php\/wp-json\/wp\/v2\/media?parent=37619"}],"wp:term":[{"taxonomy":"product_brand","embeddable":true,"href":"https:\/\/lamaktaba.fr\/index.php\/wp-json\/wp\/v2\/product_brand?post=37619"},{"taxonomy":"product_cat","embeddable":true,"href":"https:\/\/lamaktaba.fr\/index.php\/wp-json\/wp\/v2\/product_cat?post=37619"},{"taxonomy":"product_tag","embeddable":true,"href":"https:\/\/lamaktaba.fr\/index.php\/wp-json\/wp\/v2\/product_tag?post=37619"}],"curies":[{"name":"wp","href":"https:\/\/api.w.org\/{rel}","templated":true}]}}