{"id":37617,"date":"2021-04-01T00:18:25","date_gmt":"2021-03-31T22:18:25","guid":{"rendered":"https:\/\/lamaktaba.fr\/index.php\/produit\/big-bogoss-jeu-de-strategie-et-denombrement-francais-anglais\/"},"modified":"2025-04-01T12:44:34","modified_gmt":"2025-04-01T10:44:34","slug":"big-bogoss-jeu-de-strategie-et-denombrement-francais-anglais","status":"publish","type":"product","link":"https:\/\/lamaktaba.fr\/index.php\/produit\/big-bogoss-jeu-de-strategie-et-denombrement-francais-anglais","title":{"rendered":"Big Bogoss &#8211; Jeu de strat\u00e9gie et d\u00e9nombrement (Fran\u00e7ais &#8211; Anglais)"},"content":{"rendered":"<p>Big Bogoss &#8211; Jeu de strat\u00e9gie et d\u00e9nombrement &#8211; Graines de foi;Les animaux se disputent le rang de chef supr\u00eame. Sois le premier \u00e0 te d\u00e9barrasser de toutes tes cartes pour devenir le calife des animaux: Big Bogoss !;Mais attention \u00e0 ne surtout pas \u00eatre le dernier, tu sera alors le cochon Gugusse\u2026 Dans ce jeu de strat\u00e9gie, seuls les plus forts sont favoris\u00e9s, les autres sont \u00e0 la botte de Big Bogoss et du Pacha, sauf si tu lances une Fitna pour renverser l\u2019ordre \u00e9tabli !;Marque Graines de foi R\u00e9f\u00e9rence 9782931070031;Fiche technique LANGUE: &#8211; Fran\u00e7ais &#8211; Anglais SUPPORT: &#8211; Jeu de cartes THEME: &#8211; Jeu de strat\u00e9gie et d\u00e9nombrement, Divertissement FABRICATION: &#8211; Graines de foi RELIURE: &#8211; Bo\u00eete en Carton;R\u00e9f\u00e9rences sp\u00e9cifiques;Donnez votre avis;Aucun commentaire pour le moment<\/p>\n","protected":false},"excerpt":{"rendered":"<p>Big Bogoss &#8211; Jeu de strat\u00e9gie et d\u00e9nombrement &#8211; Graines de foi;Les animaux se disputent le rang de chef supr\u00eame. Sois le premier \u00e0 te d\u00e9barrasser de toutes tes cartes pour devenir le calife des animaux: Big Bogoss !;Mais attention \u00e0 ne surtout pas \u00eatre le dernier, tu sera alors le cochon Gugusse\u2026 Dans ce jeu de strat\u00e9gie, seuls les plus forts sont favoris\u00e9s, les autres sont \u00e0 la botte de Big Bogoss et du Pacha, sauf si tu lances une Fitna pour renverser l\u2019ordre \u00e9tabli !;Marque Graines de foi R\u00e9f\u00e9rence 9782931070031;Fiche technique LANGUE: &#8211; Fran\u00e7ais &#8211; Anglais SUPPORT: &#8211; Jeu de cartes THEME: &#8211; Jeu de strat\u00e9gie et d\u00e9nombrement, Divertissement FABRICATION: &#8211; Graines de foi RELIURE: &#8211; Bo\u00eete en Carton;R\u00e9f\u00e9rences sp\u00e9cifiques;Donnez votre avis;Aucun commentaire pour le moment<\/p>\n","protected":false},"featured_media":37618,"comment_status":"open","ping_status":"closed","template":"","meta":[],"product_brand":[],"product_cat":[1934],"product_tag":[],"class_list":{"0":"post-37617","1":"product","2":"type-product","3":"status-publish","4":"has-post-thumbnail","6":"product_cat-jeux-de-societe","8":"first","9":"instock","10":"shipping-taxable","11":"purchasable","12":"product-type-simple"},"_links":{"self":[{"href":"https:\/\/lamaktaba.fr\/index.php\/wp-json\/wp\/v2\/product\/37617","targetHints":{"allow":["GET"]}}],"collection":[{"href":"https:\/\/lamaktaba.fr\/index.php\/wp-json\/wp\/v2\/product"}],"about":[{"href":"https:\/\/lamaktaba.fr\/index.php\/wp-json\/wp\/v2\/types\/product"}],"replies":[{"embeddable":true,"href":"https:\/\/lamaktaba.fr\/index.php\/wp-json\/wp\/v2\/comments?post=37617"}],"wp:featuredmedia":[{"embeddable":true,"href":"https:\/\/lamaktaba.fr\/index.php\/wp-json\/wp\/v2\/media\/37618"}],"wp:attachment":[{"href":"https:\/\/lamaktaba.fr\/index.php\/wp-json\/wp\/v2\/media?parent=37617"}],"wp:term":[{"taxonomy":"product_brand","embeddable":true,"href":"https:\/\/lamaktaba.fr\/index.php\/wp-json\/wp\/v2\/product_brand?post=37617"},{"taxonomy":"product_cat","embeddable":true,"href":"https:\/\/lamaktaba.fr\/index.php\/wp-json\/wp\/v2\/product_cat?post=37617"},{"taxonomy":"product_tag","embeddable":true,"href":"https:\/\/lamaktaba.fr\/index.php\/wp-json\/wp\/v2\/product_tag?post=37617"}],"curies":[{"name":"wp","href":"https:\/\/api.w.org\/{rel}","templated":true}]}}