{"id":37615,"date":"2021-04-01T00:18:25","date_gmt":"2021-03-31T22:18:25","guid":{"rendered":"https:\/\/lamaktaba.fr\/index.php\/produit\/barba-baba-jeu-de-strategie-et-daventure-francais-anglais\/"},"modified":"2025-04-01T12:45:25","modified_gmt":"2025-04-01T10:45:25","slug":"barba-baba-jeu-de-strategie-et-daventure-francais-anglais","status":"publish","type":"product","link":"https:\/\/lamaktaba.fr\/index.php\/produit\/barba-baba-jeu-de-strategie-et-daventure-francais-anglais","title":{"rendered":"Barba baba &#8211; Jeu de strat\u00e9gie et d&rsquo;aventure (Fran\u00e7ais &#8211; Anglais)"},"content":{"rendered":"<p>Barba baba &#8211; Jeu de strat\u00e9gie et d&rsquo;aventure &#8211; Graines de foi;L\u2019Espagne est tomb\u00e9e entre les mains de rois catholiques intol\u00e9rants. Ils m\u00e8nent une v\u00e9ritable chasse aux sorci\u00e8res contre tous leurs sujets qui ne sont pas chr\u00e9tiens: c\u2019est l\u2019Inquisition. Mais des h\u00e9ros se sont dress\u00e9s pour lutter courageusement contre la tyrannie.;On les appelle Barberousse\u2026 Dans ce jeu d\u2019aventure et de strat\u00e9gie, sois le premier \u00e0 construire ton palais pour abriter les victimes de l\u2019Inquisition !;Marque Graines de foi R\u00e9f\u00e9rence 9782931070017;Fiche technique LANGUE: &#8211; Fran\u00e7ais &#8211; Anglais SUPPORT: &#8211; Jeu de cartes THEME: &#8211; Jeu de strat\u00e9gie et d&rsquo;aventure, Divertissement FABRICATION: &#8211; Graines de foi RELIURE: &#8211; Bo\u00eete en Carton;R\u00e9f\u00e9rences sp\u00e9cifiques;Donnez votre avis;Aucun commentaire pour le moment<\/p>\n","protected":false},"excerpt":{"rendered":"<p>Barba baba &#8211; Jeu de strat\u00e9gie et d&rsquo;aventure &#8211; Graines de foi;L\u2019Espagne est tomb\u00e9e entre les mains de rois catholiques intol\u00e9rants. Ils m\u00e8nent une v\u00e9ritable chasse aux sorci\u00e8res contre tous leurs sujets qui ne sont pas chr\u00e9tiens: c\u2019est l\u2019Inquisition. Mais des h\u00e9ros se sont dress\u00e9s pour lutter courageusement contre la tyrannie.;On les appelle Barberousse\u2026 Dans ce jeu d\u2019aventure et de strat\u00e9gie, sois le premier \u00e0 construire ton palais pour abriter les victimes de l\u2019Inquisition !;Marque Graines de foi R\u00e9f\u00e9rence 9782931070017;Fiche technique LANGUE: &#8211; Fran\u00e7ais &#8211; Anglais SUPPORT: &#8211; Jeu de cartes THEME: &#8211; Jeu de strat\u00e9gie et d&rsquo;aventure, Divertissement FABRICATION: &#8211; Graines de foi RELIURE: &#8211; Bo\u00eete en Carton;R\u00e9f\u00e9rences sp\u00e9cifiques;Donnez votre avis;Aucun commentaire pour le moment<\/p>\n","protected":false},"featured_media":37616,"comment_status":"open","ping_status":"closed","template":"","meta":[],"product_brand":[],"product_cat":[1934],"product_tag":[],"class_list":{"0":"post-37615","1":"product","2":"type-product","3":"status-publish","4":"has-post-thumbnail","6":"product_cat-jeux-de-societe","8":"first","9":"instock","10":"shipping-taxable","11":"purchasable","12":"product-type-simple"},"_links":{"self":[{"href":"https:\/\/lamaktaba.fr\/index.php\/wp-json\/wp\/v2\/product\/37615","targetHints":{"allow":["GET"]}}],"collection":[{"href":"https:\/\/lamaktaba.fr\/index.php\/wp-json\/wp\/v2\/product"}],"about":[{"href":"https:\/\/lamaktaba.fr\/index.php\/wp-json\/wp\/v2\/types\/product"}],"replies":[{"embeddable":true,"href":"https:\/\/lamaktaba.fr\/index.php\/wp-json\/wp\/v2\/comments?post=37615"}],"wp:featuredmedia":[{"embeddable":true,"href":"https:\/\/lamaktaba.fr\/index.php\/wp-json\/wp\/v2\/media\/37616"}],"wp:attachment":[{"href":"https:\/\/lamaktaba.fr\/index.php\/wp-json\/wp\/v2\/media?parent=37615"}],"wp:term":[{"taxonomy":"product_brand","embeddable":true,"href":"https:\/\/lamaktaba.fr\/index.php\/wp-json\/wp\/v2\/product_brand?post=37615"},{"taxonomy":"product_cat","embeddable":true,"href":"https:\/\/lamaktaba.fr\/index.php\/wp-json\/wp\/v2\/product_cat?post=37615"},{"taxonomy":"product_tag","embeddable":true,"href":"https:\/\/lamaktaba.fr\/index.php\/wp-json\/wp\/v2\/product_tag?post=37615"}],"curies":[{"name":"wp","href":"https:\/\/api.w.org\/{rel}","templated":true}]}}