{"id":37601,"date":"2021-04-01T00:18:23","date_gmt":"2021-03-31T22:18:23","guid":{"rendered":"https:\/\/lamaktaba.fr\/index.php\/produit\/voyage-au-coeur-de-la-creation-educatfal\/"},"modified":"2025-04-01T12:45:54","modified_gmt":"2025-04-01T10:45:54","slug":"voyage-au-coeur-de-la-creation-educatfal","status":"publish","type":"product","link":"https:\/\/lamaktaba.fr\/index.php\/produit\/voyage-au-coeur-de-la-creation-educatfal","title":{"rendered":"Voyage au c\u0153ur de la cr\u00e9ation &#8211; Educatfal"},"content":{"rendered":"<p>Voyage au c\u0153ur de la cr\u00e9ation &#8211; Educatfal;Notre univers est une source in\u00e9puisable d\u2019\u00e9merveillements. Nous sommes entour\u00e9s de miracles\u2026;Mais, les remarquons-nous? Nos yeux et nos c\u0153urs sont -ils suffisamment ouverts pour voir toutes ces merveilles qui nous entourent? Est-ce un hasard? Qui a cr\u00e9\u00e9 toutes ces choses? Qui nous a cr\u00e9\u00e9s? Dans quel but?;C\u2019est un cadeau inattendu, un jour de f\u00eate, qui va permettre au petit Ibrahim de porter un nouveau regard sur le monde. En compagnie de sa m\u00e8re bienveillante, il se laissera transporter dans un voyage plein d\u2019\u00e9motions au c\u0153ur de la cr\u00e9ation.<\/p>\n","protected":false},"excerpt":{"rendered":"<p>Voyage au c\u0153ur de la cr\u00e9ation &#8211; Educatfal;Notre univers est une source in\u00e9puisable d\u2019\u00e9merveillements. Nous sommes entour\u00e9s de miracles\u2026;Mais, les remarquons-nous? Nos yeux et nos c\u0153urs sont -ils suffisamment ouverts pour voir toutes ces merveilles qui nous entourent? Est-ce un hasard? Qui a cr\u00e9\u00e9 toutes ces choses? Qui nous a cr\u00e9\u00e9s? Dans quel but?;C\u2019est un cadeau inattendu, un jour de f\u00eate, qui va permettre au petit Ibrahim de porter un nouveau regard sur le monde. En compagnie de sa m\u00e8re bienveillante, il se laissera transporter dans un voyage plein d\u2019\u00e9motions au c\u0153ur de la cr\u00e9ation.<\/p>\n","protected":false},"featured_media":37602,"comment_status":"open","ping_status":"closed","template":"","meta":[],"product_brand":[],"product_cat":[15],"product_tag":[],"class_list":{"0":"post-37601","1":"product","2":"type-product","3":"status-publish","4":"has-post-thumbnail","6":"product_cat-non-classe","8":"first","9":"outofstock","10":"shipping-taxable","11":"purchasable","12":"product-type-simple"},"_links":{"self":[{"href":"https:\/\/lamaktaba.fr\/index.php\/wp-json\/wp\/v2\/product\/37601","targetHints":{"allow":["GET"]}}],"collection":[{"href":"https:\/\/lamaktaba.fr\/index.php\/wp-json\/wp\/v2\/product"}],"about":[{"href":"https:\/\/lamaktaba.fr\/index.php\/wp-json\/wp\/v2\/types\/product"}],"replies":[{"embeddable":true,"href":"https:\/\/lamaktaba.fr\/index.php\/wp-json\/wp\/v2\/comments?post=37601"}],"wp:featuredmedia":[{"embeddable":true,"href":"https:\/\/lamaktaba.fr\/index.php\/wp-json\/wp\/v2\/media\/37602"}],"wp:attachment":[{"href":"https:\/\/lamaktaba.fr\/index.php\/wp-json\/wp\/v2\/media?parent=37601"}],"wp:term":[{"taxonomy":"product_brand","embeddable":true,"href":"https:\/\/lamaktaba.fr\/index.php\/wp-json\/wp\/v2\/product_brand?post=37601"},{"taxonomy":"product_cat","embeddable":true,"href":"https:\/\/lamaktaba.fr\/index.php\/wp-json\/wp\/v2\/product_cat?post=37601"},{"taxonomy":"product_tag","embeddable":true,"href":"https:\/\/lamaktaba.fr\/index.php\/wp-json\/wp\/v2\/product_tag?post=37601"}],"curies":[{"name":"wp","href":"https:\/\/api.w.org\/{rel}","templated":true}]}}