{"id":37597,"date":"2021-04-01T00:18:22","date_gmt":"2021-03-31T22:18:22","guid":{"rendered":"https:\/\/lamaktaba.fr\/index.php\/produit\/mon-enfant-a-besoin-daide-solutions-aux-10-problemes-les-plus-courants-de-dr-abd-al-karim-bakkar\/"},"modified":"2025-04-01T12:46:10","modified_gmt":"2025-04-01T10:46:10","slug":"mon-enfant-a-besoin-daide-solutions-aux-10-problemes-les-plus-courants-de-dr-abd-al-karim-bakkar","status":"publish","type":"product","link":"https:\/\/lamaktaba.fr\/index.php\/produit\/mon-enfant-a-besoin-daide-solutions-aux-10-problemes-les-plus-courants-de-dr-abd-al-karim-bakkar","title":{"rendered":"Mon enfant a besoin d&rsquo;aide ! Solutions aux 10 probl\u00e8mes les plus courants, de Dr &lsquo;Abd al-Kar\u00eem Bakk\u00e2r"},"content":{"rendered":"<p>Mon enfant a besoin d&rsquo;aide !;Solutions aux 10 probl\u00e8mes les plus courants, de Dr &lsquo;Abd al-Kar\u00eem Bakk\u00e2r;Les probl\u00e8mes auxquels les enfants font face et auxquels les parents doivent trouver des solutions ad\u00e9quates sont nombreux et vari\u00e9s. Les identifier est une premi\u00e8re \u00e9tape, mais elle ne suffit pas pour endiguer les diff\u00e9rents ph\u00e9nom\u00e8nes qui touchent nos enfants. Il faut en chercher les causes et facteurs, trouver les solutions les plus appropri\u00e9es et les mieux adapt\u00e9es \u00e0 la personnalit\u00e9 et \u00e0 l\u2019\u00e2ge de l\u2019enfant, mais aussi \u00eatre capable(s), en tant que parent(s), de nous remettre en question et de revoir notre mani\u00e8re d\u2019\u00e9duquer nos prog\u00e9nitures.;C\u2019est une part importante de l\u2019\u00e9ducation que nous devons \u00e0 nos enfants.;\u00c0 propos de l&rsquo;auteur: Dr \u2018Abd al-Kar\u00eem Bakk\u00e2r;N\u00e9 \u00e0 Hums (Syrie) en 1951, \u2018Abd al-Kar\u00eem Bakk\u00e2r est un universitaire et chercheur acad\u00e9micien de renomm\u00e9e internationale. Il se rendit c\u00e9l\u00e8bre par ses nombreux \u00e9crits et interventions radiophoniques et t\u00e9l\u00e9vis\u00e9es consacr\u00e9s \u00e0 la pens\u00e9e musulmane contemporaine, \u00e0 l\u2019\u00e9ducation et au d\u00e9veloppement personnel en vue d\u2019une renaissance de la communaut\u00e9 musulmane. Il est aussi l\u2019auteur d\u2019une quarantaine d\u2019ouvrages et d\u2019une centaine d\u2019articles dans ces diff\u00e9rents domaines.<\/p>\n","protected":false},"excerpt":{"rendered":"<p>Mon enfant a besoin d&rsquo;aide !;Solutions aux 10 probl\u00e8mes les plus courants, de Dr &lsquo;Abd al-Kar\u00eem Bakk\u00e2r;Les probl\u00e8mes auxquels les enfants font face et auxquels les parents doivent trouver des solutions ad\u00e9quates sont nombreux et vari\u00e9s. Les identifier est une premi\u00e8re \u00e9tape, mais elle ne suffit pas pour endiguer les diff\u00e9rents ph\u00e9nom\u00e8nes qui touchent nos enfants. Il faut en chercher les causes et facteurs, trouver les solutions les plus appropri\u00e9es et les mieux adapt\u00e9es \u00e0 la personnalit\u00e9 et \u00e0 l\u2019\u00e2ge de l\u2019enfant, mais aussi \u00eatre capable(s), en tant que parent(s), de nous remettre en question et de revoir notre mani\u00e8re d\u2019\u00e9duquer nos prog\u00e9nitures.;C\u2019est une part importante de l\u2019\u00e9ducation que nous devons \u00e0 nos enfants.;\u00c0 propos de l&rsquo;auteur: Dr \u2018Abd al-Kar\u00eem Bakk\u00e2r;N\u00e9 \u00e0 Hums (Syrie) en 1951, \u2018Abd al-Kar\u00eem Bakk\u00e2r est un universitaire et chercheur acad\u00e9micien de renomm\u00e9e internationale. Il se rendit c\u00e9l\u00e8bre par ses nombreux \u00e9crits et interventions radiophoniques et t\u00e9l\u00e9vis\u00e9es consacr\u00e9s \u00e0 la pens\u00e9e musulmane contemporaine, \u00e0 l\u2019\u00e9ducation et au d\u00e9veloppement personnel en vue d\u2019une renaissance de la communaut\u00e9 musulmane. Il est aussi l\u2019auteur d\u2019une quarantaine d\u2019ouvrages et d\u2019une centaine d\u2019articles dans ces diff\u00e9rents domaines.<\/p>\n","protected":false},"featured_media":37598,"comment_status":"open","ping_status":"closed","template":"","meta":[],"product_brand":[],"product_cat":[1910,1925],"product_tag":[],"class_list":{"0":"post-37597","1":"product","2":"type-product","3":"status-publish","4":"has-post-thumbnail","6":"product_cat-education","7":"product_cat-education-des-enfants","9":"first","10":"instock","11":"shipping-taxable","12":"purchasable","13":"product-type-simple"},"_links":{"self":[{"href":"https:\/\/lamaktaba.fr\/index.php\/wp-json\/wp\/v2\/product\/37597","targetHints":{"allow":["GET"]}}],"collection":[{"href":"https:\/\/lamaktaba.fr\/index.php\/wp-json\/wp\/v2\/product"}],"about":[{"href":"https:\/\/lamaktaba.fr\/index.php\/wp-json\/wp\/v2\/types\/product"}],"replies":[{"embeddable":true,"href":"https:\/\/lamaktaba.fr\/index.php\/wp-json\/wp\/v2\/comments?post=37597"}],"wp:featuredmedia":[{"embeddable":true,"href":"https:\/\/lamaktaba.fr\/index.php\/wp-json\/wp\/v2\/media\/37598"}],"wp:attachment":[{"href":"https:\/\/lamaktaba.fr\/index.php\/wp-json\/wp\/v2\/media?parent=37597"}],"wp:term":[{"taxonomy":"product_brand","embeddable":true,"href":"https:\/\/lamaktaba.fr\/index.php\/wp-json\/wp\/v2\/product_brand?post=37597"},{"taxonomy":"product_cat","embeddable":true,"href":"https:\/\/lamaktaba.fr\/index.php\/wp-json\/wp\/v2\/product_cat?post=37597"},{"taxonomy":"product_tag","embeddable":true,"href":"https:\/\/lamaktaba.fr\/index.php\/wp-json\/wp\/v2\/product_tag?post=37597"}],"curies":[{"name":"wp","href":"https:\/\/api.w.org\/{rel}","templated":true}]}}