{"id":37584,"date":"2021-04-01T00:18:16","date_gmt":"2021-03-31T22:18:16","guid":{"rendered":"https:\/\/lamaktaba.fr\/index.php\/produit\/ramadan-moubarak-livre-pour-enfant-musulman-avec-pages-cartonnees-saniyasnain-khan-livre\/"},"modified":"2025-04-01T12:43:39","modified_gmt":"2025-04-01T10:43:39","slug":"ramadan-moubarak-livre-pour-enfant-musulman-avec-pages-cartonnees-saniyasnain-khan-livre","status":"publish","type":"product","link":"https:\/\/lamaktaba.fr\/index.php\/produit\/ramadan-moubarak-livre-pour-enfant-musulman-avec-pages-cartonnees-saniyasnain-khan-livre","title":{"rendered":"Ramad\u00e2n Moub\u00e2rak (Livre pour enfant musulman avec pages cartonn\u00e9es) &#8211; Saniyasnain Khan &#8211; Livre"},"content":{"rendered":"<p>Ce livre avec ses pages cartonn\u00e9es et adapt\u00e9 aux enfants de 3 ans et plus.;Le croyant qui je\u00fbne apprend la patience et l\u2019autodiscipline.;Les portes du Paradis sont ouvertes pendant le Ramad\u00e2n.;Nous d\u00e9veloppons le sens de la compassion et de l\u2019empathie.;Nous prions, nous je\u00fbnons et nous lisons le Coran pendant le Ramad\u00e2n.;Nous essayons d\u2019accomplir de bonnes actions et de garder de bonnes habitudes.;\u00c0 la fin, nous c\u00e9l\u00e9brons l\u2019A\u00efd al-Fitr autour d\u2019un grand festin.<\/p>\n","protected":false},"excerpt":{"rendered":"<p>Ce livre avec ses pages cartonn\u00e9es et adapt\u00e9 aux enfants de 3 ans et plus.;Le croyant qui je\u00fbne apprend la patience et l\u2019autodiscipline.;Les portes du Paradis sont ouvertes pendant le Ramad\u00e2n.;Nous d\u00e9veloppons le sens de la compassion et de l\u2019empathie.;Nous prions, nous je\u00fbnons et nous lisons le Coran pendant le Ramad\u00e2n.;Nous essayons d\u2019accomplir de bonnes actions et de garder de bonnes habitudes.;\u00c0 la fin, nous c\u00e9l\u00e9brons l\u2019A\u00efd al-Fitr autour d\u2019un grand festin.<\/p>\n","protected":false},"featured_media":37585,"comment_status":"open","ping_status":"closed","template":"","meta":[],"product_brand":[],"product_cat":[1516],"product_tag":[],"class_list":{"0":"post-37584","1":"product","2":"type-product","3":"status-publish","4":"has-post-thumbnail","6":"product_cat-special-ramadan","8":"first","9":"outofstock","10":"shipping-taxable","11":"purchasable","12":"product-type-simple"},"_links":{"self":[{"href":"https:\/\/lamaktaba.fr\/index.php\/wp-json\/wp\/v2\/product\/37584","targetHints":{"allow":["GET"]}}],"collection":[{"href":"https:\/\/lamaktaba.fr\/index.php\/wp-json\/wp\/v2\/product"}],"about":[{"href":"https:\/\/lamaktaba.fr\/index.php\/wp-json\/wp\/v2\/types\/product"}],"replies":[{"embeddable":true,"href":"https:\/\/lamaktaba.fr\/index.php\/wp-json\/wp\/v2\/comments?post=37584"}],"wp:featuredmedia":[{"embeddable":true,"href":"https:\/\/lamaktaba.fr\/index.php\/wp-json\/wp\/v2\/media\/37585"}],"wp:attachment":[{"href":"https:\/\/lamaktaba.fr\/index.php\/wp-json\/wp\/v2\/media?parent=37584"}],"wp:term":[{"taxonomy":"product_brand","embeddable":true,"href":"https:\/\/lamaktaba.fr\/index.php\/wp-json\/wp\/v2\/product_brand?post=37584"},{"taxonomy":"product_cat","embeddable":true,"href":"https:\/\/lamaktaba.fr\/index.php\/wp-json\/wp\/v2\/product_cat?post=37584"},{"taxonomy":"product_tag","embeddable":true,"href":"https:\/\/lamaktaba.fr\/index.php\/wp-json\/wp\/v2\/product_tag?post=37584"}],"curies":[{"name":"wp","href":"https:\/\/api.w.org\/{rel}","templated":true}]}}