{"id":37577,"date":"2021-04-01T00:18:14","date_gmt":"2021-03-31T22:18:14","guid":{"rendered":"https:\/\/lamaktaba.fr\/index.php\/produit\/les-epouses-des-prophetes\/"},"modified":"2025-04-01T12:45:53","modified_gmt":"2025-04-01T10:45:53","slug":"les-epouses-des-prophetes","status":"publish","type":"product","link":"https:\/\/lamaktaba.fr\/index.php\/produit\/les-epouses-des-prophetes","title":{"rendered":"Les \u00e9pouses des proph\u00e8tes"},"content":{"rendered":"<p>Titre: Les \u00e9pouses des proph\u00e8tes;Auteur: Fdal Haja;Edition: UNIVERSEL;Support: Livre;Theme: Piliers de la FOI;Description: Cet ouvrage retrace la vie des \u00e9pouses de quelques uns des Envoy\u00e9s divins, parmi les plus connus dans les livres Saints. Parmi ces femmes, il y a eu des croyantes et des noncroyantes. Certaines d&rsquo;entres elles ont re\u00e7u le titre de \u00ab\u00a0Femmes \u00e9ternelles\u00a0\u00bb. Comme pour montrer que leur mod\u00e8le de saintet\u00e9 est atemporel, donc valable \u00e0 toutes \u00e9poques, telle qu&rsquo;Assia, \u00e9pouse de pharaon ou Marie (Maryam), fille d&rsquo;Imran et m\u00e8re de J\u00e9sus (A\u00efssa), leurs qualit\u00e9s: patience, fid\u00e9lit\u00e9&#8230; montreront le chemin de la Sagesse jusqu&rsquo;\u00e0 la fin des temps.<\/p>\n","protected":false},"excerpt":{"rendered":"<p>Titre: Les \u00e9pouses des proph\u00e8tes;Auteur: Fdal Haja;Edition: UNIVERSEL;Support: Livre;Theme: Piliers de la FOI;Description: Cet ouvrage retrace la vie des \u00e9pouses de quelques uns des Envoy\u00e9s divins, parmi les plus connus dans les livres Saints. Parmi ces femmes, il y a eu des croyantes et des noncroyantes. Certaines d&rsquo;entres elles ont re\u00e7u le titre de \u00ab\u00a0Femmes \u00e9ternelles\u00a0\u00bb. Comme pour montrer que leur mod\u00e8le de saintet\u00e9 est atemporel, donc valable \u00e0 toutes \u00e9poques, telle qu&rsquo;Assia, \u00e9pouse de pharaon ou Marie (Maryam), fille d&rsquo;Imran et m\u00e8re de J\u00e9sus (A\u00efssa), leurs qualit\u00e9s: patience, fid\u00e9lit\u00e9&#8230; montreront le chemin de la Sagesse jusqu&rsquo;\u00e0 la fin des temps.<\/p>\n","protected":false},"featured_media":37578,"comment_status":"open","ping_status":"closed","template":"","meta":[],"product_brand":[],"product_cat":[15],"product_tag":[],"class_list":{"0":"post-37577","1":"product","2":"type-product","3":"status-publish","4":"has-post-thumbnail","6":"product_cat-non-classe","8":"first","9":"outofstock","10":"shipping-taxable","11":"purchasable","12":"product-type-simple"},"_links":{"self":[{"href":"https:\/\/lamaktaba.fr\/index.php\/wp-json\/wp\/v2\/product\/37577","targetHints":{"allow":["GET"]}}],"collection":[{"href":"https:\/\/lamaktaba.fr\/index.php\/wp-json\/wp\/v2\/product"}],"about":[{"href":"https:\/\/lamaktaba.fr\/index.php\/wp-json\/wp\/v2\/types\/product"}],"replies":[{"embeddable":true,"href":"https:\/\/lamaktaba.fr\/index.php\/wp-json\/wp\/v2\/comments?post=37577"}],"wp:featuredmedia":[{"embeddable":true,"href":"https:\/\/lamaktaba.fr\/index.php\/wp-json\/wp\/v2\/media\/37578"}],"wp:attachment":[{"href":"https:\/\/lamaktaba.fr\/index.php\/wp-json\/wp\/v2\/media?parent=37577"}],"wp:term":[{"taxonomy":"product_brand","embeddable":true,"href":"https:\/\/lamaktaba.fr\/index.php\/wp-json\/wp\/v2\/product_brand?post=37577"},{"taxonomy":"product_cat","embeddable":true,"href":"https:\/\/lamaktaba.fr\/index.php\/wp-json\/wp\/v2\/product_cat?post=37577"},{"taxonomy":"product_tag","embeddable":true,"href":"https:\/\/lamaktaba.fr\/index.php\/wp-json\/wp\/v2\/product_tag?post=37577"}],"curies":[{"name":"wp","href":"https:\/\/api.w.org\/{rel}","templated":true}]}}