{"id":37545,"date":"2021-04-01T00:18:05","date_gmt":"2021-03-31T22:18:05","guid":{"rendered":"https:\/\/lamaktaba.fr\/index.php\/produit\/la-hijama-la-saignee-fondements-techniques-conseils\/"},"modified":"2025-04-01T12:45:53","modified_gmt":"2025-04-01T10:45:53","slug":"la-hijama-la-saignee-fondements-techniques-conseils","status":"publish","type":"product","link":"https:\/\/lamaktaba.fr\/index.php\/produit\/la-hijama-la-saignee-fondements-techniques-conseils","title":{"rendered":"La Hijama, (La saign\u00e9e) fondements techniques conseils"},"content":{"rendered":"<p>La pr\u00e9servation de la sant\u00e9 est une obligation morale mais aussi religieuse, en effet, le Proph\u00e8te PSL a dit: \u00ab Serviteurs d&rsquo;Allah, soignez-vous mai s ne vous soignez pas avec l&rsquo;illicite. \u00bb II incombe ainsi \u00e0 tout musulman et musulmane de recourir \u00e0 tous les moyens licites permettant de pr\u00e9server sa \u00ab bonne sant\u00e9 \u00bb,.;Cet ouvrage se veut une pr \u00e9 sentation d \u00e9 taill \u00e9 e d&rsquo;une alternative th \u00e9 rapeutique exemplaire, rapport \u00e9 e d&rsquo;une part dans la tradition proph \u00e9 tique du proph \u00e8 te Muhammad PSL, et corrobor \u00e9 e, d&rsquo;autre part, par la science exp \u00e9 rimentale antique et moderne, Al-Hijama ou La Saign\u00e9e.;La hijama a \u00e9t\u00e9 d\u00e9crite dans de nombreux ouvrages, \u00e0 la fois religieux et scientifiques, mais au fil du temps, un certain nombre d&rsquo;informations ont \u00e9t\u00e9 attribu\u00e9es \u00e0 tort \u00e0 la hijama. Le but de cet ouvrage est donc de proposer une approche plus rigoureuse, sur le plan religieux et scientifique, et plus m\u00e9thodique. Il s&rsquo;agit donc d&rsquo;un Tahq \u00eeq, c&rsquo;est \u00e0 dire d&rsquo;une r\u00e9actualisation des connaissances sur cette pratique exemplaire.;D\u00e9charge de Responsabilit\u00e9 de la librairie sana;Toutes les propri\u00e9t\u00e9s et les vertus indiqu\u00e9es dans les ouvrages et les produits que nous diffusons sur notre site librairie-sana.com, et qui traite des Th\u00e9rapies Alternatives font r\u00e9f\u00e9rence \u00e0 des traditions ancestrales \u00e9prouv\u00e9es, et ne pr\u00e9tendent aucunement \u00eatre prises pour des indications th\u00e9rapeutiques. Ces produits sont destin\u00e9 \u00e0 des personnes en bonne sant\u00e9. Toute personne estimant pr\u00e9senter un probl\u00e8me de sant\u00e9 doit consulter un m\u00e9decin ou un pharmacien d\u00fbment enregistr\u00e9 dans son pays d\u2019exercice.<\/p>\n","protected":false},"excerpt":{"rendered":"<p>La pr\u00e9servation de la sant\u00e9 est une obligation morale mais aussi religieuse, en effet, le Proph\u00e8te PSL a dit: \u00ab Serviteurs d&rsquo;Allah, soignez-vous mai s ne vous soignez pas avec l&rsquo;illicite. \u00bb II incombe ainsi \u00e0 tout musulman et musulmane de recourir \u00e0 tous les moyens licites permettant de pr\u00e9server sa \u00ab bonne sant\u00e9 \u00bb,.;Cet ouvrage se veut une pr \u00e9 sentation d \u00e9 taill \u00e9 e d&rsquo;une alternative th \u00e9 rapeutique exemplaire, rapport \u00e9 e d&rsquo;une part dans la tradition proph \u00e9 tique du proph \u00e8 te Muhammad PSL, et corrobor \u00e9 e, d&rsquo;autre part, par la science exp \u00e9 rimentale antique et moderne, Al-Hijama ou La Saign\u00e9e.;La hijama a \u00e9t\u00e9 d\u00e9crite dans de nombreux ouvrages, \u00e0 la fois religieux et scientifiques, mais au fil du temps, un certain nombre d&rsquo;informations ont \u00e9t\u00e9 attribu\u00e9es \u00e0 tort \u00e0 la hijama. Le but de cet ouvrage est donc de proposer une approche plus rigoureuse, sur le plan religieux et scientifique, et plus m\u00e9thodique. Il s&rsquo;agit donc d&rsquo;un Tahq \u00eeq, c&rsquo;est \u00e0 dire d&rsquo;une r\u00e9actualisation des connaissances sur cette pratique exemplaire.;D\u00e9charge de Responsabilit\u00e9 de la librairie sana;Toutes les propri\u00e9t\u00e9s et les vertus indiqu\u00e9es dans les ouvrages et les produits que nous diffusons sur notre site librairie-sana.com, et qui traite des Th\u00e9rapies Alternatives font r\u00e9f\u00e9rence \u00e0 des traditions ancestrales \u00e9prouv\u00e9es, et ne pr\u00e9tendent aucunement \u00eatre prises pour des indications th\u00e9rapeutiques. Ces produits sont destin\u00e9 \u00e0 des personnes en bonne sant\u00e9. Toute personne estimant pr\u00e9senter un probl\u00e8me de sant\u00e9 doit consulter un m\u00e9decin ou un pharmacien d\u00fbment enregistr\u00e9 dans son pays d\u2019exercice.<\/p>\n","protected":false},"featured_media":37546,"comment_status":"open","ping_status":"closed","template":"","meta":[],"product_brand":[],"product_cat":[15],"product_tag":[],"class_list":{"0":"post-37545","1":"product","2":"type-product","3":"status-publish","4":"has-post-thumbnail","6":"product_cat-non-classe","8":"first","9":"outofstock","10":"shipping-taxable","11":"purchasable","12":"product-type-simple"},"_links":{"self":[{"href":"https:\/\/lamaktaba.fr\/index.php\/wp-json\/wp\/v2\/product\/37545","targetHints":{"allow":["GET"]}}],"collection":[{"href":"https:\/\/lamaktaba.fr\/index.php\/wp-json\/wp\/v2\/product"}],"about":[{"href":"https:\/\/lamaktaba.fr\/index.php\/wp-json\/wp\/v2\/types\/product"}],"replies":[{"embeddable":true,"href":"https:\/\/lamaktaba.fr\/index.php\/wp-json\/wp\/v2\/comments?post=37545"}],"wp:featuredmedia":[{"embeddable":true,"href":"https:\/\/lamaktaba.fr\/index.php\/wp-json\/wp\/v2\/media\/37546"}],"wp:attachment":[{"href":"https:\/\/lamaktaba.fr\/index.php\/wp-json\/wp\/v2\/media?parent=37545"}],"wp:term":[{"taxonomy":"product_brand","embeddable":true,"href":"https:\/\/lamaktaba.fr\/index.php\/wp-json\/wp\/v2\/product_brand?post=37545"},{"taxonomy":"product_cat","embeddable":true,"href":"https:\/\/lamaktaba.fr\/index.php\/wp-json\/wp\/v2\/product_cat?post=37545"},{"taxonomy":"product_tag","embeddable":true,"href":"https:\/\/lamaktaba.fr\/index.php\/wp-json\/wp\/v2\/product_tag?post=37545"}],"curies":[{"name":"wp","href":"https:\/\/api.w.org\/{rel}","templated":true}]}}