{"id":37541,"date":"2021-04-01T00:18:04","date_gmt":"2021-03-31T22:18:04","guid":{"rendered":"https:\/\/lamaktaba.fr\/index.php\/produit\/par-amour-pour-jesus-jai-embrasse-l-islam\/"},"modified":"2025-04-01T12:47:29","modified_gmt":"2025-04-01T10:47:29","slug":"par-amour-pour-jesus-jai-embrasse-l-islam","status":"publish","type":"product","link":"https:\/\/lamaktaba.fr\/index.php\/produit\/par-amour-pour-jesus-jai-embrasse-l-islam","title":{"rendered":"Par amour pour J\u00e9sus, j&rsquo;ai embrass\u00e9 l&rsquo; Islam"},"content":{"rendered":"<p>Par amour pour J\u00e9sus, j&rsquo;ai embrass\u00e9 l&rsquo;Islam;L&rsquo;auteur;Ma conscience me disait qu&rsquo;il y avait quelque chose d&rsquo;\u00e9trange dans les enseignements que j&rsquo;avais re\u00e7us \u00e0 l&rsquo;Eglise et du Christianisme&#8230;;Un jour, alors que je parcourais les livrets qu&rsquo;on m&rsquo;avait donn\u00e9s \u00e0 la mosqu\u00e9e, j&rsquo;ai lu deux lignes qui ont rempli mon c\u0153ur de joie et de bonheur. Les larmes commenc\u00e8rent \u00e0 couler de mes yeux et je m&rsquo;\u00e9criai: \u00ab\u00a0Mon Dieu, c&rsquo;est la v\u00e9rit\u00e9, la r\u00e9ponse que je n&rsquo;aurai jamais pu trouver!;J&rsquo;ai lu ceci \u00e0 propos de J\u00e9sus Christ: \u00ab\u00a0Ils disent (en se vantant):\u00a0\u00bbNous avons tu\u00e9 J\u00e9sus Christ, le fils de Marie, le Messager d&rsquo;Allah\u00a0\u00bb, mais ils ne l\u2019ont pas tu\u00e9 ni crucifi\u00e9\u00a0\u00bb.;Mon h\u00e9ros, mon Proph\u00e8te bien-aim\u00e9, J\u00e9sus de Nazareth, que je priais deux fois par jour chez moi dans mon petit autel, n&rsquo;avait pas \u00e9t\u00e9 crucifi\u00e9?!Pour moi, le poids de la croix pr\u00e9tendument port\u00e9e par J\u00e9sus au Mont du Clavaire s&rsquo;est \u00e9vanoui et d\u00e9sint\u00e9gr\u00e9e la m\u00eame mani\u00e8re qu&rsquo;une immense montagne est pulv\u00e9ris\u00e9 par la dynamite.;Je r\u00e9fl\u00e9chissais et me disait: \u00ab\u00a0Si c&rsquo;est la v\u00e9rit\u00e9, alors cette religion est la vraie\u00a0\u00bb. Pendant vingt ans, on m&rsquo;a dit que J\u00e9sus avait \u00e9t\u00e9 assassin\u00e9. J&rsquo;avais \u00e9t\u00e9 emmen\u00e9 dans un voyage sans aucune autre route.;D\u00e9sormais, une autre avenue fut ouverte, pr\u00e9sentant des r\u00e9ponses plus logiques. Encore une fois, je r\u00e9fl\u00e9chissais. J&rsquo;en ai conclut que je voulais appartenir \u00e0 cette religion.;Je voulais \u00eatre Musulman !<\/p>\n","protected":false},"excerpt":{"rendered":"<p>Par amour pour J\u00e9sus, j&rsquo;ai embrass\u00e9 l&rsquo;Islam;L&rsquo;auteur;Ma conscience me disait qu&rsquo;il y avait quelque chose d&rsquo;\u00e9trange dans les enseignements que j&rsquo;avais re\u00e7us \u00e0 l&rsquo;Eglise et du Christianisme&#8230;;Un jour, alors que je parcourais les livrets qu&rsquo;on m&rsquo;avait donn\u00e9s \u00e0 la mosqu\u00e9e, j&rsquo;ai lu deux lignes qui ont rempli mon c\u0153ur de joie et de bonheur. Les larmes commenc\u00e8rent \u00e0 couler de mes yeux et je m&rsquo;\u00e9criai: \u00ab\u00a0Mon Dieu, c&rsquo;est la v\u00e9rit\u00e9, la r\u00e9ponse que je n&rsquo;aurai jamais pu trouver!;J&rsquo;ai lu ceci \u00e0 propos de J\u00e9sus Christ: \u00ab\u00a0Ils disent (en se vantant):\u00a0\u00bbNous avons tu\u00e9 J\u00e9sus Christ, le fils de Marie, le Messager d&rsquo;Allah\u00a0\u00bb, mais ils ne l\u2019ont pas tu\u00e9 ni crucifi\u00e9\u00a0\u00bb.;Mon h\u00e9ros, mon Proph\u00e8te bien-aim\u00e9, J\u00e9sus de Nazareth, que je priais deux fois par jour chez moi dans mon petit autel, n&rsquo;avait pas \u00e9t\u00e9 crucifi\u00e9?!Pour moi, le poids de la croix pr\u00e9tendument port\u00e9e par J\u00e9sus au Mont du Clavaire s&rsquo;est \u00e9vanoui et d\u00e9sint\u00e9gr\u00e9e la m\u00eame mani\u00e8re qu&rsquo;une immense montagne est pulv\u00e9ris\u00e9 par la dynamite.;Je r\u00e9fl\u00e9chissais et me disait: \u00ab\u00a0Si c&rsquo;est la v\u00e9rit\u00e9, alors cette religion est la vraie\u00a0\u00bb. Pendant vingt ans, on m&rsquo;a dit que J\u00e9sus avait \u00e9t\u00e9 assassin\u00e9. J&rsquo;avais \u00e9t\u00e9 emmen\u00e9 dans un voyage sans aucune autre route.;D\u00e9sormais, une autre avenue fut ouverte, pr\u00e9sentant des r\u00e9ponses plus logiques. Encore une fois, je r\u00e9fl\u00e9chissais. J&rsquo;en ai conclut que je voulais appartenir \u00e0 cette religion.;Je voulais \u00eatre Musulman !<\/p>\n","protected":false},"featured_media":37542,"comment_status":"open","ping_status":"closed","template":"","meta":[],"product_brand":[],"product_cat":[15],"product_tag":[],"class_list":{"0":"post-37541","1":"product","2":"type-product","3":"status-publish","4":"has-post-thumbnail","6":"product_cat-non-classe","8":"first","9":"outofstock","10":"shipping-taxable","11":"purchasable","12":"product-type-simple"},"_links":{"self":[{"href":"https:\/\/lamaktaba.fr\/index.php\/wp-json\/wp\/v2\/product\/37541","targetHints":{"allow":["GET"]}}],"collection":[{"href":"https:\/\/lamaktaba.fr\/index.php\/wp-json\/wp\/v2\/product"}],"about":[{"href":"https:\/\/lamaktaba.fr\/index.php\/wp-json\/wp\/v2\/types\/product"}],"replies":[{"embeddable":true,"href":"https:\/\/lamaktaba.fr\/index.php\/wp-json\/wp\/v2\/comments?post=37541"}],"wp:featuredmedia":[{"embeddable":true,"href":"https:\/\/lamaktaba.fr\/index.php\/wp-json\/wp\/v2\/media\/37542"}],"wp:attachment":[{"href":"https:\/\/lamaktaba.fr\/index.php\/wp-json\/wp\/v2\/media?parent=37541"}],"wp:term":[{"taxonomy":"product_brand","embeddable":true,"href":"https:\/\/lamaktaba.fr\/index.php\/wp-json\/wp\/v2\/product_brand?post=37541"},{"taxonomy":"product_cat","embeddable":true,"href":"https:\/\/lamaktaba.fr\/index.php\/wp-json\/wp\/v2\/product_cat?post=37541"},{"taxonomy":"product_tag","embeddable":true,"href":"https:\/\/lamaktaba.fr\/index.php\/wp-json\/wp\/v2\/product_tag?post=37541"}],"curies":[{"name":"wp","href":"https:\/\/api.w.org\/{rel}","templated":true}]}}