{"id":37538,"date":"2021-04-01T00:18:02","date_gmt":"2021-03-31T22:18:02","guid":{"rendered":"https:\/\/lamaktaba.fr\/index.php\/produit\/le-garcon-de-tes-reves-dapres-souad-faraj\/"},"modified":"2025-04-01T12:44:58","modified_gmt":"2025-04-01T10:44:58","slug":"le-garcon-de-tes-reves-dapres-souad-faraj","status":"publish","type":"product","link":"https:\/\/lamaktaba.fr\/index.php\/produit\/le-garcon-de-tes-reves-dapres-souad-faraj","title":{"rendered":"Le gar\u00e7on de tes r\u00eaves d&rsquo;apr\u00e8s Souad Faraj"},"content":{"rendered":"<p>Le gar\u00e7on de tes r\u00eaves d&rsquo;apr\u00e8s Souad Faraj;Ch\u00e8res s\u0153urs et ch\u00e8re lectrice, toi qui tiens ce livret entre tes mains, sache que ce qu\u2019il d\u00e9crit est la stricte r\u00e9alit\u00e9 et certaines jeunes filles en sont arriv\u00e9es jusque-l\u00e0. Si toi, tu n\u2019es pas tomb\u00e9e dans ces revers et bien remercies Allah et lis ce livre, comprend le et diffuses le parmi celles que tu aimes et pour qui tu le veux bien.;Si par contre tu t\u2019es retrouv\u00e9e dans quelque m\u00e9fait, alors voici pour toi des conseils qui t\u2019ont \u00e9t\u00e9 donn\u00e9s sans contrepartie et qui te sont parvenus sans que tu te fatigue. Empresse-toi donc de te repentir et suis ces pr\u00e9cieux conseils et ces directives pleines de bon sens.;Cet ouvrage se compose de sept h\u00e8mes diff\u00e9rents qui sont les suivants;La premi\u00e8re discussion.;Le r\u00e9cit de la sortie.;Quand la femme adoucit sa voix: statut et r\u00e9percussion sur l&rsquo;attraction des \u00e2mes.;Salir la dignit\u00e9 et d\u00e9truire l&rsquo;honneur.;Le gar\u00e7on id\u00e9al !!;Des objectifs malsains&#8230; Et des cons\u00e9quences douloureuses.;La liste des d\u00e9g\u00e2ts!;Ne le crois pas et m\u00e9fie-toi;Marque DAR ALMUSLIM Editions R\u00e9f\u00e9rence 9782917113608;Fiche technique AUTEUR: &#8211; Souad Faraj ANNEE: &#8211; 2012 SUPPORT: &#8211; Livre THEME: &#8211; Biblioth\u00e8que de la Femme \u00c9DITIONS: &#8211; ALMUSLIM Condition: &#8211; Neuf Nombre de Pages: &#8211; 31 FORMAT (CM): 15 x 10 Poids (kg): &#8211; 0.012 EAN13: &#8211; 9782917113608 RELIURE: &#8211; Souple;R\u00e9f\u00e9rences sp\u00e9cifiques;Donnez votre avis;Aucun commentaire pour le moment<\/p>\n","protected":false},"excerpt":{"rendered":"<p>Le gar\u00e7on de tes r\u00eaves d&rsquo;apr\u00e8s Souad Faraj;Ch\u00e8res s\u0153urs et ch\u00e8re lectrice, toi qui tiens ce livret entre tes mains, sache que ce qu\u2019il d\u00e9crit est la stricte r\u00e9alit\u00e9 et certaines jeunes filles en sont arriv\u00e9es jusque-l\u00e0. Si toi, tu n\u2019es pas tomb\u00e9e dans ces revers et bien remercies Allah et lis ce livre, comprend le et diffuses le parmi celles que tu aimes et pour qui tu le veux bien.;Si par contre tu t\u2019es retrouv\u00e9e dans quelque m\u00e9fait, alors voici pour toi des conseils qui t\u2019ont \u00e9t\u00e9 donn\u00e9s sans contrepartie et qui te sont parvenus sans que tu te fatigue. Empresse-toi donc de te repentir et suis ces pr\u00e9cieux conseils et ces directives pleines de bon sens.;Cet ouvrage se compose de sept h\u00e8mes diff\u00e9rents qui sont les suivants;La premi\u00e8re discussion.;Le r\u00e9cit de la sortie.;Quand la femme adoucit sa voix: statut et r\u00e9percussion sur l&rsquo;attraction des \u00e2mes.;Salir la dignit\u00e9 et d\u00e9truire l&rsquo;honneur.;Le gar\u00e7on id\u00e9al !!;Des objectifs malsains&#8230; Et des cons\u00e9quences douloureuses.;La liste des d\u00e9g\u00e2ts!;Ne le crois pas et m\u00e9fie-toi;Marque DAR ALMUSLIM Editions R\u00e9f\u00e9rence 9782917113608;Fiche technique AUTEUR: &#8211; Souad Faraj ANNEE: &#8211; 2012 SUPPORT: &#8211; Livre THEME: &#8211; Biblioth\u00e8que de la Femme \u00c9DITIONS: &#8211; ALMUSLIM Condition: &#8211; Neuf Nombre de Pages: &#8211; 31 FORMAT (CM): 15 x 10 Poids (kg): &#8211; 0.012 EAN13: &#8211; 9782917113608 RELIURE: &#8211; Souple;R\u00e9f\u00e9rences sp\u00e9cifiques;Donnez votre avis;Aucun commentaire pour le moment<\/p>\n","protected":false},"featured_media":37539,"comment_status":"open","ping_status":"closed","template":"","meta":[],"product_brand":[],"product_cat":[15],"product_tag":[],"class_list":{"0":"post-37538","1":"product","2":"type-product","3":"status-publish","4":"has-post-thumbnail","6":"product_cat-non-classe","8":"first","9":"outofstock","10":"shipping-taxable","11":"purchasable","12":"product-type-simple"},"_links":{"self":[{"href":"https:\/\/lamaktaba.fr\/index.php\/wp-json\/wp\/v2\/product\/37538","targetHints":{"allow":["GET"]}}],"collection":[{"href":"https:\/\/lamaktaba.fr\/index.php\/wp-json\/wp\/v2\/product"}],"about":[{"href":"https:\/\/lamaktaba.fr\/index.php\/wp-json\/wp\/v2\/types\/product"}],"replies":[{"embeddable":true,"href":"https:\/\/lamaktaba.fr\/index.php\/wp-json\/wp\/v2\/comments?post=37538"}],"wp:featuredmedia":[{"embeddable":true,"href":"https:\/\/lamaktaba.fr\/index.php\/wp-json\/wp\/v2\/media\/37539"}],"wp:attachment":[{"href":"https:\/\/lamaktaba.fr\/index.php\/wp-json\/wp\/v2\/media?parent=37538"}],"wp:term":[{"taxonomy":"product_brand","embeddable":true,"href":"https:\/\/lamaktaba.fr\/index.php\/wp-json\/wp\/v2\/product_brand?post=37538"},{"taxonomy":"product_cat","embeddable":true,"href":"https:\/\/lamaktaba.fr\/index.php\/wp-json\/wp\/v2\/product_cat?post=37538"},{"taxonomy":"product_tag","embeddable":true,"href":"https:\/\/lamaktaba.fr\/index.php\/wp-json\/wp\/v2\/product_tag?post=37538"}],"curies":[{"name":"wp","href":"https:\/\/api.w.org\/{rel}","templated":true}]}}