{"id":37526,"date":"2021-04-01T00:17:58","date_gmt":"2021-03-31T22:17:58","guid":{"rendered":"https:\/\/lamaktaba.fr\/index.php\/produit\/prions-comme-le-prophete-sws-nous-la-enseigne-toyor-al-jannah-2eme-edition-fille\/"},"modified":"2025-04-01T12:43:17","modified_gmt":"2025-04-01T10:43:17","slug":"prions-comme-le-prophete-sws-nous-la-enseigne-toyor-al-jannah-2eme-edition-fille","status":"publish","type":"product","link":"https:\/\/lamaktaba.fr\/index.php\/produit\/prions-comme-le-prophete-sws-nous-la-enseigne-toyor-al-jannah-2eme-edition-fille","title":{"rendered":"Prions, comme le proph\u00e8te (SWS) nous l&rsquo;a enseign\u00e9 &#8211; Toyor Al jannah &#8211; 2\u00e9me \u00e9dition (Fille)"},"content":{"rendered":"<p>Prions, comme le proph\u00e8te (SWS) nous l&rsquo;a enseign\u00e9 &#8211; Toyor Al jannah &#8211; khaled Mekdad: Un guide de pri\u00e8re pour (Fille);Ce livre bilingue (Fran\u00e7ais-arabe) de la s\u00e9rie \u00ab Apprenons notre religion \u00bb de Toyor Al Jannah est un outil simple pour apprendre la pri\u00e8re selon la sunna de notre proph\u00e8te Muhammad (SWS). Il explique clairement et \u00e9tape par \u00e9tape, comment faire la pri\u00e8re comme notre proph\u00e8te Muhammad nous l&rsquo;a enseign\u00e9, \u00e0 travers des textes accompagn\u00e9s de photos en couleur. Il explique aussi les piliers de la pri\u00e8re, les erreurs \u00e0 ne pas commettre et les r\u00e8gles de bonne conduite durant la pri\u00e8re, les invocations apr\u00e8s la pri\u00e8re.;NB. Le livre Prions, comme le proph\u00e8te (SWS) nous l&rsquo;a enseign\u00e9 pour gar\u00e7on est disponible sur le site;La s\u00e9rie Apprenons notre religion;Cette s\u00e9rie \u00e9ducative et p\u00e9dagogique, de huit ouvrages, s&rsquo;attache \u00e0 enseigner les ablutions, la pri\u00e8re, le petit p\u00e8lerinage ainsi que les invocations quotidiennes pour les enfants.;Cette s\u00e9rie nous explique comment les effectuer \u00e9tape par \u00e9tape de mani\u00e8re claire et d\u00e9taill\u00e9e, dans le respect de la sounna du proph\u00e8te Muhamad (SWS) \u00e0 travers des textes accompagn\u00e9 de photos.;\u0633\u0644\u0633\u0644\u0629 \u0647\u064a\u0627 \u0646\u062a\u0639\u0644\u0645 \u0627\u0644\u0639\u0628\u0627\u062f\u0627\u062a;\u0633\u0644\u0633\u0644\u0629 \u0647\u0627\u062f\u0641\u0629 \u0648 \u0645\u0645\u062a\u0639\u0629\u060c \u062a\u062a\u0627\u0644\u0641 \u0645\u0646 \u062a\u0645\u0627\u0646\u064a\u0629 \u0623\u062c\u0632\u0627\u0621 \u0644\u062a\u0639\u0644\u064a\u0645 \u0627\u0644\u0648\u0636\u0648\u0621 \u0648 \u0627\u0644\u0635\u0644\u0627\u0629 \u0648 \u0627\u0644\u0639\u0645\u0631\u0629 \u0648 \u0627\u0644\u0623\u0630\u0643\u0627\u0631 \u0627\u0644\u064a\u0648\u0645\u064a\u0629 \u0644\u0644\u0630\u0643\u0648\u0631 \u0648 \u0627\u0644\u0627\u0646\u0627\u062a;\u0648 \u0646\u0635\u0648\u0635\u0647\u0627 \u0645\u0635\u062d\u062d\u0629 \u0648 \u0645\u062f\u0642\u0642\u0629 \u0648\u0641\u0642\u0627 \u0644\u0645\u0627 \u0635\u062d \u0639\u0646 \u0627\u0644\u0646\u0628\u064a \u0635\u0644\u0649 \u0627\u0644\u0644\u0647 \u0639\u0644\u064a\u0647 \u0648\u0633\u0644\u0645 \u0645\u0639 \u0628\u0639\u0636 \u0627\u0644\u0634\u0631\u0648\u062d\u0627\u062a \u0648 \u0627\u0644\u062a\u0648\u062c\u064a\u0647\u0627\u062a \u0627\u0644\u0639\u0627\u0645<\/p>\n","protected":false},"excerpt":{"rendered":"<p>Prions, comme le proph\u00e8te (SWS) nous l&rsquo;a enseign\u00e9 &#8211; Toyor Al jannah &#8211; khaled Mekdad: Un guide de pri\u00e8re pour (Fille);Ce livre bilingue (Fran\u00e7ais-arabe) de la s\u00e9rie \u00ab Apprenons notre religion \u00bb de Toyor Al Jannah est un outil simple pour apprendre la pri\u00e8re selon la sunna de notre proph\u00e8te Muhammad (SWS). Il explique clairement et \u00e9tape par \u00e9tape, comment faire la pri\u00e8re comme notre proph\u00e8te Muhammad nous l&rsquo;a enseign\u00e9, \u00e0 travers des textes accompagn\u00e9s de photos en couleur. Il explique aussi les piliers de la pri\u00e8re, les erreurs \u00e0 ne pas commettre et les r\u00e8gles de bonne conduite durant la pri\u00e8re, les invocations apr\u00e8s la pri\u00e8re.;NB. Le livre Prions, comme le proph\u00e8te (SWS) nous l&rsquo;a enseign\u00e9 pour gar\u00e7on est disponible sur le site;La s\u00e9rie Apprenons notre religion;Cette s\u00e9rie \u00e9ducative et p\u00e9dagogique, de huit ouvrages, s&rsquo;attache \u00e0 enseigner les ablutions, la pri\u00e8re, le petit p\u00e8lerinage ainsi que les invocations quotidiennes pour les enfants.;Cette s\u00e9rie nous explique comment les effectuer \u00e9tape par \u00e9tape de mani\u00e8re claire et d\u00e9taill\u00e9e, dans le respect de la sounna du proph\u00e8te Muhamad (SWS) \u00e0 travers des textes accompagn\u00e9 de photos.;\u0633\u0644\u0633\u0644\u0629 \u0647\u064a\u0627 \u0646\u062a\u0639\u0644\u0645 \u0627\u0644\u0639\u0628\u0627\u062f\u0627\u062a;\u0633\u0644\u0633\u0644\u0629 \u0647\u0627\u062f\u0641\u0629 \u0648 \u0645\u0645\u062a\u0639\u0629\u060c \u062a\u062a\u0627\u0644\u0641 \u0645\u0646 \u062a\u0645\u0627\u0646\u064a\u0629 \u0623\u062c\u0632\u0627\u0621 \u0644\u062a\u0639\u0644\u064a\u0645 \u0627\u0644\u0648\u0636\u0648\u0621 \u0648 \u0627\u0644\u0635\u0644\u0627\u0629 \u0648 \u0627\u0644\u0639\u0645\u0631\u0629 \u0648 \u0627\u0644\u0623\u0630\u0643\u0627\u0631 \u0627\u0644\u064a\u0648\u0645\u064a\u0629 \u0644\u0644\u0630\u0643\u0648\u0631 \u0648 \u0627\u0644\u0627\u0646\u0627\u062a;\u0648 \u0646\u0635\u0648\u0635\u0647\u0627 \u0645\u0635\u062d\u062d\u0629 \u0648 \u0645\u062f\u0642\u0642\u0629 \u0648\u0641\u0642\u0627 \u0644\u0645\u0627 \u0635\u062d \u0639\u0646 \u0627\u0644\u0646\u0628\u064a \u0635\u0644\u0649 \u0627\u0644\u0644\u0647 \u0639\u0644\u064a\u0647 \u0648\u0633\u0644\u0645 \u0645\u0639 \u0628\u0639\u0636 \u0627\u0644\u0634\u0631\u0648\u062d\u0627\u062a \u0648 \u0627\u0644\u062a\u0648\u062c\u064a\u0647\u0627\u062a \u0627\u0644\u0639\u0627\u0645<\/p>\n","protected":false},"featured_media":37527,"comment_status":"open","ping_status":"closed","template":"","meta":[],"product_brand":[],"product_cat":[1910,1909,1912],"product_tag":[],"class_list":{"0":"post-37526","1":"product","2":"type-product","3":"status-publish","4":"has-post-thumbnail","6":"product_cat-education","7":"product_cat-enfants","8":"product_cat-priere-salate","10":"first","11":"outofstock","12":"shipping-taxable","13":"purchasable","14":"product-type-simple"},"_links":{"self":[{"href":"https:\/\/lamaktaba.fr\/index.php\/wp-json\/wp\/v2\/product\/37526","targetHints":{"allow":["GET"]}}],"collection":[{"href":"https:\/\/lamaktaba.fr\/index.php\/wp-json\/wp\/v2\/product"}],"about":[{"href":"https:\/\/lamaktaba.fr\/index.php\/wp-json\/wp\/v2\/types\/product"}],"replies":[{"embeddable":true,"href":"https:\/\/lamaktaba.fr\/index.php\/wp-json\/wp\/v2\/comments?post=37526"}],"wp:featuredmedia":[{"embeddable":true,"href":"https:\/\/lamaktaba.fr\/index.php\/wp-json\/wp\/v2\/media\/37527"}],"wp:attachment":[{"href":"https:\/\/lamaktaba.fr\/index.php\/wp-json\/wp\/v2\/media?parent=37526"}],"wp:term":[{"taxonomy":"product_brand","embeddable":true,"href":"https:\/\/lamaktaba.fr\/index.php\/wp-json\/wp\/v2\/product_brand?post=37526"},{"taxonomy":"product_cat","embeddable":true,"href":"https:\/\/lamaktaba.fr\/index.php\/wp-json\/wp\/v2\/product_cat?post=37526"},{"taxonomy":"product_tag","embeddable":true,"href":"https:\/\/lamaktaba.fr\/index.php\/wp-json\/wp\/v2\/product_tag?post=37526"}],"curies":[{"name":"wp","href":"https:\/\/api.w.org\/{rel}","templated":true}]}}