{"id":37478,"date":"2021-04-01T00:17:53","date_gmt":"2021-03-31T22:17:53","guid":{"rendered":"https:\/\/lamaktaba.fr\/index.php\/produit\/jaime-mon-epouse-51-procedes-pour-raffermir-lamour-de-ton-epouse-de-adil-fathi-abd-allah-8-eme-edition-2016\/"},"modified":"2025-04-01T12:47:29","modified_gmt":"2025-04-01T10:47:29","slug":"jaime-mon-epouse-51-procedes-pour-raffermir-lamour-de-ton-epouse-de-adil-fathi-abd-allah-8-eme-edition-2016","status":"publish","type":"product","link":"https:\/\/lamaktaba.fr\/index.php\/produit\/jaime-mon-epouse-51-procedes-pour-raffermir-lamour-de-ton-epouse-de-adil-fathi-abd-allah-8-eme-edition-2016","title":{"rendered":"J&rsquo;aime mon \u00e9pouse (51 Proc\u00e9d\u00e9s pour raffermir l&rsquo;amour de ton \u00e9pouse), de &lsquo;Adil Fath\u00ee Abd-Allah, 8 \u00e8me \u00e9dition 2016"},"content":{"rendered":"<p>J&rsquo;aime mon \u00e9pouse (51 Proc\u00e9d\u00e9s pour raffermir l&rsquo;amour de ton \u00e9pouse \u00e0 la lumi\u00e8re du Coran et de la Sunna authentique), de &lsquo;Adil Fath\u00ee Abd-Allah, 8 \u00e8me \u00e9dition 2016;La conduite de l&rsquo;Envoy\u00e9 d&rsquo;Allah et sa vertu sont un exemple \u00e0 suivre car II a \u00e9t\u00e9 le meilleur proph\u00e8te pour sa communaut\u00e9 et le meilleur des \u00e9poux et le meilleur des p\u00e8res.;Il \u00e9tait l&rsquo;exemple du bon mari. II \u00e9tait tendre envers ses \u00e9pouses, grand connaisseur de leur temp\u00e9rament, empress\u00e9 \u00e0 satisfaire les besoins des filles d&rsquo;Eve. Il n&rsquo;\u00e9tait gu\u00e8re violent ou dur, tyran ou oppresseur mais il \u00e9tait un don de mis\u00e9ricorde, un c\u0153ur tendre, aimable et plein de douceur.;Dans ce livre, nous passerons en revue ses qualit\u00e9s sublimes, ses nobles vertus, perles resplendissantes, exemples \u00e0 suivre glan\u00e9s \u00e7a et l\u00e0, le\u00e7on et maximes qui aideront les maris \u00e0 user d&rsquo;un bon comportement \u00e0 l&rsquo;\u00e9gard de leurs \u00e9pouses.;Nous prendrons un temps agr\u00e9able \u00e0 parcourir ce guide de l&rsquo;\u00e9ducation sentimentale. Comment le mari musulman doit-il agir pour \u00eatre finalement le meilleur \u00e9poux selon les recommandations du Proph\u00e8te, pri\u00e8re et salut d&rsquo;Allah soient sur lui?;Nous indiquerons les voies permettant \u00e0 l&rsquo;\u00e9poux d&rsquo;\u00eatre aimable envers sa femme afin de gagner son c\u0153ur et son comportement \u00e0 son \u00e9gard sera \u00e0 la hauteur et conforme \u00e0 sa d\u00e9claration: j&rsquo;aime mon \u00e9pouse;Marque ALMADINA Editions R\u00e9f\u00e9rence 9789954948545;Fiche technique AUTEUR: &#8211; &lsquo;Adil Fath\u00ee Abd-Allah LANGUE: -.Fran\u00e7ais ANNEE: &#8211; 2016 SUPPORT: &#8211; Livre THEME: &#8211; Guide conjugal, Mariage \u00c9DITIONS: &#8211; ALMADINA Condition: &#8211; Neuf Nombre de Pages: &#8211; 88 FORMAT (CM): 14.8 x 21.8 cm Poids (kg): &#8211; 0.136 kg EAN13: &#8211; 9789954948545 RELIURE: &#8211; Souple.Traduction: &#8211; Abd-Allah Al-Kh\u00e2lid\u00ee;R\u00e9f\u00e9rences sp\u00e9cifiques;Donnez votre avis;Aucun commentaire pour le moment<\/p>\n","protected":false},"excerpt":{"rendered":"<p>J&rsquo;aime mon \u00e9pouse (51 Proc\u00e9d\u00e9s pour raffermir l&rsquo;amour de ton \u00e9pouse \u00e0 la lumi\u00e8re du Coran et de la Sunna authentique), de &lsquo;Adil Fath\u00ee Abd-Allah, 8 \u00e8me \u00e9dition 2016;La conduite de l&rsquo;Envoy\u00e9 d&rsquo;Allah et sa vertu sont un exemple \u00e0 suivre car II a \u00e9t\u00e9 le meilleur proph\u00e8te pour sa communaut\u00e9 et le meilleur des \u00e9poux et le meilleur des p\u00e8res.;Il \u00e9tait l&rsquo;exemple du bon mari. II \u00e9tait tendre envers ses \u00e9pouses, grand connaisseur de leur temp\u00e9rament, empress\u00e9 \u00e0 satisfaire les besoins des filles d&rsquo;Eve. Il n&rsquo;\u00e9tait gu\u00e8re violent ou dur, tyran ou oppresseur mais il \u00e9tait un don de mis\u00e9ricorde, un c\u0153ur tendre, aimable et plein de douceur.;Dans ce livre, nous passerons en revue ses qualit\u00e9s sublimes, ses nobles vertus, perles resplendissantes, exemples \u00e0 suivre glan\u00e9s \u00e7a et l\u00e0, le\u00e7on et maximes qui aideront les maris \u00e0 user d&rsquo;un bon comportement \u00e0 l&rsquo;\u00e9gard de leurs \u00e9pouses.;Nous prendrons un temps agr\u00e9able \u00e0 parcourir ce guide de l&rsquo;\u00e9ducation sentimentale. Comment le mari musulman doit-il agir pour \u00eatre finalement le meilleur \u00e9poux selon les recommandations du Proph\u00e8te, pri\u00e8re et salut d&rsquo;Allah soient sur lui?;Nous indiquerons les voies permettant \u00e0 l&rsquo;\u00e9poux d&rsquo;\u00eatre aimable envers sa femme afin de gagner son c\u0153ur et son comportement \u00e0 son \u00e9gard sera \u00e0 la hauteur et conforme \u00e0 sa d\u00e9claration: j&rsquo;aime mon \u00e9pouse;Marque ALMADINA Editions R\u00e9f\u00e9rence 9789954948545;Fiche technique AUTEUR: &#8211; &lsquo;Adil Fath\u00ee Abd-Allah LANGUE: -.Fran\u00e7ais ANNEE: &#8211; 2016 SUPPORT: &#8211; Livre THEME: &#8211; Guide conjugal, Mariage \u00c9DITIONS: &#8211; ALMADINA Condition: &#8211; Neuf Nombre de Pages: &#8211; 88 FORMAT (CM): 14.8 x 21.8 cm Poids (kg): &#8211; 0.136 kg EAN13: &#8211; 9789954948545 RELIURE: &#8211; Souple.Traduction: &#8211; Abd-Allah Al-Kh\u00e2lid\u00ee;R\u00e9f\u00e9rences sp\u00e9cifiques;Donnez votre avis;Aucun commentaire pour le moment<\/p>\n","protected":false},"featured_media":37479,"comment_status":"open","ping_status":"closed","template":"","meta":[],"product_brand":[],"product_cat":[15],"product_tag":[],"class_list":{"0":"post-37478","1":"product","2":"type-product","3":"status-publish","4":"has-post-thumbnail","6":"product_cat-non-classe","8":"first","9":"outofstock","10":"shipping-taxable","11":"purchasable","12":"product-type-simple"},"_links":{"self":[{"href":"https:\/\/lamaktaba.fr\/index.php\/wp-json\/wp\/v2\/product\/37478","targetHints":{"allow":["GET"]}}],"collection":[{"href":"https:\/\/lamaktaba.fr\/index.php\/wp-json\/wp\/v2\/product"}],"about":[{"href":"https:\/\/lamaktaba.fr\/index.php\/wp-json\/wp\/v2\/types\/product"}],"replies":[{"embeddable":true,"href":"https:\/\/lamaktaba.fr\/index.php\/wp-json\/wp\/v2\/comments?post=37478"}],"wp:featuredmedia":[{"embeddable":true,"href":"https:\/\/lamaktaba.fr\/index.php\/wp-json\/wp\/v2\/media\/37479"}],"wp:attachment":[{"href":"https:\/\/lamaktaba.fr\/index.php\/wp-json\/wp\/v2\/media?parent=37478"}],"wp:term":[{"taxonomy":"product_brand","embeddable":true,"href":"https:\/\/lamaktaba.fr\/index.php\/wp-json\/wp\/v2\/product_brand?post=37478"},{"taxonomy":"product_cat","embeddable":true,"href":"https:\/\/lamaktaba.fr\/index.php\/wp-json\/wp\/v2\/product_cat?post=37478"},{"taxonomy":"product_tag","embeddable":true,"href":"https:\/\/lamaktaba.fr\/index.php\/wp-json\/wp\/v2\/product_tag?post=37478"}],"curies":[{"name":"wp","href":"https:\/\/api.w.org\/{rel}","templated":true}]}}