{"id":37476,"date":"2021-04-01T00:17:51","date_gmt":"2021-03-31T22:17:51","guid":{"rendered":"https:\/\/lamaktaba.fr\/index.php\/produit\/lart-detre-parent-en-occident-une-perspective-islamique-de-dr-ekram-et-dr-mohamed-rida-beshir\/"},"modified":"2025-04-01T12:47:28","modified_gmt":"2025-04-01T10:47:28","slug":"lart-detre-parent-en-occident-une-perspective-islamique-de-dr-ekram-et-dr-mohamed-rida-beshir","status":"publish","type":"product","link":"https:\/\/lamaktaba.fr\/index.php\/produit\/lart-detre-parent-en-occident-une-perspective-islamique-de-dr-ekram-et-dr-mohamed-rida-beshir","title":{"rendered":"L&rsquo;Art d&rsquo;\u00eatre parent en Occident: Une perspective islamique, de Dr Ekram et Dr Mohamed Rida Beshir"},"content":{"rendered":"<p>L&rsquo;Art d&rsquo;\u00eatre parent en Occident: Une perspective islamique, de Dr Ekram et Dr Mohamed Rida Beshir, Pr\u00e9face de Tariq Ramadan;L\u2019int\u00e9r\u00eat du travail fondamental de Ekram et Mohamed Rida Beshir est de traduire la complexit\u00e9 en simplicit\u00e9 et d\u2019offrir un cadre clair et des mises en pratique tr\u00e8s accessibles. Il s\u2019agit d\u2019un livre \u00e0 l\u2019usage de tous. C\u2019est l\u2019int\u00e9r\u00eat de cet ouvrage qui se pr\u00e9sente comme un manuel: au-del\u00e0 de la d\u00e9marche et du cadre \u00e9ducatif commun, il est des chemins qui permettent aux parents d\u2019adapter l\u2019approche, de rester flexible s et ouverts tout en respectant les principes et l\u2019\u00e9thique islamiques. Une r\u00e9flexion et des exercices pratiques tout \u00e0 fait adapt\u00e9s \u00e0 la vie en Occident et qui aideront le public francophone \u00e0 trouver de nouvelles voies. C\u2019est un apport cons\u00e9quent dont de nombreux lecteurs tireront des enseignements extr\u00eamement utiles.;Tariq Ramadan;\u00c0 propos des auteurs: Dr Ekram et Dr Mohamed Rida Beshir;Dr Ekram Beshir est m\u00e9decin de profession avec une sp\u00e9cialisation en psychologie pour enfants. Elle a fond\u00e9 les \u00e9coles islamiques Abraar et Rahma et en a \u00e9t\u00e9 la directrice, toutes deux sont \u00e0 Ottawa au Canada. Parmi 7 000 employ\u00e9s du conseil, elle a \u00e9t\u00e9 choisie r\u00e9cipiendaire de la Citation du Directeur du Conseil scolaire de la r\u00e9gion d&rsquo; Ottawa-Carleton \u00e0 titre de distinction honorifique pour l&rsquo;ann\u00e9e 2000 gr\u00e2ce \u00e0 sa contribution dans le domaine de l&rsquo;\u00e9ducation. Elle est tr\u00e8s active dans la communaut\u00e9 musulmane d&rsquo;Ottawa o\u00f9 elle participe aux cercles d&rsquo;\u00e9tudes, aux camps pour enfants et pour adolescents, aux programmes pour femmes et au counselling matrimonial. Elle a beaucoup voyag\u00e9 dans diff\u00e9rents pays du monde pour pr\u00e9senter des ateliers sur le r\u00f4le parental. Elle a \u00e9galement r\u00e9dig\u00e9 d&rsquo;autres livres sur l&rsquo;enseignement de l&rsquo;arabe aux enfants musulmans qui vivent dans des pays non-arabophones.;Dr Mohamed Rida Beshir est ing\u00e9nieur de profession avec plus de 30 ans d&rsquo;exp\u00e9rience dans le travail reli\u00e9 \u00e0 la da&rsquo;wa (invitation \u00e0 l&rsquo;islam) en Am\u00e9rique du Nord. Il a occup\u00e9 diff\u00e9rents postes dans la MSA (Muslim Students Association), l&rsquo; ISNA (Islamic Society of North America) et la MAS (Muslim American Society), tant au niveau national que r\u00e9gional. Il est membre du d\u00e9partement qui s&rsquo;occupe de la formation et du perfectionnement de la MAS. Il donne des conf\u00e9rences r\u00e9guli\u00e8rement aux congr\u00e8s de l&rsquo; ISNA, l&rsquo; ICNA (Islamic Circle of North America), la MSA et la MAS. Il \u00e9labore et dirige activement des programmes de formation pour les diff\u00e9rentes communaut\u00e9s musulmanes du monde entier.;R\u00e9f\u00e9rence 9782909469720;Fiche technique AUTEUR: &#8211; Dr Ekram et Dr Mohamed Rida Beshir LANGUE: -.Fran\u00e7ais ANNEE: &#8211; 2012 SUPPORT: &#8211; Livre THEME: &#8211; \u00c9ducation des enfants, Guide des parents \u00c9DITIONS: &#8211; Al Qalam Condition: &#8211; Neuf Nombre de Pages: &#8211; 238 FORMAT (CM): 15.5 x 23.8 cm Poids (kg): &#8211; 0.452 kg EAN13: &#8211; 9782909469720 RELIURE: &#8211; Rigide;R\u00e9f\u00e9rences sp\u00e9cifiques;Donnez votre avis;Aucun commentaire pour le moment<\/p>\n","protected":false},"excerpt":{"rendered":"<p>L&rsquo;Art d&rsquo;\u00eatre parent en Occident: Une perspective islamique, de Dr Ekram et Dr Mohamed Rida Beshir, Pr\u00e9face de Tariq Ramadan;L\u2019int\u00e9r\u00eat du travail fondamental de Ekram et Mohamed Rida Beshir est de traduire la complexit\u00e9 en simplicit\u00e9 et d\u2019offrir un cadre clair et des mises en pratique tr\u00e8s accessibles. Il s\u2019agit d\u2019un livre \u00e0 l\u2019usage de tous. C\u2019est l\u2019int\u00e9r\u00eat de cet ouvrage qui se pr\u00e9sente comme un manuel: au-del\u00e0 de la d\u00e9marche et du cadre \u00e9ducatif commun, il est des chemins qui permettent aux parents d\u2019adapter l\u2019approche, de rester flexible s et ouverts tout en respectant les principes et l\u2019\u00e9thique islamiques. Une r\u00e9flexion et des exercices pratiques tout \u00e0 fait adapt\u00e9s \u00e0 la vie en Occident et qui aideront le public francophone \u00e0 trouver de nouvelles voies. C\u2019est un apport cons\u00e9quent dont de nombreux lecteurs tireront des enseignements extr\u00eamement utiles.;Tariq Ramadan;\u00c0 propos des auteurs: Dr Ekram et Dr Mohamed Rida Beshir;Dr Ekram Beshir est m\u00e9decin de profession avec une sp\u00e9cialisation en psychologie pour enfants. Elle a fond\u00e9 les \u00e9coles islamiques Abraar et Rahma et en a \u00e9t\u00e9 la directrice, toutes deux sont \u00e0 Ottawa au Canada. Parmi 7 000 employ\u00e9s du conseil, elle a \u00e9t\u00e9 choisie r\u00e9cipiendaire de la Citation du Directeur du Conseil scolaire de la r\u00e9gion d&rsquo; Ottawa-Carleton \u00e0 titre de distinction honorifique pour l&rsquo;ann\u00e9e 2000 gr\u00e2ce \u00e0 sa contribution dans le domaine de l&rsquo;\u00e9ducation. Elle est tr\u00e8s active dans la communaut\u00e9 musulmane d&rsquo;Ottawa o\u00f9 elle participe aux cercles d&rsquo;\u00e9tudes, aux camps pour enfants et pour adolescents, aux programmes pour femmes et au counselling matrimonial. Elle a beaucoup voyag\u00e9 dans diff\u00e9rents pays du monde pour pr\u00e9senter des ateliers sur le r\u00f4le parental. Elle a \u00e9galement r\u00e9dig\u00e9 d&rsquo;autres livres sur l&rsquo;enseignement de l&rsquo;arabe aux enfants musulmans qui vivent dans des pays non-arabophones.;Dr Mohamed Rida Beshir est ing\u00e9nieur de profession avec plus de 30 ans d&rsquo;exp\u00e9rience dans le travail reli\u00e9 \u00e0 la da&rsquo;wa (invitation \u00e0 l&rsquo;islam) en Am\u00e9rique du Nord. Il a occup\u00e9 diff\u00e9rents postes dans la MSA (Muslim Students Association), l&rsquo; ISNA (Islamic Society of North America) et la MAS (Muslim American Society), tant au niveau national que r\u00e9gional. Il est membre du d\u00e9partement qui s&rsquo;occupe de la formation et du perfectionnement de la MAS. Il donne des conf\u00e9rences r\u00e9guli\u00e8rement aux congr\u00e8s de l&rsquo; ISNA, l&rsquo; ICNA (Islamic Circle of North America), la MSA et la MAS. Il \u00e9labore et dirige activement des programmes de formation pour les diff\u00e9rentes communaut\u00e9s musulmanes du monde entier.;R\u00e9f\u00e9rence 9782909469720;Fiche technique AUTEUR: &#8211; Dr Ekram et Dr Mohamed Rida Beshir LANGUE: -.Fran\u00e7ais ANNEE: &#8211; 2012 SUPPORT: &#8211; Livre THEME: &#8211; \u00c9ducation des enfants, Guide des parents \u00c9DITIONS: &#8211; Al Qalam Condition: &#8211; Neuf Nombre de Pages: &#8211; 238 FORMAT (CM): 15.5 x 23.8 cm Poids (kg): &#8211; 0.452 kg EAN13: &#8211; 9782909469720 RELIURE: &#8211; Rigide;R\u00e9f\u00e9rences sp\u00e9cifiques;Donnez votre avis;Aucun commentaire pour le moment<\/p>\n","protected":false},"featured_media":37477,"comment_status":"open","ping_status":"closed","template":"","meta":[],"product_brand":[],"product_cat":[15],"product_tag":[],"class_list":{"0":"post-37476","1":"product","2":"type-product","3":"status-publish","4":"has-post-thumbnail","6":"product_cat-non-classe","8":"first","9":"outofstock","10":"shipping-taxable","11":"purchasable","12":"product-type-simple"},"_links":{"self":[{"href":"https:\/\/lamaktaba.fr\/index.php\/wp-json\/wp\/v2\/product\/37476","targetHints":{"allow":["GET"]}}],"collection":[{"href":"https:\/\/lamaktaba.fr\/index.php\/wp-json\/wp\/v2\/product"}],"about":[{"href":"https:\/\/lamaktaba.fr\/index.php\/wp-json\/wp\/v2\/types\/product"}],"replies":[{"embeddable":true,"href":"https:\/\/lamaktaba.fr\/index.php\/wp-json\/wp\/v2\/comments?post=37476"}],"wp:featuredmedia":[{"embeddable":true,"href":"https:\/\/lamaktaba.fr\/index.php\/wp-json\/wp\/v2\/media\/37477"}],"wp:attachment":[{"href":"https:\/\/lamaktaba.fr\/index.php\/wp-json\/wp\/v2\/media?parent=37476"}],"wp:term":[{"taxonomy":"product_brand","embeddable":true,"href":"https:\/\/lamaktaba.fr\/index.php\/wp-json\/wp\/v2\/product_brand?post=37476"},{"taxonomy":"product_cat","embeddable":true,"href":"https:\/\/lamaktaba.fr\/index.php\/wp-json\/wp\/v2\/product_cat?post=37476"},{"taxonomy":"product_tag","embeddable":true,"href":"https:\/\/lamaktaba.fr\/index.php\/wp-json\/wp\/v2\/product_tag?post=37476"}],"curies":[{"name":"wp","href":"https:\/\/api.w.org\/{rel}","templated":true}]}}